{"id":48,"date":"2022-01-11T18:06:35","date_gmt":"2022-01-11T21:06:35","guid":{"rendered":"http:\/\/localhost\/secovipr-site\/?page_id=48"},"modified":"2022-05-16T11:53:19","modified_gmt":"2022-05-16T14:53:19","slug":"galeria-fotos","status":"publish","type":"page","link":"https:\/\/secovimed-pr.com.br\/maringa\/galeria-fotos\/","title":{"rendered":"Galeria Fotos"},"content":{"rendered":"\n<div class=\"wp-container-4 wp-block-columns\">\n<div class=\"wp-container-1 wp-block-column\">\n<figure class=\"wp-block-image size-full\"><a href=\"https:\/\/maringa.secovimed-pr.com.br\/galeria-fotos\/semana-interna-prevencao-acidentes-2016\/\"><img loading=\"lazy\" width=\"960\" height=\"720\" src=\"https:\/\/maringa.secovimed-pr.com.br\/wp-content\/uploads\/sites\/5\/2022\/05\/5382-2.jpg\" alt=\"\" class=\"wp-image-800\" srcset=\"https:\/\/secovimed-pr.com.br\/maringa\/wp-content\/uploads\/sites\/5\/2022\/05\/5382-2.jpg 960w, https:\/\/secovimed-pr.com.br\/maringa\/wp-content\/uploads\/sites\/5\/2022\/05\/5382-2-300x225.jpg 300w, https:\/\/secovimed-pr.com.br\/maringa\/wp-content\/uploads\/sites\/5\/2022\/05\/5382-2-768x576.jpg 768w\" sizes=\"(max-width: 960px) 100vw, 960px\" \/><\/a><figcaption><strong>Semana Interna de Preven\u00e7\u00e3o de Acidentes 2016<\/strong><\/figcaption><\/figure>\n<\/div>\n\n\n\n<div class=\"wp-container-2 wp-block-column\">\n<figure class=\"wp-block-image size-large is-resized\"><a href=\"https:\/\/maringa.secovimed-pr.com.br\/galeria-fotos\/treinamento-para-revisao-da-documentacao-da-qualidade\/\"><img loading=\"lazy\" src=\"https:\/\/maringa.secovimed-pr.com.br\/wp-content\/uploads\/sites\/5\/2022\/05\/4683-1024x768.jpg\" alt=\"\" class=\"wp-image-582\" width=\"256\" height=\"192\" srcset=\"https:\/\/secovimed-pr.com.br\/maringa\/wp-content\/uploads\/sites\/5\/2022\/05\/4683-1024x768.jpg 1024w, https:\/\/secovimed-pr.com.br\/maringa\/wp-content\/uploads\/sites\/5\/2022\/05\/4683-300x225.jpg 300w, https:\/\/secovimed-pr.com.br\/maringa\/wp-content\/uploads\/sites\/5\/2022\/05\/4683-768x576.jpg 768w, https:\/\/secovimed-pr.com.br\/maringa\/wp-content\/uploads\/sites\/5\/2022\/05\/4683.jpg 1280w\" sizes=\"(max-width: 256px) 100vw, 256px\" \/><\/a><figcaption><strong>Treinamento para Revis\u00e3o da Documenta\u00e7\u00e3o da Qualidade NBR ISO9001:2015<\/strong><\/figcaption><\/figure>\n<\/div>\n\n\n\n<div class=\"wp-container-3 wp-block-column\">\n<figure class=\"wp-block-image size-large\"><a href=\"https:\/\/maringa.secovimed-pr.com.br\/galeria-fotos\/otimizando-o-uso-clinico-de-sistemas-adesivos-e-resinas-compostas\/\"><img loading=\"lazy\" width=\"1024\" height=\"576\" src=\"https:\/\/maringa.secovimed-pr.com.br\/wp-content\/uploads\/sites\/5\/2022\/05\/4699-1024x576.jpg\" alt=\"\" class=\"wp-image-569\" srcset=\"https:\/\/secovimed-pr.com.br\/maringa\/wp-content\/uploads\/sites\/5\/2022\/05\/4699-1024x576.jpg 1024w, https:\/\/secovimed-pr.com.br\/maringa\/wp-content\/uploads\/sites\/5\/2022\/05\/4699-300x169.jpg 300w, https:\/\/secovimed-pr.com.br\/maringa\/wp-content\/uploads\/sites\/5\/2022\/05\/4699-768x432.jpg 768w, https:\/\/secovimed-pr.com.br\/maringa\/wp-content\/uploads\/sites\/5\/2022\/05\/4699.jpg 1328w\" sizes=\"(max-width: 1024px) 100vw, 1024px\" \/><\/a><figcaption><strong>Otimizando o Uso Clinico de Sistemas Adesivos e Resinas Compostas<\/strong><\/figcaption><\/figure>\n<\/div>\n<\/div>\n\n\n\n<div class=\"wp-container-8 wp-block-columns\">\n<div class=\"wp-container-5 wp-block-column\">\n<figure class=\"wp-block-image size-large\"><a href=\"https:\/\/maringa.secovimed-pr.com.br\/galeria-fotos\/semana-interna-prevencao-acidentes-2016-3\/\"><img loading=\"lazy\" width=\"1024\" height=\"614\" src=\"https:\/\/maringa.secovimed-pr.com.br\/wp-content\/uploads\/sites\/5\/2022\/05\/3700-1024x614.jpg\" alt=\"\" class=\"wp-image-561\" srcset=\"https:\/\/secovimed-pr.com.br\/maringa\/wp-content\/uploads\/sites\/5\/2022\/05\/3700-1024x614.jpg 1024w, https:\/\/secovimed-pr.com.br\/maringa\/wp-content\/uploads\/sites\/5\/2022\/05\/3700-300x180.jpg 300w, https:\/\/secovimed-pr.com.br\/maringa\/wp-content\/uploads\/sites\/5\/2022\/05\/3700-768x461.jpg 768w, https:\/\/secovimed-pr.com.br\/maringa\/wp-content\/uploads\/sites\/5\/2022\/05\/3700-1536x921.jpg 1536w, https:\/\/secovimed-pr.com.br\/maringa\/wp-content\/uploads\/sites\/5\/2022\/05\/3700.jpg 2048w\" sizes=\"(max-width: 1024px) 100vw, 1024px\" \/><\/a><figcaption><strong>Reuni\u00e3o \u00c1rea M\u00e9dica ISO 9001\/2015<\/strong><\/figcaption><\/figure>\n<\/div>\n\n\n\n<div class=\"wp-container-6 wp-block-column\">\n<figure class=\"wp-block-image size-large\"><a href=\"https:\/\/maringa.secovimed-pr.com.br\/galeria-fotos\/curso-de-auditor\/\"><img loading=\"lazy\" width=\"1024\" height=\"576\" src=\"https:\/\/maringa.secovimed-pr.com.br\/wp-content\/uploads\/sites\/5\/2022\/05\/3548-1024x576.jpg\" alt=\"\" class=\"wp-image-534\" srcset=\"https:\/\/secovimed-pr.com.br\/maringa\/wp-content\/uploads\/sites\/5\/2022\/05\/3548-1024x576.jpg 1024w, https:\/\/secovimed-pr.com.br\/maringa\/wp-content\/uploads\/sites\/5\/2022\/05\/3548-300x169.jpg 300w, https:\/\/secovimed-pr.com.br\/maringa\/wp-content\/uploads\/sites\/5\/2022\/05\/3548-768x432.jpg 768w, https:\/\/secovimed-pr.com.br\/maringa\/wp-content\/uploads\/sites\/5\/2022\/05\/3548.jpg 1328w\" sizes=\"(max-width: 1024px) 100vw, 1024px\" \/><\/a><figcaption><strong>CURSO DE AUDITOR NBR ISO 9001-2015<\/strong><\/figcaption><\/figure>\n<\/div>\n\n\n\n<div class=\"wp-container-7 wp-block-column\">\n<figure class=\"wp-block-image size-large\"><a href=\"https:\/\/maringa.secovimed-pr.com.br\/galeria-fotos\/semana-interna-prevencao-acidentes-2016-2\/\"><img loading=\"lazy\" width=\"1024\" height=\"576\" src=\"https:\/\/maringa.secovimed-pr.com.br\/wp-content\/uploads\/sites\/5\/2022\/05\/3431-1024x576.jpg\" alt=\"\" class=\"wp-image-490\" srcset=\"https:\/\/secovimed-pr.com.br\/maringa\/wp-content\/uploads\/sites\/5\/2022\/05\/3431-1024x576.jpg 1024w, https:\/\/secovimed-pr.com.br\/maringa\/wp-content\/uploads\/sites\/5\/2022\/05\/3431-300x169.jpg 300w, https:\/\/secovimed-pr.com.br\/maringa\/wp-content\/uploads\/sites\/5\/2022\/05\/3431-768x432.jpg 768w, https:\/\/secovimed-pr.com.br\/maringa\/wp-content\/uploads\/sites\/5\/2022\/05\/3431-1536x864.jpg 1536w, https:\/\/secovimed-pr.com.br\/maringa\/wp-content\/uploads\/sites\/5\/2022\/05\/3431.jpg 2048w\" sizes=\"(max-width: 1024px) 100vw, 1024px\" \/><\/a><figcaption><strong>Treinamento de Interpreta\u00e7\u00e3o da NBR ISO 9001-2015<\/strong><\/figcaption><\/figure>\n<\/div>\n<\/div>\n\n\n\n<div class=\"wp-container-12 wp-block-columns\">\n<div class=\"wp-container-9 wp-block-column\">\n<figure class=\"wp-block-image size-large\"><a href=\"https:\/\/maringa.secovimed-pr.com.br\/galeria-fotos\/semana-interna-prevencao-acidentes-2016-5\/\"><img loading=\"lazy\" width=\"1024\" height=\"576\" src=\"https:\/\/maringa.secovimed-pr.com.br\/wp-content\/uploads\/sites\/5\/2022\/05\/3467-1024x576.jpg\" alt=\"\" class=\"wp-image-525\" srcset=\"https:\/\/secovimed-pr.com.br\/maringa\/wp-content\/uploads\/sites\/5\/2022\/05\/3467-1024x576.jpg 1024w, https:\/\/secovimed-pr.com.br\/maringa\/wp-content\/uploads\/sites\/5\/2022\/05\/3467-300x169.jpg 300w, https:\/\/secovimed-pr.com.br\/maringa\/wp-content\/uploads\/sites\/5\/2022\/05\/3467-768x432.jpg 768w, https:\/\/secovimed-pr.com.br\/maringa\/wp-content\/uploads\/sites\/5\/2022\/05\/3467-1536x864.jpg 1536w, https:\/\/secovimed-pr.com.br\/maringa\/wp-content\/uploads\/sites\/5\/2022\/05\/3467.jpg 2048w\" sizes=\"(max-width: 1024px) 100vw, 1024px\" \/><\/a><figcaption><strong>Treinamento de Interpreta\u00e7\u00e3o da NBR ISO 9001-2015<\/strong><\/figcaption><\/figure>\n<\/div>\n\n\n\n<div class=\"wp-container-10 wp-block-column\">\n<figure class=\"wp-block-image size-large\"><img loading=\"lazy\" width=\"1024\" height=\"576\" src=\"https:\/\/maringa.secovimed-pr.com.br\/wp-content\/uploads\/sites\/5\/2022\/05\/3469-1024x576.jpg\" alt=\"\" class=\"wp-image-485\" srcset=\"https:\/\/secovimed-pr.com.br\/maringa\/wp-content\/uploads\/sites\/5\/2022\/05\/3469-1024x576.jpg 1024w, https:\/\/secovimed-pr.com.br\/maringa\/wp-content\/uploads\/sites\/5\/2022\/05\/3469-300x169.jpg 300w, https:\/\/secovimed-pr.com.br\/maringa\/wp-content\/uploads\/sites\/5\/2022\/05\/3469-768x432.jpg 768w, https:\/\/secovimed-pr.com.br\/maringa\/wp-content\/uploads\/sites\/5\/2022\/05\/3469-1536x864.jpg 1536w, https:\/\/secovimed-pr.com.br\/maringa\/wp-content\/uploads\/sites\/5\/2022\/05\/3469.jpg 2048w\" sizes=\"(max-width: 1024px) 100vw, 1024px\" \/><figcaption><strong>Treinamento Tratamento de N\u00e3o Conformidades Sistema &#8211; Qualiex<\/strong><\/figcaption><\/figure>\n<\/div>\n\n\n\n<div class=\"wp-container-11 wp-block-column\">\n<figure class=\"wp-block-image size-full\"><a href=\"https:\/\/maringa.secovimed-pr.com.br\/galeria-fotos\/semana-interna-prevencao-acidentes-2016-6\/\"><img loading=\"lazy\" width=\"626\" height=\"453\" src=\"https:\/\/maringa.secovimed-pr.com.br\/wp-content\/uploads\/sites\/5\/2022\/05\/601.jpg\" alt=\"\" class=\"wp-image-553\" srcset=\"https:\/\/secovimed-pr.com.br\/maringa\/wp-content\/uploads\/sites\/5\/2022\/05\/601.jpg 626w, https:\/\/secovimed-pr.com.br\/maringa\/wp-content\/uploads\/sites\/5\/2022\/05\/601-300x217.jpg 300w\" sizes=\"(max-width: 626px) 100vw, 626px\" \/><\/a><figcaption><strong>Treinamento ISO 9001-2000 &#8211; 2007<\/strong><\/figcaption><\/figure>\n<\/div>\n<\/div>\n\n\n\n<p><\/p>\n","protected":false},"excerpt":{"rendered":"","protected":false},"author":1,"featured_media":0,"parent":0,"menu_order":0,"comment_status":"closed","ping_status":"closed","template":"","meta":[],"acf":[],"yoast_head":"<!-- This site is optimized with the Yoast SEO plugin v17.9 - https:\/\/yoast.com\/wordpress\/plugins\/seo\/ -->\n<title>Galeria Fotos - SecoviMed - Maring\u00e1<\/title>\n<meta name=\"robots\" content=\"noindex, follow, max-snippet:-1, max-image-preview:large, max-video-preview:-1\" \/>\n<meta property=\"og:locale\" content=\"pt_BR\" \/>\n<meta property=\"og:type\" content=\"article\" \/>\n<meta property=\"og:title\" content=\"Galeria Fotos - SecoviMed - Maring\u00e1\" \/>\n<meta property=\"og:url\" content=\"https:\/\/secovimed-pr.com.br\/maringa\/galeria-fotos\/\" \/>\n<meta property=\"og:site_name\" content=\"SecoviMed - Maring\u00e1\" \/>\n<meta property=\"article:modified_time\" content=\"2022-05-16T14:53:19+00:00\" \/>\n<meta property=\"og:image\" content=\"https:\/\/maringa.secovimed-pr.com.br\/wp-content\/uploads\/sites\/5\/2022\/05\/5382-2.jpg\" \/>\n<meta name=\"twitter:card\" content=\"summary_large_image\" \/>\n<meta name=\"twitter:label1\" content=\"Est. tempo de leitura\" \/>\n\t<meta name=\"twitter:data1\" content=\"3 minutos\" \/>\n<script type=\"application\/ld+json\" class=\"yoast-schema-graph\">{\"@context\":\"https:\/\/schema.org\",\"@graph\":[{\"@type\":\"WebSite\",\"@id\":\"https:\/\/secovimed-pr.com.br\/maringa\/#website\",\"url\":\"https:\/\/secovimed-pr.com.br\/maringa\/\",\"name\":\"SecoviMed - Maring\\u00e1\",\"description\":\"Servi\\u00e7o Social da Habita\\u00e7\\u00e3o\",\"potentialAction\":[{\"@type\":\"SearchAction\",\"target\":{\"@type\":\"EntryPoint\",\"urlTemplate\":\"https:\/\/secovimed-pr.com.br\/maringa\/?s={search_term_string}\"},\"query-input\":\"required name=search_term_string\"}],\"inLanguage\":\"pt-BR\"},{\"@type\":\"ImageObject\",\"@id\":\"https:\/\/secovimed-pr.com.br\/maringa\/galeria-fotos\/#primaryimage\",\"inLanguage\":\"pt-BR\",\"url\":\"https:\/\/maringa.secovimed-pr.com.br\/wp-content\/uploads\/sites\/5\/2022\/05\/5382-2.jpg\",\"contentUrl\":\"https:\/\/maringa.secovimed-pr.com.br\/wp-content\/uploads\/sites\/5\/2022\/05\/5382-2.jpg\"},{\"@type\":\"WebPage\",\"@id\":\"https:\/\/secovimed-pr.com.br\/maringa\/galeria-fotos\/#webpage\",\"url\":\"https:\/\/secovimed-pr.com.br\/maringa\/galeria-fotos\/\",\"name\":\"Galeria Fotos - SecoviMed - Maring\\u00e1\",\"isPartOf\":{\"@id\":\"https:\/\/secovimed-pr.com.br\/maringa\/#website\"},\"primaryImageOfPage\":{\"@id\":\"https:\/\/secovimed-pr.com.br\/maringa\/galeria-fotos\/#primaryimage\"},\"datePublished\":\"2022-01-11T21:06:35+00:00\",\"dateModified\":\"2022-05-16T14:53:19+00:00\",\"breadcrumb\":{\"@id\":\"https:\/\/secovimed-pr.com.br\/maringa\/galeria-fotos\/#breadcrumb\"},\"inLanguage\":\"pt-BR\",\"potentialAction\":[{\"@type\":\"ReadAction\",\"target\":[\"https:\/\/secovimed-pr.com.br\/maringa\/galeria-fotos\/\"]}]},{\"@type\":\"BreadcrumbList\",\"@id\":\"https:\/\/secovimed-pr.com.br\/maringa\/galeria-fotos\/#breadcrumb\",\"itemListElement\":[{\"@type\":\"ListItem\",\"position\":1,\"name\":\"In\\u00edcio\",\"item\":\"https:\/\/secovimed-pr.com.br\/maringa\/\"},{\"@type\":\"ListItem\",\"position\":2,\"name\":\"Galeria Fotos\"}]}]}<\/script>\n<!-- \/ Yoast SEO plugin. -->","yoast_head_json":{"title":"Galeria Fotos - SecoviMed - Maring\u00e1","robots":{"index":"noindex","follow":"follow","max-snippet":"max-snippet:-1","max-image-preview":"max-image-preview:large","max-video-preview":"max-video-preview:-1"},"og_locale":"pt_BR","og_type":"article","og_title":"Galeria Fotos - SecoviMed - Maring\u00e1","og_url":"https:\/\/secovimed-pr.com.br\/maringa\/galeria-fotos\/","og_site_name":"SecoviMed - Maring\u00e1","article_modified_time":"2022-05-16T14:53:19+00:00","og_image":[{"url":"https:\/\/maringa.secovimed-pr.com.br\/wp-content\/uploads\/sites\/5\/2022\/05\/5382-2.jpg"}],"twitter_card":"summary_large_image","twitter_misc":{"Est. tempo de leitura":"3 minutos"},"schema":{"@context":"https:\/\/schema.org","@graph":[{"@type":"WebSite","@id":"https:\/\/secovimed-pr.com.br\/maringa\/#website","url":"https:\/\/secovimed-pr.com.br\/maringa\/","name":"SecoviMed - Maring\u00e1","description":"Servi\u00e7o Social da Habita\u00e7\u00e3o","potentialAction":[{"@type":"SearchAction","target":{"@type":"EntryPoint","urlTemplate":"https:\/\/secovimed-pr.com.br\/maringa\/?s={search_term_string}"},"query-input":"required name=search_term_string"}],"inLanguage":"pt-BR"},{"@type":"ImageObject","@id":"https:\/\/secovimed-pr.com.br\/maringa\/galeria-fotos\/#primaryimage","inLanguage":"pt-BR","url":"https:\/\/maringa.secovimed-pr.com.br\/wp-content\/uploads\/sites\/5\/2022\/05\/5382-2.jpg","contentUrl":"https:\/\/maringa.secovimed-pr.com.br\/wp-content\/uploads\/sites\/5\/2022\/05\/5382-2.jpg"},{"@type":"WebPage","@id":"https:\/\/secovimed-pr.com.br\/maringa\/galeria-fotos\/#webpage","url":"https:\/\/secovimed-pr.com.br\/maringa\/galeria-fotos\/","name":"Galeria Fotos - SecoviMed - Maring\u00e1","isPartOf":{"@id":"https:\/\/secovimed-pr.com.br\/maringa\/#website"},"primaryImageOfPage":{"@id":"https:\/\/secovimed-pr.com.br\/maringa\/galeria-fotos\/#primaryimage"},"datePublished":"2022-01-11T21:06:35+00:00","dateModified":"2022-05-16T14:53:19+00:00","breadcrumb":{"@id":"https:\/\/secovimed-pr.com.br\/maringa\/galeria-fotos\/#breadcrumb"},"inLanguage":"pt-BR","potentialAction":[{"@type":"ReadAction","target":["https:\/\/secovimed-pr.com.br\/maringa\/galeria-fotos\/"]}]},{"@type":"BreadcrumbList","@id":"https:\/\/secovimed-pr.com.br\/maringa\/galeria-fotos\/#breadcrumb","itemListElement":[{"@type":"ListItem","position":1,"name":"In\u00edcio","item":"https:\/\/secovimed-pr.com.br\/maringa\/"},{"@type":"ListItem","position":2,"name":"Galeria Fotos"}]}]}},"_links":{"self":[{"href":"https:\/\/secovimed-pr.com.br\/maringa\/wp-json\/wp\/v2\/pages\/48"}],"collection":[{"href":"https:\/\/secovimed-pr.com.br\/maringa\/wp-json\/wp\/v2\/pages"}],"about":[{"href":"https:\/\/secovimed-pr.com.br\/maringa\/wp-json\/wp\/v2\/types\/page"}],"author":[{"embeddable":true,"href":"https:\/\/secovimed-pr.com.br\/maringa\/wp-json\/wp\/v2\/users\/1"}],"replies":[{"embeddable":true,"href":"https:\/\/secovimed-pr.com.br\/maringa\/wp-json\/wp\/v2\/comments?post=48"}],"version-history":[{"count":11,"href":"https:\/\/secovimed-pr.com.br\/maringa\/wp-json\/wp\/v2\/pages\/48\/revisions"}],"predecessor-version":[{"id":820,"href":"https:\/\/secovimed-pr.com.br\/maringa\/wp-json\/wp\/v2\/pages\/48\/revisions\/820"}],"wp:attachment":[{"href":"https:\/\/secovimed-pr.com.br\/maringa\/wp-json\/wp\/v2\/media?parent=48"}],"curies":[{"name":"wp","href":"https:\/\/api.w.org\/{rel}","templated":true}]}}