{"id":350,"date":"2022-05-11T17:08:03","date_gmt":"2022-05-11T20:08:03","guid":{"rendered":"https:\/\/maringa.secovimed-pr.com.br\/?page_id=350"},"modified":"2022-05-11T17:08:03","modified_gmt":"2022-05-11T20:08:03","slug":"procedimento-de-inclusao-de-funcionarios","status":"publish","type":"page","link":"https:\/\/secovimed-pr.com.br\/maringa\/procedimento-de-inclusao-de-funcionarios\/","title":{"rendered":"Procedimento de inclus\u00e3o de funcion\u00e1rios"},"content":{"rendered":"\n<p>Para realizar a inclus\u00e3o de funcion\u00e1rios, existem 2 possibilidades:<\/p>\n\n\n\n<p>1-Basta o administrador\/s\u00edndico encaminhar a ficha de registro do funcion\u00e1rio,&nbsp;<strong>COM O CNPJ da Empresa<\/strong>&nbsp; para o e-mail&nbsp;<a href=\"https:\/\/web.archive.org\/web\/20200704204101\/mailto:cadastro@maringa.secovimed-pr.com.br\">cadastro@maringa.secovimed-pr.com.br<\/a><\/p>\n\n\n\n<p>2- Solicitar que o funcion\u00e1rio compare\u00e7a ao Secovimed portando, carteira de trabalho com o devido registro na empresa, RG, CPF e comprovante de residencia.<\/p>\n\n\n\n<p>A partir da efetiva\u00e7\u00e3o do cadastro, o funcion\u00e1rio estar\u00e1 apto a utilizar todos os servi\u00e7os dispon\u00edveis no Secovimed.<\/p>\n","protected":false},"excerpt":{"rendered":"<p>Para realizar a inclus\u00e3o de funcion\u00e1rios, existem 2 possibilidades: 1-Basta o administrador\/s\u00edndico encaminhar a ficha de registro do funcion\u00e1rio,&nbsp;COM O CNPJ da Empresa&nbsp; para o e-mail&nbsp;cadastro@maringa.secovimed-pr.com.br 2- Solicitar que o funcion\u00e1rio compare\u00e7a ao Secovimed portando, carteira de trabalho com o devido registro na empresa, RG, CPF e comprovante de residencia. A partir da efetiva\u00e7\u00e3o do [&hellip;]<\/p>\n","protected":false},"author":1,"featured_media":0,"parent":0,"menu_order":0,"comment_status":"closed","ping_status":"closed","template":"","meta":[],"acf":[],"yoast_head":"<!-- This site is optimized with the Yoast SEO plugin v17.9 - https:\/\/yoast.com\/wordpress\/plugins\/seo\/ -->\n<title>Procedimento de inclus\u00e3o de funcion\u00e1rios - SecoviMed - Maring\u00e1<\/title>\n<meta name=\"robots\" content=\"noindex, follow, max-snippet:-1, max-image-preview:large, max-video-preview:-1\" \/>\n<meta property=\"og:locale\" content=\"pt_BR\" \/>\n<meta property=\"og:type\" content=\"article\" \/>\n<meta property=\"og:title\" content=\"Procedimento de inclus\u00e3o de funcion\u00e1rios - SecoviMed - Maring\u00e1\" \/>\n<meta property=\"og:description\" content=\"Para realizar a inclus\u00e3o de funcion\u00e1rios, existem 2 possibilidades: 1-Basta o administrador\/s\u00edndico encaminhar a ficha de registro do funcion\u00e1rio,&nbsp;COM O CNPJ da Empresa&nbsp; para o e-mail&nbsp;cadastro@maringa.secovimed-pr.com.br 2- Solicitar que o funcion\u00e1rio compare\u00e7a ao Secovimed portando, carteira de trabalho com o devido registro na empresa, RG, CPF e comprovante de residencia. A partir da efetiva\u00e7\u00e3o do [&hellip;]\" \/>\n<meta property=\"og:url\" content=\"https:\/\/secovimed-pr.com.br\/maringa\/procedimento-de-inclusao-de-funcionarios\/\" \/>\n<meta property=\"og:site_name\" content=\"SecoviMed - Maring\u00e1\" \/>\n<meta name=\"twitter:card\" content=\"summary_large_image\" \/>\n<meta name=\"twitter:label1\" content=\"Est. tempo de leitura\" \/>\n\t<meta name=\"twitter:data1\" content=\"1 minuto\" \/>\n<script type=\"application\/ld+json\" class=\"yoast-schema-graph\">{\"@context\":\"https:\/\/schema.org\",\"@graph\":[{\"@type\":\"WebSite\",\"@id\":\"https:\/\/secovimed-pr.com.br\/maringa\/#website\",\"url\":\"https:\/\/secovimed-pr.com.br\/maringa\/\",\"name\":\"SecoviMed - Maring\\u00e1\",\"description\":\"Servi\\u00e7o Social da Habita\\u00e7\\u00e3o\",\"potentialAction\":[{\"@type\":\"SearchAction\",\"target\":{\"@type\":\"EntryPoint\",\"urlTemplate\":\"https:\/\/secovimed-pr.com.br\/maringa\/?s={search_term_string}\"},\"query-input\":\"required name=search_term_string\"}],\"inLanguage\":\"pt-BR\"},{\"@type\":\"WebPage\",\"@id\":\"https:\/\/secovimed-pr.com.br\/maringa\/procedimento-de-inclusao-de-funcionarios\/#webpage\",\"url\":\"https:\/\/secovimed-pr.com.br\/maringa\/procedimento-de-inclusao-de-funcionarios\/\",\"name\":\"Procedimento de inclus\\u00e3o de funcion\\u00e1rios - SecoviMed - Maring\\u00e1\",\"isPartOf\":{\"@id\":\"https:\/\/secovimed-pr.com.br\/maringa\/#website\"},\"datePublished\":\"2022-05-11T20:08:03+00:00\",\"dateModified\":\"2022-05-11T20:08:03+00:00\",\"breadcrumb\":{\"@id\":\"https:\/\/secovimed-pr.com.br\/maringa\/procedimento-de-inclusao-de-funcionarios\/#breadcrumb\"},\"inLanguage\":\"pt-BR\",\"potentialAction\":[{\"@type\":\"ReadAction\",\"target\":[\"https:\/\/secovimed-pr.com.br\/maringa\/procedimento-de-inclusao-de-funcionarios\/\"]}]},{\"@type\":\"BreadcrumbList\",\"@id\":\"https:\/\/secovimed-pr.com.br\/maringa\/procedimento-de-inclusao-de-funcionarios\/#breadcrumb\",\"itemListElement\":[{\"@type\":\"ListItem\",\"position\":1,\"name\":\"In\\u00edcio\",\"item\":\"https:\/\/secovimed-pr.com.br\/maringa\/\"},{\"@type\":\"ListItem\",\"position\":2,\"name\":\"Procedimento de inclus\\u00e3o de funcion\\u00e1rios\"}]}]}<\/script>\n<!-- \/ Yoast SEO plugin. -->","yoast_head_json":{"title":"Procedimento de inclus\u00e3o de funcion\u00e1rios - SecoviMed - Maring\u00e1","robots":{"index":"noindex","follow":"follow","max-snippet":"max-snippet:-1","max-image-preview":"max-image-preview:large","max-video-preview":"max-video-preview:-1"},"og_locale":"pt_BR","og_type":"article","og_title":"Procedimento de inclus\u00e3o de funcion\u00e1rios - SecoviMed - Maring\u00e1","og_description":"Para realizar a inclus\u00e3o de funcion\u00e1rios, existem 2 possibilidades: 1-Basta o administrador\/s\u00edndico encaminhar a ficha de registro do funcion\u00e1rio,&nbsp;COM O CNPJ da Empresa&nbsp; para o e-mail&nbsp;cadastro@maringa.secovimed-pr.com.br 2- Solicitar que o funcion\u00e1rio compare\u00e7a ao Secovimed portando, carteira de trabalho com o devido registro na empresa, RG, CPF e comprovante de residencia. A partir da efetiva\u00e7\u00e3o do [&hellip;]","og_url":"https:\/\/secovimed-pr.com.br\/maringa\/procedimento-de-inclusao-de-funcionarios\/","og_site_name":"SecoviMed - Maring\u00e1","twitter_card":"summary_large_image","twitter_misc":{"Est. tempo de leitura":"1 minuto"},"schema":{"@context":"https:\/\/schema.org","@graph":[{"@type":"WebSite","@id":"https:\/\/secovimed-pr.com.br\/maringa\/#website","url":"https:\/\/secovimed-pr.com.br\/maringa\/","name":"SecoviMed - Maring\u00e1","description":"Servi\u00e7o Social da Habita\u00e7\u00e3o","potentialAction":[{"@type":"SearchAction","target":{"@type":"EntryPoint","urlTemplate":"https:\/\/secovimed-pr.com.br\/maringa\/?s={search_term_string}"},"query-input":"required name=search_term_string"}],"inLanguage":"pt-BR"},{"@type":"WebPage","@id":"https:\/\/secovimed-pr.com.br\/maringa\/procedimento-de-inclusao-de-funcionarios\/#webpage","url":"https:\/\/secovimed-pr.com.br\/maringa\/procedimento-de-inclusao-de-funcionarios\/","name":"Procedimento de inclus\u00e3o de funcion\u00e1rios - SecoviMed - Maring\u00e1","isPartOf":{"@id":"https:\/\/secovimed-pr.com.br\/maringa\/#website"},"datePublished":"2022-05-11T20:08:03+00:00","dateModified":"2022-05-11T20:08:03+00:00","breadcrumb":{"@id":"https:\/\/secovimed-pr.com.br\/maringa\/procedimento-de-inclusao-de-funcionarios\/#breadcrumb"},"inLanguage":"pt-BR","potentialAction":[{"@type":"ReadAction","target":["https:\/\/secovimed-pr.com.br\/maringa\/procedimento-de-inclusao-de-funcionarios\/"]}]},{"@type":"BreadcrumbList","@id":"https:\/\/secovimed-pr.com.br\/maringa\/procedimento-de-inclusao-de-funcionarios\/#breadcrumb","itemListElement":[{"@type":"ListItem","position":1,"name":"In\u00edcio","item":"https:\/\/secovimed-pr.com.br\/maringa\/"},{"@type":"ListItem","position":2,"name":"Procedimento de inclus\u00e3o de funcion\u00e1rios"}]}]}},"_links":{"self":[{"href":"https:\/\/secovimed-pr.com.br\/maringa\/wp-json\/wp\/v2\/pages\/350"}],"collection":[{"href":"https:\/\/secovimed-pr.com.br\/maringa\/wp-json\/wp\/v2\/pages"}],"about":[{"href":"https:\/\/secovimed-pr.com.br\/maringa\/wp-json\/wp\/v2\/types\/page"}],"author":[{"embeddable":true,"href":"https:\/\/secovimed-pr.com.br\/maringa\/wp-json\/wp\/v2\/users\/1"}],"replies":[{"embeddable":true,"href":"https:\/\/secovimed-pr.com.br\/maringa\/wp-json\/wp\/v2\/comments?post=350"}],"version-history":[{"count":1,"href":"https:\/\/secovimed-pr.com.br\/maringa\/wp-json\/wp\/v2\/pages\/350\/revisions"}],"predecessor-version":[{"id":351,"href":"https:\/\/secovimed-pr.com.br\/maringa\/wp-json\/wp\/v2\/pages\/350\/revisions\/351"}],"wp:attachment":[{"href":"https:\/\/secovimed-pr.com.br\/maringa\/wp-json\/wp\/v2\/media?parent=350"}],"curies":[{"name":"wp","href":"https:\/\/api.w.org\/{rel}","templated":true}]}}