{"id":346,"date":"2022-05-11T17:02:36","date_gmt":"2022-05-11T20:02:36","guid":{"rendered":"https:\/\/maringa.secovimed-pr.com.br\/?page_id=346"},"modified":"2022-05-11T17:05:25","modified_gmt":"2022-05-11T20:05:25","slug":"procedimento-para-exclusao-de-funcionarios","status":"publish","type":"page","link":"https:\/\/secovimed-pr.com.br\/maringa\/procedimento-para-exclusao-de-funcionarios\/","title":{"rendered":"Procedimento para exclus\u00e3o de funcion\u00e1rios"},"content":{"rendered":"\n<h1 class=\"has-black-color has-text-color has-medium-font-size\">As solicita\u00e7\u00f5es de exclus\u00e3o de funcion\u00e1rios devem ser encaminhadas diretamente ao e-mail &nbsp;<a href=\"https:\/\/web.archive.org\/web\/20200704204107\/mailto:cadastro@maringa.secovimed-pr.com.br\">cadastro@maringa.secovimed-pr.com.br<\/a>, informando o CNPJ e nome do condom\u00ednio ou empresa, nome do funcion\u00e1rio e anexando c\u00f3pia da Rescis\u00e3o de Contrato de Trabalho.<\/h1>\n\n\n\n<div style=\"height:25px\" aria-hidden=\"true\" class=\"wp-block-spacer\"><\/div>\n\n\n\n<p class=\"has-medium-font-size\">Uma confirma\u00e7\u00e3o da exclus\u00e3o ser\u00e1 enviada.<\/p>\n\n\n\n<p class=\"has-medium-font-size\">Caso esta confirma\u00e7\u00e3o n\u00e3o seja recebida, a solicita\u00e7\u00e3o n\u00e3o foi&nbsp; executada.<\/p>\n\n\n\n<p class=\"has-medium-font-size\">Em caso de d\u00favida, por gentileza entre em contato diretamente pelo telefone (41) 3259-6207.<\/p>\n\n\n\n<p class=\"has-medium-font-size\">AVISO IMPORTANTE:<\/p>\n\n\n\n<p class=\"has-medium-font-size\">\u00c9 devida&nbsp; a contribui\u00e7\u00e3o&nbsp; sobre usu\u00e1rios que estiveram cadastrados no SecoviMed no m\u00eas de referencia do faturamento.<\/p>\n\n\n\n<p class=\"has-medium-font-size\">Para que o usu\u00e1rio n\u00e3o conste na guia de recolhimento do m\u00eas em vigor \u00e9 necess\u00e1rio que sua baixa seja solicitada no m\u00e1ximo at\u00e9 o dia 05 de cada m\u00eas.<\/p>\n","protected":false},"excerpt":{"rendered":"<p>As solicita\u00e7\u00f5es de exclus\u00e3o de funcion\u00e1rios devem ser encaminhadas diretamente ao e-mail &nbsp;cadastro@maringa.secovimed-pr.com.br, informando o CNPJ e nome do condom\u00ednio ou empresa, nome do funcion\u00e1rio e anexando c\u00f3pia da Rescis\u00e3o de Contrato de Trabalho. Uma confirma\u00e7\u00e3o da exclus\u00e3o ser\u00e1 enviada. Caso esta confirma\u00e7\u00e3o n\u00e3o seja recebida, a solicita\u00e7\u00e3o n\u00e3o foi&nbsp; executada. Em caso de d\u00favida, [&hellip;]<\/p>\n","protected":false},"author":1,"featured_media":0,"parent":0,"menu_order":0,"comment_status":"closed","ping_status":"closed","template":"","meta":[],"acf":[],"yoast_head":"<!-- This site is optimized with the Yoast SEO plugin v17.9 - https:\/\/yoast.com\/wordpress\/plugins\/seo\/ -->\n<title>Procedimento para exclus\u00e3o de funcion\u00e1rios - SecoviMed - Maring\u00e1<\/title>\n<meta name=\"robots\" content=\"noindex, follow, max-snippet:-1, max-image-preview:large, max-video-preview:-1\" \/>\n<meta property=\"og:locale\" content=\"pt_BR\" \/>\n<meta property=\"og:type\" content=\"article\" \/>\n<meta property=\"og:title\" content=\"Procedimento para exclus\u00e3o de funcion\u00e1rios - SecoviMed - Maring\u00e1\" \/>\n<meta property=\"og:description\" content=\"As solicita\u00e7\u00f5es de exclus\u00e3o de funcion\u00e1rios devem ser encaminhadas diretamente ao e-mail &nbsp;cadastro@maringa.secovimed-pr.com.br, informando o CNPJ e nome do condom\u00ednio ou empresa, nome do funcion\u00e1rio e anexando c\u00f3pia da Rescis\u00e3o de Contrato de Trabalho. Uma confirma\u00e7\u00e3o da exclus\u00e3o ser\u00e1 enviada. Caso esta confirma\u00e7\u00e3o n\u00e3o seja recebida, a solicita\u00e7\u00e3o n\u00e3o foi&nbsp; executada. Em caso de d\u00favida, [&hellip;]\" \/>\n<meta property=\"og:url\" content=\"https:\/\/secovimed-pr.com.br\/maringa\/procedimento-para-exclusao-de-funcionarios\/\" \/>\n<meta property=\"og:site_name\" content=\"SecoviMed - Maring\u00e1\" \/>\n<meta property=\"article:modified_time\" content=\"2022-05-11T20:05:25+00:00\" \/>\n<meta name=\"twitter:card\" content=\"summary_large_image\" \/>\n<meta name=\"twitter:label1\" content=\"Est. tempo de leitura\" \/>\n\t<meta name=\"twitter:data1\" content=\"1 minuto\" \/>\n<script type=\"application\/ld+json\" class=\"yoast-schema-graph\">{\"@context\":\"https:\/\/schema.org\",\"@graph\":[{\"@type\":\"WebSite\",\"@id\":\"https:\/\/secovimed-pr.com.br\/maringa\/#website\",\"url\":\"https:\/\/secovimed-pr.com.br\/maringa\/\",\"name\":\"SecoviMed - Maring\\u00e1\",\"description\":\"Servi\\u00e7o Social da Habita\\u00e7\\u00e3o\",\"potentialAction\":[{\"@type\":\"SearchAction\",\"target\":{\"@type\":\"EntryPoint\",\"urlTemplate\":\"https:\/\/secovimed-pr.com.br\/maringa\/?s={search_term_string}\"},\"query-input\":\"required name=search_term_string\"}],\"inLanguage\":\"pt-BR\"},{\"@type\":\"WebPage\",\"@id\":\"https:\/\/secovimed-pr.com.br\/maringa\/procedimento-para-exclusao-de-funcionarios\/#webpage\",\"url\":\"https:\/\/secovimed-pr.com.br\/maringa\/procedimento-para-exclusao-de-funcionarios\/\",\"name\":\"Procedimento para exclus\\u00e3o de funcion\\u00e1rios - SecoviMed - Maring\\u00e1\",\"isPartOf\":{\"@id\":\"https:\/\/secovimed-pr.com.br\/maringa\/#website\"},\"datePublished\":\"2022-05-11T20:02:36+00:00\",\"dateModified\":\"2022-05-11T20:05:25+00:00\",\"breadcrumb\":{\"@id\":\"https:\/\/secovimed-pr.com.br\/maringa\/procedimento-para-exclusao-de-funcionarios\/#breadcrumb\"},\"inLanguage\":\"pt-BR\",\"potentialAction\":[{\"@type\":\"ReadAction\",\"target\":[\"https:\/\/secovimed-pr.com.br\/maringa\/procedimento-para-exclusao-de-funcionarios\/\"]}]},{\"@type\":\"BreadcrumbList\",\"@id\":\"https:\/\/secovimed-pr.com.br\/maringa\/procedimento-para-exclusao-de-funcionarios\/#breadcrumb\",\"itemListElement\":[{\"@type\":\"ListItem\",\"position\":1,\"name\":\"In\\u00edcio\",\"item\":\"https:\/\/secovimed-pr.com.br\/maringa\/\"},{\"@type\":\"ListItem\",\"position\":2,\"name\":\"Procedimento para exclus\\u00e3o de funcion\\u00e1rios\"}]}]}<\/script>\n<!-- \/ Yoast SEO plugin. -->","yoast_head_json":{"title":"Procedimento para exclus\u00e3o de funcion\u00e1rios - SecoviMed - Maring\u00e1","robots":{"index":"noindex","follow":"follow","max-snippet":"max-snippet:-1","max-image-preview":"max-image-preview:large","max-video-preview":"max-video-preview:-1"},"og_locale":"pt_BR","og_type":"article","og_title":"Procedimento para exclus\u00e3o de funcion\u00e1rios - SecoviMed - Maring\u00e1","og_description":"As solicita\u00e7\u00f5es de exclus\u00e3o de funcion\u00e1rios devem ser encaminhadas diretamente ao e-mail &nbsp;cadastro@maringa.secovimed-pr.com.br, informando o CNPJ e nome do condom\u00ednio ou empresa, nome do funcion\u00e1rio e anexando c\u00f3pia da Rescis\u00e3o de Contrato de Trabalho. Uma confirma\u00e7\u00e3o da exclus\u00e3o ser\u00e1 enviada. Caso esta confirma\u00e7\u00e3o n\u00e3o seja recebida, a solicita\u00e7\u00e3o n\u00e3o foi&nbsp; executada. Em caso de d\u00favida, [&hellip;]","og_url":"https:\/\/secovimed-pr.com.br\/maringa\/procedimento-para-exclusao-de-funcionarios\/","og_site_name":"SecoviMed - Maring\u00e1","article_modified_time":"2022-05-11T20:05:25+00:00","twitter_card":"summary_large_image","twitter_misc":{"Est. tempo de leitura":"1 minuto"},"schema":{"@context":"https:\/\/schema.org","@graph":[{"@type":"WebSite","@id":"https:\/\/secovimed-pr.com.br\/maringa\/#website","url":"https:\/\/secovimed-pr.com.br\/maringa\/","name":"SecoviMed - Maring\u00e1","description":"Servi\u00e7o Social da Habita\u00e7\u00e3o","potentialAction":[{"@type":"SearchAction","target":{"@type":"EntryPoint","urlTemplate":"https:\/\/secovimed-pr.com.br\/maringa\/?s={search_term_string}"},"query-input":"required name=search_term_string"}],"inLanguage":"pt-BR"},{"@type":"WebPage","@id":"https:\/\/secovimed-pr.com.br\/maringa\/procedimento-para-exclusao-de-funcionarios\/#webpage","url":"https:\/\/secovimed-pr.com.br\/maringa\/procedimento-para-exclusao-de-funcionarios\/","name":"Procedimento para exclus\u00e3o de funcion\u00e1rios - SecoviMed - Maring\u00e1","isPartOf":{"@id":"https:\/\/secovimed-pr.com.br\/maringa\/#website"},"datePublished":"2022-05-11T20:02:36+00:00","dateModified":"2022-05-11T20:05:25+00:00","breadcrumb":{"@id":"https:\/\/secovimed-pr.com.br\/maringa\/procedimento-para-exclusao-de-funcionarios\/#breadcrumb"},"inLanguage":"pt-BR","potentialAction":[{"@type":"ReadAction","target":["https:\/\/secovimed-pr.com.br\/maringa\/procedimento-para-exclusao-de-funcionarios\/"]}]},{"@type":"BreadcrumbList","@id":"https:\/\/secovimed-pr.com.br\/maringa\/procedimento-para-exclusao-de-funcionarios\/#breadcrumb","itemListElement":[{"@type":"ListItem","position":1,"name":"In\u00edcio","item":"https:\/\/secovimed-pr.com.br\/maringa\/"},{"@type":"ListItem","position":2,"name":"Procedimento para exclus\u00e3o de funcion\u00e1rios"}]}]}},"_links":{"self":[{"href":"https:\/\/secovimed-pr.com.br\/maringa\/wp-json\/wp\/v2\/pages\/346"}],"collection":[{"href":"https:\/\/secovimed-pr.com.br\/maringa\/wp-json\/wp\/v2\/pages"}],"about":[{"href":"https:\/\/secovimed-pr.com.br\/maringa\/wp-json\/wp\/v2\/types\/page"}],"author":[{"embeddable":true,"href":"https:\/\/secovimed-pr.com.br\/maringa\/wp-json\/wp\/v2\/users\/1"}],"replies":[{"embeddable":true,"href":"https:\/\/secovimed-pr.com.br\/maringa\/wp-json\/wp\/v2\/comments?post=346"}],"version-history":[{"count":2,"href":"https:\/\/secovimed-pr.com.br\/maringa\/wp-json\/wp\/v2\/pages\/346\/revisions"}],"predecessor-version":[{"id":349,"href":"https:\/\/secovimed-pr.com.br\/maringa\/wp-json\/wp\/v2\/pages\/346\/revisions\/349"}],"wp:attachment":[{"href":"https:\/\/secovimed-pr.com.br\/maringa\/wp-json\/wp\/v2\/media?parent=346"}],"curies":[{"name":"wp","href":"https:\/\/api.w.org\/{rel}","templated":true}]}}