{"id":344,"date":"2022-05-11T16:50:43","date_gmt":"2022-05-11T19:50:43","guid":{"rendered":"https:\/\/maringa.secovimed-pr.com.br\/?page_id=344"},"modified":"2022-05-11T16:50:44","modified_gmt":"2022-05-11T19:50:44","slug":"medicina-ocupacional-e-seguranca-do-trabalho","status":"publish","type":"page","link":"https:\/\/secovimed-pr.com.br\/maringa\/medicina-ocupacional-e-seguranca-do-trabalho\/","title":{"rendered":"Medicina Ocupacional e Seguran\u00e7a do Trabalho"},"content":{"rendered":"\n<p>A equipe de m\u00e9dicos do SecoviMed oferece \u00e0s empresas e condom\u00ednios filiados exames para atendimento:<\/p>\n\n\n\n<p><br>Programa de Controle M\u00e9dico de Sa\u00fade \u2013 PCMSO \u2013 previsto na NR-7:<\/p>\n\n\n\n<p>Exames Admissionais<\/p>\n\n\n\n<p>Exames Peri\u00f3dicos<\/p>\n\n\n\n<p>Exames de Retorno ao Trabalho<\/p>\n\n\n\n<p>Exames para Mudan\u00e7as de Fun\u00e7\u00e3o<\/p>\n\n\n\n<p>Exames Demissionais<\/p>\n\n\n\n<p>Estes exames ser\u00e3o cobrados \u00e0s empresas e condom\u00ednios, em valores subsidiados, para as empresas que n\u00e3o possuem contrato de PPRA\/PCMSO.<\/p>\n","protected":false},"excerpt":{"rendered":"<p>A equipe de m\u00e9dicos do SecoviMed oferece \u00e0s empresas e condom\u00ednios filiados exames para atendimento: Programa de Controle M\u00e9dico de Sa\u00fade \u2013 PCMSO \u2013 previsto na NR-7: Exames Admissionais Exames Peri\u00f3dicos Exames de Retorno ao Trabalho Exames para Mudan\u00e7as de Fun\u00e7\u00e3o Exames Demissionais Estes exames ser\u00e3o cobrados \u00e0s empresas e condom\u00ednios, em valores subsidiados, para [&hellip;]<\/p>\n","protected":false},"author":1,"featured_media":0,"parent":0,"menu_order":0,"comment_status":"closed","ping_status":"closed","template":"","meta":[],"acf":[],"yoast_head":"<!-- This site is optimized with the Yoast SEO plugin v17.9 - https:\/\/yoast.com\/wordpress\/plugins\/seo\/ -->\n<title>Medicina Ocupacional e Seguran\u00e7a do Trabalho - SecoviMed - Maring\u00e1<\/title>\n<meta name=\"robots\" content=\"noindex, follow, max-snippet:-1, max-image-preview:large, max-video-preview:-1\" \/>\n<meta property=\"og:locale\" content=\"pt_BR\" \/>\n<meta property=\"og:type\" content=\"article\" \/>\n<meta property=\"og:title\" content=\"Medicina Ocupacional e Seguran\u00e7a do Trabalho - SecoviMed - Maring\u00e1\" \/>\n<meta property=\"og:description\" content=\"A equipe de m\u00e9dicos do SecoviMed oferece \u00e0s empresas e condom\u00ednios filiados exames para atendimento: Programa de Controle M\u00e9dico de Sa\u00fade \u2013 PCMSO \u2013 previsto na NR-7: Exames Admissionais Exames Peri\u00f3dicos Exames de Retorno ao Trabalho Exames para Mudan\u00e7as de Fun\u00e7\u00e3o Exames Demissionais Estes exames ser\u00e3o cobrados \u00e0s empresas e condom\u00ednios, em valores subsidiados, para [&hellip;]\" \/>\n<meta property=\"og:url\" content=\"https:\/\/secovimed-pr.com.br\/maringa\/medicina-ocupacional-e-seguranca-do-trabalho\/\" \/>\n<meta property=\"og:site_name\" content=\"SecoviMed - Maring\u00e1\" \/>\n<meta property=\"article:modified_time\" content=\"2022-05-11T19:50:44+00:00\" \/>\n<meta name=\"twitter:card\" content=\"summary_large_image\" \/>\n<meta name=\"twitter:label1\" content=\"Est. tempo de leitura\" \/>\n\t<meta name=\"twitter:data1\" content=\"1 minuto\" \/>\n<script type=\"application\/ld+json\" class=\"yoast-schema-graph\">{\"@context\":\"https:\/\/schema.org\",\"@graph\":[{\"@type\":\"WebSite\",\"@id\":\"https:\/\/secovimed-pr.com.br\/maringa\/#website\",\"url\":\"https:\/\/secovimed-pr.com.br\/maringa\/\",\"name\":\"SecoviMed - Maring\\u00e1\",\"description\":\"Servi\\u00e7o Social da Habita\\u00e7\\u00e3o\",\"potentialAction\":[{\"@type\":\"SearchAction\",\"target\":{\"@type\":\"EntryPoint\",\"urlTemplate\":\"https:\/\/secovimed-pr.com.br\/maringa\/?s={search_term_string}\"},\"query-input\":\"required name=search_term_string\"}],\"inLanguage\":\"pt-BR\"},{\"@type\":\"WebPage\",\"@id\":\"https:\/\/secovimed-pr.com.br\/maringa\/medicina-ocupacional-e-seguranca-do-trabalho\/#webpage\",\"url\":\"https:\/\/secovimed-pr.com.br\/maringa\/medicina-ocupacional-e-seguranca-do-trabalho\/\",\"name\":\"Medicina Ocupacional e Seguran\\u00e7a do Trabalho - SecoviMed - Maring\\u00e1\",\"isPartOf\":{\"@id\":\"https:\/\/secovimed-pr.com.br\/maringa\/#website\"},\"datePublished\":\"2022-05-11T19:50:43+00:00\",\"dateModified\":\"2022-05-11T19:50:44+00:00\",\"breadcrumb\":{\"@id\":\"https:\/\/secovimed-pr.com.br\/maringa\/medicina-ocupacional-e-seguranca-do-trabalho\/#breadcrumb\"},\"inLanguage\":\"pt-BR\",\"potentialAction\":[{\"@type\":\"ReadAction\",\"target\":[\"https:\/\/secovimed-pr.com.br\/maringa\/medicina-ocupacional-e-seguranca-do-trabalho\/\"]}]},{\"@type\":\"BreadcrumbList\",\"@id\":\"https:\/\/secovimed-pr.com.br\/maringa\/medicina-ocupacional-e-seguranca-do-trabalho\/#breadcrumb\",\"itemListElement\":[{\"@type\":\"ListItem\",\"position\":1,\"name\":\"In\\u00edcio\",\"item\":\"https:\/\/secovimed-pr.com.br\/maringa\/\"},{\"@type\":\"ListItem\",\"position\":2,\"name\":\"Medicina Ocupacional e Seguran\\u00e7a do Trabalho\"}]}]}<\/script>\n<!-- \/ Yoast SEO plugin. -->","yoast_head_json":{"title":"Medicina Ocupacional e Seguran\u00e7a do Trabalho - SecoviMed - Maring\u00e1","robots":{"index":"noindex","follow":"follow","max-snippet":"max-snippet:-1","max-image-preview":"max-image-preview:large","max-video-preview":"max-video-preview:-1"},"og_locale":"pt_BR","og_type":"article","og_title":"Medicina Ocupacional e Seguran\u00e7a do Trabalho - SecoviMed - Maring\u00e1","og_description":"A equipe de m\u00e9dicos do SecoviMed oferece \u00e0s empresas e condom\u00ednios filiados exames para atendimento: Programa de Controle M\u00e9dico de Sa\u00fade \u2013 PCMSO \u2013 previsto na NR-7: Exames Admissionais Exames Peri\u00f3dicos Exames de Retorno ao Trabalho Exames para Mudan\u00e7as de Fun\u00e7\u00e3o Exames Demissionais Estes exames ser\u00e3o cobrados \u00e0s empresas e condom\u00ednios, em valores subsidiados, para [&hellip;]","og_url":"https:\/\/secovimed-pr.com.br\/maringa\/medicina-ocupacional-e-seguranca-do-trabalho\/","og_site_name":"SecoviMed - Maring\u00e1","article_modified_time":"2022-05-11T19:50:44+00:00","twitter_card":"summary_large_image","twitter_misc":{"Est. tempo de leitura":"1 minuto"},"schema":{"@context":"https:\/\/schema.org","@graph":[{"@type":"WebSite","@id":"https:\/\/secovimed-pr.com.br\/maringa\/#website","url":"https:\/\/secovimed-pr.com.br\/maringa\/","name":"SecoviMed - Maring\u00e1","description":"Servi\u00e7o Social da Habita\u00e7\u00e3o","potentialAction":[{"@type":"SearchAction","target":{"@type":"EntryPoint","urlTemplate":"https:\/\/secovimed-pr.com.br\/maringa\/?s={search_term_string}"},"query-input":"required name=search_term_string"}],"inLanguage":"pt-BR"},{"@type":"WebPage","@id":"https:\/\/secovimed-pr.com.br\/maringa\/medicina-ocupacional-e-seguranca-do-trabalho\/#webpage","url":"https:\/\/secovimed-pr.com.br\/maringa\/medicina-ocupacional-e-seguranca-do-trabalho\/","name":"Medicina Ocupacional e Seguran\u00e7a do Trabalho - SecoviMed - Maring\u00e1","isPartOf":{"@id":"https:\/\/secovimed-pr.com.br\/maringa\/#website"},"datePublished":"2022-05-11T19:50:43+00:00","dateModified":"2022-05-11T19:50:44+00:00","breadcrumb":{"@id":"https:\/\/secovimed-pr.com.br\/maringa\/medicina-ocupacional-e-seguranca-do-trabalho\/#breadcrumb"},"inLanguage":"pt-BR","potentialAction":[{"@type":"ReadAction","target":["https:\/\/secovimed-pr.com.br\/maringa\/medicina-ocupacional-e-seguranca-do-trabalho\/"]}]},{"@type":"BreadcrumbList","@id":"https:\/\/secovimed-pr.com.br\/maringa\/medicina-ocupacional-e-seguranca-do-trabalho\/#breadcrumb","itemListElement":[{"@type":"ListItem","position":1,"name":"In\u00edcio","item":"https:\/\/secovimed-pr.com.br\/maringa\/"},{"@type":"ListItem","position":2,"name":"Medicina Ocupacional e Seguran\u00e7a do Trabalho"}]}]}},"_links":{"self":[{"href":"https:\/\/secovimed-pr.com.br\/maringa\/wp-json\/wp\/v2\/pages\/344"}],"collection":[{"href":"https:\/\/secovimed-pr.com.br\/maringa\/wp-json\/wp\/v2\/pages"}],"about":[{"href":"https:\/\/secovimed-pr.com.br\/maringa\/wp-json\/wp\/v2\/types\/page"}],"author":[{"embeddable":true,"href":"https:\/\/secovimed-pr.com.br\/maringa\/wp-json\/wp\/v2\/users\/1"}],"replies":[{"embeddable":true,"href":"https:\/\/secovimed-pr.com.br\/maringa\/wp-json\/wp\/v2\/comments?post=344"}],"version-history":[{"count":1,"href":"https:\/\/secovimed-pr.com.br\/maringa\/wp-json\/wp\/v2\/pages\/344\/revisions"}],"predecessor-version":[{"id":345,"href":"https:\/\/secovimed-pr.com.br\/maringa\/wp-json\/wp\/v2\/pages\/344\/revisions\/345"}],"wp:attachment":[{"href":"https:\/\/secovimed-pr.com.br\/maringa\/wp-json\/wp\/v2\/media?parent=344"}],"curies":[{"name":"wp","href":"https:\/\/api.w.org\/{rel}","templated":true}]}}