{"id":338,"date":"2022-05-11T16:44:44","date_gmt":"2022-05-11T19:44:44","guid":{"rendered":"https:\/\/maringa.secovimed-pr.com.br\/?page_id=338"},"modified":"2022-05-11T16:44:45","modified_gmt":"2022-05-11T19:44:45","slug":"assistencia-odontologica","status":"publish","type":"page","link":"https:\/\/secovimed-pr.com.br\/maringa\/assistencia-odontologica\/","title":{"rendered":"Assist\u00eancia Odontol\u00f3gica"},"content":{"rendered":"\n<p>O SecoviMed manter\u00e1 uma equipe de dentistas, para tratamento b\u00e1sico:<\/p>\n\n\n\n<p>Dent\u00edstica (restaura\u00e7\u00e3o de am\u00e1lgama e resinas) Exodontia (extra\u00e7\u00e3o) Tartarectomia (limpeza) Endodontia (Tratamento de canal) Aulas de higieniza\u00e7\u00e3o<\/p>\n\n\n\n<p>Os usu\u00e1rios ser\u00e3o orientados sobre outros tipos de tratamentos indicados, em outras especialidades.<\/p>\n\n\n\n<p>* N\u00e3o h\u00e1 atendimento \u00e0 outros servi\u00e7os ou especialidades al\u00e9m dos acima descritos.<\/p>\n\n\n\n<p>Obs:&nbsp;As consultas s\u00e3o marcadas pelo telefone (3259-6200) ou pessoalmente na sede do SecoviMed. Para atendimento o usu\u00e1rio dever\u00e1 comparecer \u00e0 sede do SecoviMed, na hora marcada, portando documento de identifica\u00e7\u00e3o pessoal oficial original (CTPS, RG, CPF, CNH, Titulo de Eleitor).<\/p>\n\n\n\n<p>Consultas n\u00e3o canceladas com 24 horas de anteced\u00eancia implicar\u00e1 em suspens\u00e3o no atendimento por 60 dias ou multa para imediata reabilita\u00e7\u00e3o do usu\u00e1rio.<\/p>\n","protected":false},"excerpt":{"rendered":"<p>O SecoviMed manter\u00e1 uma equipe de dentistas, para tratamento b\u00e1sico: Dent\u00edstica (restaura\u00e7\u00e3o de am\u00e1lgama e resinas) Exodontia (extra\u00e7\u00e3o) Tartarectomia (limpeza) Endodontia (Tratamento de canal) Aulas de higieniza\u00e7\u00e3o Os usu\u00e1rios ser\u00e3o orientados sobre outros tipos de tratamentos indicados, em outras especialidades. * N\u00e3o h\u00e1 atendimento \u00e0 outros servi\u00e7os ou especialidades al\u00e9m dos acima descritos. Obs:&nbsp;As consultas [&hellip;]<\/p>\n","protected":false},"author":1,"featured_media":0,"parent":0,"menu_order":0,"comment_status":"closed","ping_status":"closed","template":"","meta":[],"acf":[],"yoast_head":"<!-- This site is optimized with the Yoast SEO plugin v17.9 - https:\/\/yoast.com\/wordpress\/plugins\/seo\/ -->\n<title>Assist\u00eancia Odontol\u00f3gica - SecoviMed - Maring\u00e1<\/title>\n<meta name=\"robots\" content=\"noindex, follow, max-snippet:-1, max-image-preview:large, max-video-preview:-1\" \/>\n<meta property=\"og:locale\" content=\"pt_BR\" \/>\n<meta property=\"og:type\" content=\"article\" \/>\n<meta property=\"og:title\" content=\"Assist\u00eancia Odontol\u00f3gica - SecoviMed - Maring\u00e1\" \/>\n<meta property=\"og:description\" content=\"O SecoviMed manter\u00e1 uma equipe de dentistas, para tratamento b\u00e1sico: Dent\u00edstica (restaura\u00e7\u00e3o de am\u00e1lgama e resinas) Exodontia (extra\u00e7\u00e3o) Tartarectomia (limpeza) Endodontia (Tratamento de canal) Aulas de higieniza\u00e7\u00e3o Os usu\u00e1rios ser\u00e3o orientados sobre outros tipos de tratamentos indicados, em outras especialidades. * N\u00e3o h\u00e1 atendimento \u00e0 outros servi\u00e7os ou especialidades al\u00e9m dos acima descritos. Obs:&nbsp;As consultas [&hellip;]\" \/>\n<meta property=\"og:url\" content=\"https:\/\/secovimed-pr.com.br\/maringa\/assistencia-odontologica\/\" \/>\n<meta property=\"og:site_name\" content=\"SecoviMed - Maring\u00e1\" \/>\n<meta property=\"article:modified_time\" content=\"2022-05-11T19:44:45+00:00\" \/>\n<meta name=\"twitter:card\" content=\"summary_large_image\" \/>\n<meta name=\"twitter:label1\" content=\"Est. tempo de leitura\" \/>\n\t<meta name=\"twitter:data1\" content=\"1 minuto\" \/>\n<script type=\"application\/ld+json\" class=\"yoast-schema-graph\">{\"@context\":\"https:\/\/schema.org\",\"@graph\":[{\"@type\":\"WebSite\",\"@id\":\"https:\/\/secovimed-pr.com.br\/maringa\/#website\",\"url\":\"https:\/\/secovimed-pr.com.br\/maringa\/\",\"name\":\"SecoviMed - Maring\\u00e1\",\"description\":\"Servi\\u00e7o Social da Habita\\u00e7\\u00e3o\",\"potentialAction\":[{\"@type\":\"SearchAction\",\"target\":{\"@type\":\"EntryPoint\",\"urlTemplate\":\"https:\/\/secovimed-pr.com.br\/maringa\/?s={search_term_string}\"},\"query-input\":\"required name=search_term_string\"}],\"inLanguage\":\"pt-BR\"},{\"@type\":\"WebPage\",\"@id\":\"https:\/\/secovimed-pr.com.br\/maringa\/assistencia-odontologica\/#webpage\",\"url\":\"https:\/\/secovimed-pr.com.br\/maringa\/assistencia-odontologica\/\",\"name\":\"Assist\\u00eancia Odontol\\u00f3gica - SecoviMed - Maring\\u00e1\",\"isPartOf\":{\"@id\":\"https:\/\/secovimed-pr.com.br\/maringa\/#website\"},\"datePublished\":\"2022-05-11T19:44:44+00:00\",\"dateModified\":\"2022-05-11T19:44:45+00:00\",\"breadcrumb\":{\"@id\":\"https:\/\/secovimed-pr.com.br\/maringa\/assistencia-odontologica\/#breadcrumb\"},\"inLanguage\":\"pt-BR\",\"potentialAction\":[{\"@type\":\"ReadAction\",\"target\":[\"https:\/\/secovimed-pr.com.br\/maringa\/assistencia-odontologica\/\"]}]},{\"@type\":\"BreadcrumbList\",\"@id\":\"https:\/\/secovimed-pr.com.br\/maringa\/assistencia-odontologica\/#breadcrumb\",\"itemListElement\":[{\"@type\":\"ListItem\",\"position\":1,\"name\":\"In\\u00edcio\",\"item\":\"https:\/\/secovimed-pr.com.br\/maringa\/\"},{\"@type\":\"ListItem\",\"position\":2,\"name\":\"Assist\\u00eancia Odontol\\u00f3gica\"}]}]}<\/script>\n<!-- \/ Yoast SEO plugin. -->","yoast_head_json":{"title":"Assist\u00eancia Odontol\u00f3gica - SecoviMed - Maring\u00e1","robots":{"index":"noindex","follow":"follow","max-snippet":"max-snippet:-1","max-image-preview":"max-image-preview:large","max-video-preview":"max-video-preview:-1"},"og_locale":"pt_BR","og_type":"article","og_title":"Assist\u00eancia Odontol\u00f3gica - SecoviMed - Maring\u00e1","og_description":"O SecoviMed manter\u00e1 uma equipe de dentistas, para tratamento b\u00e1sico: Dent\u00edstica (restaura\u00e7\u00e3o de am\u00e1lgama e resinas) Exodontia (extra\u00e7\u00e3o) Tartarectomia (limpeza) Endodontia (Tratamento de canal) Aulas de higieniza\u00e7\u00e3o Os usu\u00e1rios ser\u00e3o orientados sobre outros tipos de tratamentos indicados, em outras especialidades. * N\u00e3o h\u00e1 atendimento \u00e0 outros servi\u00e7os ou especialidades al\u00e9m dos acima descritos. Obs:&nbsp;As consultas [&hellip;]","og_url":"https:\/\/secovimed-pr.com.br\/maringa\/assistencia-odontologica\/","og_site_name":"SecoviMed - Maring\u00e1","article_modified_time":"2022-05-11T19:44:45+00:00","twitter_card":"summary_large_image","twitter_misc":{"Est. tempo de leitura":"1 minuto"},"schema":{"@context":"https:\/\/schema.org","@graph":[{"@type":"WebSite","@id":"https:\/\/secovimed-pr.com.br\/maringa\/#website","url":"https:\/\/secovimed-pr.com.br\/maringa\/","name":"SecoviMed - Maring\u00e1","description":"Servi\u00e7o Social da Habita\u00e7\u00e3o","potentialAction":[{"@type":"SearchAction","target":{"@type":"EntryPoint","urlTemplate":"https:\/\/secovimed-pr.com.br\/maringa\/?s={search_term_string}"},"query-input":"required name=search_term_string"}],"inLanguage":"pt-BR"},{"@type":"WebPage","@id":"https:\/\/secovimed-pr.com.br\/maringa\/assistencia-odontologica\/#webpage","url":"https:\/\/secovimed-pr.com.br\/maringa\/assistencia-odontologica\/","name":"Assist\u00eancia Odontol\u00f3gica - SecoviMed - Maring\u00e1","isPartOf":{"@id":"https:\/\/secovimed-pr.com.br\/maringa\/#website"},"datePublished":"2022-05-11T19:44:44+00:00","dateModified":"2022-05-11T19:44:45+00:00","breadcrumb":{"@id":"https:\/\/secovimed-pr.com.br\/maringa\/assistencia-odontologica\/#breadcrumb"},"inLanguage":"pt-BR","potentialAction":[{"@type":"ReadAction","target":["https:\/\/secovimed-pr.com.br\/maringa\/assistencia-odontologica\/"]}]},{"@type":"BreadcrumbList","@id":"https:\/\/secovimed-pr.com.br\/maringa\/assistencia-odontologica\/#breadcrumb","itemListElement":[{"@type":"ListItem","position":1,"name":"In\u00edcio","item":"https:\/\/secovimed-pr.com.br\/maringa\/"},{"@type":"ListItem","position":2,"name":"Assist\u00eancia Odontol\u00f3gica"}]}]}},"_links":{"self":[{"href":"https:\/\/secovimed-pr.com.br\/maringa\/wp-json\/wp\/v2\/pages\/338"}],"collection":[{"href":"https:\/\/secovimed-pr.com.br\/maringa\/wp-json\/wp\/v2\/pages"}],"about":[{"href":"https:\/\/secovimed-pr.com.br\/maringa\/wp-json\/wp\/v2\/types\/page"}],"author":[{"embeddable":true,"href":"https:\/\/secovimed-pr.com.br\/maringa\/wp-json\/wp\/v2\/users\/1"}],"replies":[{"embeddable":true,"href":"https:\/\/secovimed-pr.com.br\/maringa\/wp-json\/wp\/v2\/comments?post=338"}],"version-history":[{"count":1,"href":"https:\/\/secovimed-pr.com.br\/maringa\/wp-json\/wp\/v2\/pages\/338\/revisions"}],"predecessor-version":[{"id":339,"href":"https:\/\/secovimed-pr.com.br\/maringa\/wp-json\/wp\/v2\/pages\/338\/revisions\/339"}],"wp:attachment":[{"href":"https:\/\/secovimed-pr.com.br\/maringa\/wp-json\/wp\/v2\/media?parent=338"}],"curies":[{"name":"wp","href":"https:\/\/api.w.org\/{rel}","templated":true}]}}