{"id":335,"date":"2022-05-11T16:43:45","date_gmt":"2022-05-11T19:43:45","guid":{"rendered":"https:\/\/maringa.secovimed-pr.com.br\/?page_id=335"},"modified":"2022-05-13T09:59:31","modified_gmt":"2022-05-13T12:59:31","slug":"analises-clinicas","status":"publish","type":"page","link":"https:\/\/secovimed-pr.com.br\/maringa\/analises-clinicas\/","title":{"rendered":"An\u00e1lises Cl\u00ednicas"},"content":{"rendered":"\n<p>O SecoviMed-PR oferece a seus usu\u00e1rios os exames laboratoriais abaixo, gratuitamente,<\/p>\n\n\n\n<p>desde que solicitados por seus m\u00e9dicos, em guia espec\u00edfica devidamente carimbada e assinada.<\/p>\n\n\n\n<p>\u00c1cido \u00darico&nbsp; sangue<\/p>\n\n\n\n<p>PSA<\/p>\n\n\n\n<p>Amilase<\/p>\n\n\n\n<p>Beta HCG<\/p>\n\n\n\n<p>Bilirrubinas Total<\/p>\n\n\n\n<p>Colesterol Total<\/p>\n\n\n\n<p>Coombs Indireto<\/p>\n\n\n\n<p>Creatinina&nbsp; sangue<\/p>\n\n\n\n<p>Fator RH<\/p>\n\n\n\n<p>Glicemia Jejum<\/p>\n\n\n\n<p>Grupo Sang\u00fc\u00edneo<\/p>\n\n\n\n<p>HDL Colesterol<\/p>\n\n\n\n<p>Hemoglobina Glicosilada<\/p>\n\n\n\n<p>Hemograma Completo<\/p>\n\n\n\n<p>Hemossedimenta\u00e7\u00e3o VHS<\/p>\n\n\n\n<p>Pot\u00e1ssio<\/p>\n\n\n\n<p>Rub\u00e9ola IGG<\/p>\n\n\n\n<p>Rub\u00e9ola IGM<\/p>\n\n\n\n<p>S\u00f3dio<\/p>\n\n\n\n<p>T4 Livre<\/p>\n\n\n\n<p>Toxoplasmose IGG<\/p>\n\n\n\n<p>Toxoplasmose IGM<\/p>\n\n\n\n<p>Transaminase TGO<\/p>\n\n\n\n<p>Transaminase TGP<\/p>\n\n\n\n<p>Machado Guerreiro<\/p>\n\n\n\n<p>KPTT<\/p>\n\n\n\n<p>Triglicer\u00eddeos<\/p>\n\n\n\n<p>TSH<\/p>\n\n\n\n<p>Ur\u00e9ia<\/p>\n\n\n\n<p>VDRL<\/p>\n\n\n\n<p>TAP<\/p>\n\n\n\n<p>Parasitol\u00f3gico de Fezes 1 Amosta 3 Amostras<\/p>\n\n\n\n<p>Pesquisa Sangue Oculto 1\u00ba Am. 2\u00ba Am.&nbsp;&nbsp;&nbsp;&nbsp;&nbsp;&nbsp; 3\u00ba Am<\/p>\n\n\n\n<p>Pesquisa de Fungos 1\u00ba Am. 2\u00ba Am.&nbsp;&nbsp;&nbsp;&nbsp;&nbsp;&nbsp; 3\u00ba Am<\/p>\n\n\n\n<p>Pesquisa de Gordura Fecal<\/p>\n\n\n\n<p>Pesquisa de Leuc\u00f3citos<\/p>\n\n\n\n<p>OBS. As amostras devem ser acondicionadas na parte inferior da geladeira. Colher uma amostra por dia.<\/p>\n\n\n\n<p>Antibiograma&nbsp;&nbsp;&nbsp;&nbsp;&nbsp;&nbsp;&nbsp;&nbsp;&nbsp;&nbsp;&nbsp;&nbsp;&nbsp;&nbsp;&nbsp;&nbsp;&nbsp;&nbsp;&nbsp;&nbsp; 1\u00ba Urina do Dia<\/p>\n\n\n\n<p>Cultura de Urina&nbsp;&nbsp;&nbsp;&nbsp;&nbsp;&nbsp;&nbsp;&nbsp;&nbsp;&nbsp;&nbsp;&nbsp;&nbsp;&nbsp;&nbsp;&nbsp; 1\u00ba Urina do Dia<\/p>\n\n\n\n<p>Parcial de Urina&nbsp;&nbsp;&nbsp;&nbsp;&nbsp;&nbsp;&nbsp;&nbsp;&nbsp;&nbsp;&nbsp;&nbsp;&nbsp;&nbsp;&nbsp;&nbsp;&nbsp; 1\u00ba Urina do Dia<\/p>\n\n\n\n<p>Parcial Urina com Sedimento Corado<\/p>\n\n\n\n<p>OBS. Sempre higienize o local e&nbsp; despreze o 1\u00ba jato de urina antes de colher.<\/p>\n\n\n\n<p>Eletrocardiograma<\/p>\n\n\n\n<p>Consulta Cardiol\u00f3gica<\/p>\n\n\n\n<p>Retorno Cardiologia&nbsp;<\/p>\n\n\n\n<p>Raio X de Coluna Cervical&nbsp;&nbsp; AP\/LAT&nbsp;&nbsp;&nbsp; T.O&nbsp;&nbsp;&nbsp;&nbsp;&nbsp; Obl.&nbsp;&nbsp;&nbsp;&nbsp; Din.<\/p>\n\n\n\n<p>Raio X de Coluna p\/ Escoliose&nbsp;&nbsp;&nbsp;&nbsp;&nbsp; P.A&nbsp;&nbsp;&nbsp;&nbsp;&nbsp;&nbsp;&nbsp;&nbsp;&nbsp; Lat.&nbsp;&nbsp;&nbsp;&nbsp;&nbsp; Din.<\/p>\n\n\n\n<p>Raio X de Coluna Lombo Sacra&nbsp;&nbsp;&nbsp; A.P \/Perfil&nbsp; Obl.&nbsp;&nbsp;&nbsp;&nbsp;&nbsp; Din.<\/p>\n\n\n\n<p>Raio X de Torax&nbsp;&nbsp;&nbsp; P.A&nbsp;&nbsp;&nbsp; Lat.&nbsp;&nbsp;&nbsp; Obliqua<\/p>\n\n\n\n<p>Raio X de Torax Apico Lordodica<\/p>\n\n\n\n<p>Raio X Pelve<\/p>\n\n\n\n<p>Raio X articula\u00e7\u00e3o Quadril&nbsp;&nbsp;&nbsp;&nbsp; Dir.&nbsp;&nbsp; Esq. AP-P<\/p>\n\n\n\n<p>Raio X F\u00eamur&nbsp;&nbsp;&nbsp;&nbsp; Dir.&nbsp;&nbsp; Esq. AP-P<\/p>\n\n\n\n<p>Raio X de Joelho&nbsp;&nbsp; Dir.&nbsp;&nbsp; Esq.&nbsp;&nbsp;&nbsp; A.P&nbsp;&nbsp; Lat.&nbsp; Axial<\/p>\n\n\n\n<p>Raio X perna&nbsp;&nbsp;&nbsp;&nbsp; Dir.&nbsp;&nbsp;&nbsp; Esq. AP-Perfil<\/p>\n\n\n\n<p>Raio X tornozelo&nbsp;&nbsp; Dir.&nbsp;&nbsp;&nbsp; Esq. AP-Perfil<\/p>\n\n\n\n<p>Raio X Calc\u00e2neo&nbsp;&nbsp; Dir.&nbsp;&nbsp;&nbsp; Esq. Perfil &#8211; Axial<\/p>\n\n\n\n<p>Raio X p\u00e9 e podod\u00e1ctilos&nbsp;&nbsp;&nbsp;&nbsp; Dir.&nbsp;&nbsp;&nbsp; Esq.&nbsp;&nbsp;&nbsp;&nbsp; AP-P&nbsp;&nbsp;&nbsp;&nbsp;&nbsp; AP &#8211; Obliqua<\/p>\n\n\n\n<p>Raio X M\u00e3o\/Qd&nbsp;&nbsp; Dir.&nbsp;&nbsp;&nbsp; Esq.&nbsp;&nbsp;&nbsp;&nbsp; AP\/Obliqua&nbsp;&nbsp;&nbsp;&nbsp;&nbsp; AP\/Perfil<\/p>\n\n\n\n<p>Raio X Seios da Face<\/p>\n\n\n\n<p>Citologia Onc\u00f3tica c\u00e9rvico vaginal<\/p>\n\n\n\n<p>Obs:&nbsp;As consultas s\u00e3o marcadas pelo telefone (3259-6200) ou pessoalmente na sede do SecoviMed. Para atendimento o usu\u00e1rio dever\u00e1 comparecer \u00e0 sede do SecoviMed, na hora marcada, portando documento de identifica\u00e7\u00e3o pessoal original oficial (CTPS, RG, CPF, CNH, Titulo de Eleitor).<\/p>\n\n\n\n<p>Consultas n\u00e3o canceladas com 24 horas de anteced\u00eancia implicar\u00e1 em suspens\u00e3o no atendimento por 60 dias ou multa para imediata reabilita\u00e7\u00e3o do usu\u00e1rio.<\/p>\n","protected":false},"excerpt":{"rendered":"<p>O SecoviMed-PR oferece a seus usu\u00e1rios os exames laboratoriais abaixo, gratuitamente, desde que solicitados por seus m\u00e9dicos, em guia espec\u00edfica devidamente carimbada e assinada. \u00c1cido \u00darico&nbsp; sangue PSA Amilase Beta HCG Bilirrubinas Total Colesterol Total Coombs Indireto Creatinina&nbsp; sangue Fator RH Glicemia Jejum Grupo Sang\u00fc\u00edneo HDL Colesterol Hemoglobina Glicosilada Hemograma Completo Hemossedimenta\u00e7\u00e3o VHS Pot\u00e1ssio Rub\u00e9ola [&hellip;]<\/p>\n","protected":false},"author":1,"featured_media":0,"parent":0,"menu_order":0,"comment_status":"closed","ping_status":"closed","template":"","meta":[],"acf":[],"yoast_head":"<!-- This site is optimized with the Yoast SEO plugin v17.9 - https:\/\/yoast.com\/wordpress\/plugins\/seo\/ -->\n<title>An\u00e1lises Cl\u00ednicas - SecoviMed - Maring\u00e1<\/title>\n<meta name=\"robots\" content=\"noindex, follow, max-snippet:-1, max-image-preview:large, max-video-preview:-1\" \/>\n<meta property=\"og:locale\" content=\"pt_BR\" \/>\n<meta property=\"og:type\" content=\"article\" \/>\n<meta property=\"og:title\" content=\"An\u00e1lises Cl\u00ednicas - SecoviMed - Maring\u00e1\" \/>\n<meta property=\"og:description\" content=\"O SecoviMed-PR oferece a seus usu\u00e1rios os exames laboratoriais abaixo, gratuitamente, desde que solicitados por seus m\u00e9dicos, em guia espec\u00edfica devidamente carimbada e assinada. \u00c1cido \u00darico&nbsp; sangue PSA Amilase Beta HCG Bilirrubinas Total Colesterol Total Coombs Indireto Creatinina&nbsp; sangue Fator RH Glicemia Jejum Grupo Sang\u00fc\u00edneo HDL Colesterol Hemoglobina Glicosilada Hemograma Completo Hemossedimenta\u00e7\u00e3o VHS Pot\u00e1ssio Rub\u00e9ola [&hellip;]\" \/>\n<meta property=\"og:url\" content=\"https:\/\/secovimed-pr.com.br\/maringa\/analises-clinicas\/\" \/>\n<meta property=\"og:site_name\" content=\"SecoviMed - Maring\u00e1\" \/>\n<meta property=\"article:modified_time\" content=\"2022-05-13T12:59:31+00:00\" \/>\n<meta name=\"twitter:card\" content=\"summary_large_image\" \/>\n<meta name=\"twitter:label1\" content=\"Est. tempo de leitura\" \/>\n\t<meta name=\"twitter:data1\" content=\"2 minutos\" \/>\n<script type=\"application\/ld+json\" class=\"yoast-schema-graph\">{\"@context\":\"https:\/\/schema.org\",\"@graph\":[{\"@type\":\"WebSite\",\"@id\":\"https:\/\/secovimed-pr.com.br\/maringa\/#website\",\"url\":\"https:\/\/secovimed-pr.com.br\/maringa\/\",\"name\":\"SecoviMed - Maring\\u00e1\",\"description\":\"Servi\\u00e7o Social da Habita\\u00e7\\u00e3o\",\"potentialAction\":[{\"@type\":\"SearchAction\",\"target\":{\"@type\":\"EntryPoint\",\"urlTemplate\":\"https:\/\/secovimed-pr.com.br\/maringa\/?s={search_term_string}\"},\"query-input\":\"required name=search_term_string\"}],\"inLanguage\":\"pt-BR\"},{\"@type\":\"WebPage\",\"@id\":\"https:\/\/secovimed-pr.com.br\/maringa\/analises-clinicas\/#webpage\",\"url\":\"https:\/\/secovimed-pr.com.br\/maringa\/analises-clinicas\/\",\"name\":\"An\\u00e1lises Cl\\u00ednicas - SecoviMed - Maring\\u00e1\",\"isPartOf\":{\"@id\":\"https:\/\/secovimed-pr.com.br\/maringa\/#website\"},\"datePublished\":\"2022-05-11T19:43:45+00:00\",\"dateModified\":\"2022-05-13T12:59:31+00:00\",\"breadcrumb\":{\"@id\":\"https:\/\/secovimed-pr.com.br\/maringa\/analises-clinicas\/#breadcrumb\"},\"inLanguage\":\"pt-BR\",\"potentialAction\":[{\"@type\":\"ReadAction\",\"target\":[\"https:\/\/secovimed-pr.com.br\/maringa\/analises-clinicas\/\"]}]},{\"@type\":\"BreadcrumbList\",\"@id\":\"https:\/\/secovimed-pr.com.br\/maringa\/analises-clinicas\/#breadcrumb\",\"itemListElement\":[{\"@type\":\"ListItem\",\"position\":1,\"name\":\"In\\u00edcio\",\"item\":\"https:\/\/secovimed-pr.com.br\/maringa\/\"},{\"@type\":\"ListItem\",\"position\":2,\"name\":\"An\\u00e1lises Cl\\u00ednicas\"}]}]}<\/script>\n<!-- \/ Yoast SEO plugin. -->","yoast_head_json":{"title":"An\u00e1lises Cl\u00ednicas - SecoviMed - Maring\u00e1","robots":{"index":"noindex","follow":"follow","max-snippet":"max-snippet:-1","max-image-preview":"max-image-preview:large","max-video-preview":"max-video-preview:-1"},"og_locale":"pt_BR","og_type":"article","og_title":"An\u00e1lises Cl\u00ednicas - SecoviMed - Maring\u00e1","og_description":"O SecoviMed-PR oferece a seus usu\u00e1rios os exames laboratoriais abaixo, gratuitamente, desde que solicitados por seus m\u00e9dicos, em guia espec\u00edfica devidamente carimbada e assinada. \u00c1cido \u00darico&nbsp; sangue PSA Amilase Beta HCG Bilirrubinas Total Colesterol Total Coombs Indireto Creatinina&nbsp; sangue Fator RH Glicemia Jejum Grupo Sang\u00fc\u00edneo HDL Colesterol Hemoglobina Glicosilada Hemograma Completo Hemossedimenta\u00e7\u00e3o VHS Pot\u00e1ssio Rub\u00e9ola [&hellip;]","og_url":"https:\/\/secovimed-pr.com.br\/maringa\/analises-clinicas\/","og_site_name":"SecoviMed - Maring\u00e1","article_modified_time":"2022-05-13T12:59:31+00:00","twitter_card":"summary_large_image","twitter_misc":{"Est. tempo de leitura":"2 minutos"},"schema":{"@context":"https:\/\/schema.org","@graph":[{"@type":"WebSite","@id":"https:\/\/secovimed-pr.com.br\/maringa\/#website","url":"https:\/\/secovimed-pr.com.br\/maringa\/","name":"SecoviMed - Maring\u00e1","description":"Servi\u00e7o Social da Habita\u00e7\u00e3o","potentialAction":[{"@type":"SearchAction","target":{"@type":"EntryPoint","urlTemplate":"https:\/\/secovimed-pr.com.br\/maringa\/?s={search_term_string}"},"query-input":"required name=search_term_string"}],"inLanguage":"pt-BR"},{"@type":"WebPage","@id":"https:\/\/secovimed-pr.com.br\/maringa\/analises-clinicas\/#webpage","url":"https:\/\/secovimed-pr.com.br\/maringa\/analises-clinicas\/","name":"An\u00e1lises Cl\u00ednicas - SecoviMed - Maring\u00e1","isPartOf":{"@id":"https:\/\/secovimed-pr.com.br\/maringa\/#website"},"datePublished":"2022-05-11T19:43:45+00:00","dateModified":"2022-05-13T12:59:31+00:00","breadcrumb":{"@id":"https:\/\/secovimed-pr.com.br\/maringa\/analises-clinicas\/#breadcrumb"},"inLanguage":"pt-BR","potentialAction":[{"@type":"ReadAction","target":["https:\/\/secovimed-pr.com.br\/maringa\/analises-clinicas\/"]}]},{"@type":"BreadcrumbList","@id":"https:\/\/secovimed-pr.com.br\/maringa\/analises-clinicas\/#breadcrumb","itemListElement":[{"@type":"ListItem","position":1,"name":"In\u00edcio","item":"https:\/\/secovimed-pr.com.br\/maringa\/"},{"@type":"ListItem","position":2,"name":"An\u00e1lises Cl\u00ednicas"}]}]}},"_links":{"self":[{"href":"https:\/\/secovimed-pr.com.br\/maringa\/wp-json\/wp\/v2\/pages\/335"}],"collection":[{"href":"https:\/\/secovimed-pr.com.br\/maringa\/wp-json\/wp\/v2\/pages"}],"about":[{"href":"https:\/\/secovimed-pr.com.br\/maringa\/wp-json\/wp\/v2\/types\/page"}],"author":[{"embeddable":true,"href":"https:\/\/secovimed-pr.com.br\/maringa\/wp-json\/wp\/v2\/users\/1"}],"replies":[{"embeddable":true,"href":"https:\/\/secovimed-pr.com.br\/maringa\/wp-json\/wp\/v2\/comments?post=335"}],"version-history":[{"count":2,"href":"https:\/\/secovimed-pr.com.br\/maringa\/wp-json\/wp\/v2\/pages\/335\/revisions"}],"predecessor-version":[{"id":440,"href":"https:\/\/secovimed-pr.com.br\/maringa\/wp-json\/wp\/v2\/pages\/335\/revisions\/440"}],"wp:attachment":[{"href":"https:\/\/secovimed-pr.com.br\/maringa\/wp-json\/wp\/v2\/media?parent=335"}],"curies":[{"name":"wp","href":"https:\/\/api.w.org\/{rel}","templated":true}]}}