{"id":323,"date":"2022-05-11T16:26:44","date_gmt":"2022-05-11T19:26:44","guid":{"rendered":"https:\/\/maringa.secovimed-pr.com.br\/?page_id=323"},"modified":"2022-05-11T16:26:45","modified_gmt":"2022-05-11T19:26:45","slug":"expediente","status":"publish","type":"page","link":"https:\/\/secovimed-pr.com.br\/maringa\/expediente\/","title":{"rendered":"Expediente"},"content":{"rendered":"\n<p><strong><\/strong><\/p>\n\n\n\n<p>Eron Marcos Cirillo<br>Gerente Executivo<br><a href=\"https:\/\/web.archive.org\/web\/20200704204036\/mailto:eron@maringa.secovimed-pr.com.br\">gerente@maringa.secovimed-pr.com.br<\/a><br>(41) 3259 6238<\/p>\n\n\n\n<p>Antonio Joaquim Magalh\u00e3es neto&nbsp;<br>T\u00e9cnico em Seguran\u00e7a do Trabalho<br><a href=\"https:\/\/web.archive.org\/web\/20200704204036\/mailto:assadm@maringa.secovimed-pr.com.br\">medicinaocupacional@maringa.secovimed-pr.com.br<\/a><br>(41) 3259 6261<\/p>\n\n\n\n<p>Barbara Graziela da Veiga<br>Auxiliar de Cadastros<br><a href=\"https:\/\/web.archive.org\/web\/20200704204036\/mailto:cadastro@maringa.secovimed-pr.com.br\">cadastro@maringa.secovimed-pr.com.br<\/a><br>(41) 3259 6207<\/p>\n\n\n\n<p>Davi A. Taborda&nbsp;<br>Encarregado de Recursos Humanos<br><a href=\"https:\/\/web.archive.org\/web\/20200704204036\/mailto:assadm@maringa.secovimed-pr.com.br\">assadm@maringa.secovimed-pr.com.br<\/a><br>(41) 3259 6203<\/p>\n\n\n\n<p>Geyssiane Nogueira Gomes<br>Assistente Financeiro<br><a href=\"https:\/\/web.archive.org\/web\/20200704204036\/mailto:administracao@maringa.secovimed-pr.com.br\">financeiro@maringa.secovimed-pr.com.br<\/a><br>(41) 3259 6204<\/p>\n\n\n\n<p>Gisele Laurindo<br>T\u00e9cnica em Seguran\u00e7a do Trabalho<br><a href=\"https:\/\/web.archive.org\/web\/20200704204036\/mailto:cadastro@maringa.secovimed-pr.com.br\">medicinaocupacional1@maringa.secovimed-pr.com.br<\/a><br>(41) 3259 6261<\/p>\n\n\n\n<p>Josaine Grein Assump\u00e7\u00e3o<br>Assessora Comercial<br><a href=\"https:\/\/web.archive.org\/web\/20200704204036\/mailto:administracao@maringa.secovimed-pr.com.br\">administracao@maringa.secovimed-pr.com.br<\/a><br>(41) 3259 6206<\/p>\n\n\n\n<p>Monica Fernandes&nbsp;&nbsp;&nbsp;<br>Encarregado de Compras e Manuten\u00e7\u00e3o<br><a href=\"https:\/\/web.archive.org\/web\/20200704204036\/mailto:cadastro@maringa.secovimed-pr.com.br\">auxadm@maringa.secovimed-pr.com.br<\/a><br>(41) 3259 6201<\/p>\n\n\n\n<p>Renata Olinda Mansur<br>Aux. Op. Controles e Registros<br><a href=\"https:\/\/web.archive.org\/web\/20200704204036\/mailto:cadastro@maringa.secovimed-pr.com.br\">apoiooperacional@maringa.secovimed-pr.com.br<\/a><br>(41) 3259 6205<\/p>\n\n\n\n<p>Dr.Andrei Leichsenring &nbsp;\u2013 CRM 16703-PR<br>Coordenador M\u00e9dico<br>(41) 3259 6200<\/p>\n\n\n\n<p>Silvya A. Kimura \u2013 CRO 12746-PR<br>Coord.Odontol\u00f3gico<br>(41) 3259 6200<\/p>\n","protected":false},"excerpt":{"rendered":"<p>Eron Marcos CirilloGerente Executivogerente@maringa.secovimed-pr.com.br(41) 3259 6238 Antonio Joaquim Magalh\u00e3es neto&nbsp;T\u00e9cnico em Seguran\u00e7a do Trabalhomedicinaocupacional@maringa.secovimed-pr.com.br(41) 3259 6261 Barbara Graziela da VeigaAuxiliar de Cadastroscadastro@maringa.secovimed-pr.com.br(41) 3259 6207 Davi A. Taborda&nbsp;Encarregado de Recursos Humanosassadm@maringa.secovimed-pr.com.br(41) 3259 6203 Geyssiane Nogueira GomesAssistente Financeirofinanceiro@maringa.secovimed-pr.com.br(41) 3259 6204 Gisele LaurindoT\u00e9cnica em Seguran\u00e7a do Trabalhomedicinaocupacional1@maringa.secovimed-pr.com.br(41) 3259 6261 Josaine Grein Assump\u00e7\u00e3oAssessora Comercialadministracao@maringa.secovimed-pr.com.br(41) 3259 6206 Monica Fernandes&nbsp;&nbsp;&nbsp;Encarregado de [&hellip;]<\/p>\n","protected":false},"author":1,"featured_media":0,"parent":0,"menu_order":0,"comment_status":"closed","ping_status":"closed","template":"","meta":[],"acf":[],"yoast_head":"<!-- This site is optimized with the Yoast SEO plugin v17.9 - https:\/\/yoast.com\/wordpress\/plugins\/seo\/ -->\n<title>Expediente - SecoviMed - Maring\u00e1<\/title>\n<meta name=\"robots\" content=\"noindex, follow, max-snippet:-1, max-image-preview:large, max-video-preview:-1\" \/>\n<meta property=\"og:locale\" content=\"pt_BR\" \/>\n<meta property=\"og:type\" content=\"article\" \/>\n<meta property=\"og:title\" content=\"Expediente - SecoviMed - Maring\u00e1\" \/>\n<meta property=\"og:description\" content=\"Eron Marcos CirilloGerente Executivogerente@maringa.secovimed-pr.com.br(41) 3259 6238 Antonio Joaquim Magalh\u00e3es neto&nbsp;T\u00e9cnico em Seguran\u00e7a do Trabalhomedicinaocupacional@maringa.secovimed-pr.com.br(41) 3259 6261 Barbara Graziela da VeigaAuxiliar de Cadastroscadastro@maringa.secovimed-pr.com.br(41) 3259 6207 Davi A. Taborda&nbsp;Encarregado de Recursos Humanosassadm@maringa.secovimed-pr.com.br(41) 3259 6203 Geyssiane Nogueira GomesAssistente Financeirofinanceiro@maringa.secovimed-pr.com.br(41) 3259 6204 Gisele LaurindoT\u00e9cnica em Seguran\u00e7a do Trabalhomedicinaocupacional1@maringa.secovimed-pr.com.br(41) 3259 6261 Josaine Grein Assump\u00e7\u00e3oAssessora Comercialadministracao@maringa.secovimed-pr.com.br(41) 3259 6206 Monica Fernandes&nbsp;&nbsp;&nbsp;Encarregado de [&hellip;]\" \/>\n<meta property=\"og:url\" content=\"https:\/\/secovimed-pr.com.br\/maringa\/expediente\/\" \/>\n<meta property=\"og:site_name\" content=\"SecoviMed - Maring\u00e1\" \/>\n<meta property=\"article:modified_time\" content=\"2022-05-11T19:26:45+00:00\" \/>\n<meta name=\"twitter:card\" content=\"summary_large_image\" \/>\n<meta name=\"twitter:label1\" content=\"Est. tempo de leitura\" \/>\n\t<meta name=\"twitter:data1\" content=\"1 minuto\" \/>\n<script type=\"application\/ld+json\" class=\"yoast-schema-graph\">{\"@context\":\"https:\/\/schema.org\",\"@graph\":[{\"@type\":\"WebSite\",\"@id\":\"https:\/\/secovimed-pr.com.br\/maringa\/#website\",\"url\":\"https:\/\/secovimed-pr.com.br\/maringa\/\",\"name\":\"SecoviMed - Maring\\u00e1\",\"description\":\"Servi\\u00e7o Social da Habita\\u00e7\\u00e3o\",\"potentialAction\":[{\"@type\":\"SearchAction\",\"target\":{\"@type\":\"EntryPoint\",\"urlTemplate\":\"https:\/\/secovimed-pr.com.br\/maringa\/?s={search_term_string}\"},\"query-input\":\"required name=search_term_string\"}],\"inLanguage\":\"pt-BR\"},{\"@type\":\"WebPage\",\"@id\":\"https:\/\/secovimed-pr.com.br\/maringa\/expediente\/#webpage\",\"url\":\"https:\/\/secovimed-pr.com.br\/maringa\/expediente\/\",\"name\":\"Expediente - SecoviMed - Maring\\u00e1\",\"isPartOf\":{\"@id\":\"https:\/\/secovimed-pr.com.br\/maringa\/#website\"},\"datePublished\":\"2022-05-11T19:26:44+00:00\",\"dateModified\":\"2022-05-11T19:26:45+00:00\",\"breadcrumb\":{\"@id\":\"https:\/\/secovimed-pr.com.br\/maringa\/expediente\/#breadcrumb\"},\"inLanguage\":\"pt-BR\",\"potentialAction\":[{\"@type\":\"ReadAction\",\"target\":[\"https:\/\/secovimed-pr.com.br\/maringa\/expediente\/\"]}]},{\"@type\":\"BreadcrumbList\",\"@id\":\"https:\/\/secovimed-pr.com.br\/maringa\/expediente\/#breadcrumb\",\"itemListElement\":[{\"@type\":\"ListItem\",\"position\":1,\"name\":\"In\\u00edcio\",\"item\":\"https:\/\/secovimed-pr.com.br\/maringa\/\"},{\"@type\":\"ListItem\",\"position\":2,\"name\":\"Expediente\"}]}]}<\/script>\n<!-- \/ Yoast SEO plugin. -->","yoast_head_json":{"title":"Expediente - SecoviMed - Maring\u00e1","robots":{"index":"noindex","follow":"follow","max-snippet":"max-snippet:-1","max-image-preview":"max-image-preview:large","max-video-preview":"max-video-preview:-1"},"og_locale":"pt_BR","og_type":"article","og_title":"Expediente - SecoviMed - Maring\u00e1","og_description":"Eron Marcos CirilloGerente Executivogerente@maringa.secovimed-pr.com.br(41) 3259 6238 Antonio Joaquim Magalh\u00e3es neto&nbsp;T\u00e9cnico em Seguran\u00e7a do Trabalhomedicinaocupacional@maringa.secovimed-pr.com.br(41) 3259 6261 Barbara Graziela da VeigaAuxiliar de Cadastroscadastro@maringa.secovimed-pr.com.br(41) 3259 6207 Davi A. Taborda&nbsp;Encarregado de Recursos Humanosassadm@maringa.secovimed-pr.com.br(41) 3259 6203 Geyssiane Nogueira GomesAssistente Financeirofinanceiro@maringa.secovimed-pr.com.br(41) 3259 6204 Gisele LaurindoT\u00e9cnica em Seguran\u00e7a do Trabalhomedicinaocupacional1@maringa.secovimed-pr.com.br(41) 3259 6261 Josaine Grein Assump\u00e7\u00e3oAssessora Comercialadministracao@maringa.secovimed-pr.com.br(41) 3259 6206 Monica Fernandes&nbsp;&nbsp;&nbsp;Encarregado de [&hellip;]","og_url":"https:\/\/secovimed-pr.com.br\/maringa\/expediente\/","og_site_name":"SecoviMed - Maring\u00e1","article_modified_time":"2022-05-11T19:26:45+00:00","twitter_card":"summary_large_image","twitter_misc":{"Est. tempo de leitura":"1 minuto"},"schema":{"@context":"https:\/\/schema.org","@graph":[{"@type":"WebSite","@id":"https:\/\/secovimed-pr.com.br\/maringa\/#website","url":"https:\/\/secovimed-pr.com.br\/maringa\/","name":"SecoviMed - Maring\u00e1","description":"Servi\u00e7o Social da Habita\u00e7\u00e3o","potentialAction":[{"@type":"SearchAction","target":{"@type":"EntryPoint","urlTemplate":"https:\/\/secovimed-pr.com.br\/maringa\/?s={search_term_string}"},"query-input":"required name=search_term_string"}],"inLanguage":"pt-BR"},{"@type":"WebPage","@id":"https:\/\/secovimed-pr.com.br\/maringa\/expediente\/#webpage","url":"https:\/\/secovimed-pr.com.br\/maringa\/expediente\/","name":"Expediente - SecoviMed - Maring\u00e1","isPartOf":{"@id":"https:\/\/secovimed-pr.com.br\/maringa\/#website"},"datePublished":"2022-05-11T19:26:44+00:00","dateModified":"2022-05-11T19:26:45+00:00","breadcrumb":{"@id":"https:\/\/secovimed-pr.com.br\/maringa\/expediente\/#breadcrumb"},"inLanguage":"pt-BR","potentialAction":[{"@type":"ReadAction","target":["https:\/\/secovimed-pr.com.br\/maringa\/expediente\/"]}]},{"@type":"BreadcrumbList","@id":"https:\/\/secovimed-pr.com.br\/maringa\/expediente\/#breadcrumb","itemListElement":[{"@type":"ListItem","position":1,"name":"In\u00edcio","item":"https:\/\/secovimed-pr.com.br\/maringa\/"},{"@type":"ListItem","position":2,"name":"Expediente"}]}]}},"_links":{"self":[{"href":"https:\/\/secovimed-pr.com.br\/maringa\/wp-json\/wp\/v2\/pages\/323"}],"collection":[{"href":"https:\/\/secovimed-pr.com.br\/maringa\/wp-json\/wp\/v2\/pages"}],"about":[{"href":"https:\/\/secovimed-pr.com.br\/maringa\/wp-json\/wp\/v2\/types\/page"}],"author":[{"embeddable":true,"href":"https:\/\/secovimed-pr.com.br\/maringa\/wp-json\/wp\/v2\/users\/1"}],"replies":[{"embeddable":true,"href":"https:\/\/secovimed-pr.com.br\/maringa\/wp-json\/wp\/v2\/comments?post=323"}],"version-history":[{"count":1,"href":"https:\/\/secovimed-pr.com.br\/maringa\/wp-json\/wp\/v2\/pages\/323\/revisions"}],"predecessor-version":[{"id":324,"href":"https:\/\/secovimed-pr.com.br\/maringa\/wp-json\/wp\/v2\/pages\/323\/revisions\/324"}],"wp:attachment":[{"href":"https:\/\/secovimed-pr.com.br\/maringa\/wp-json\/wp\/v2\/media?parent=323"}],"curies":[{"name":"wp","href":"https:\/\/api.w.org\/{rel}","templated":true}]}}