{"id":904,"date":"2022-08-25T14:25:32","date_gmt":"2022-08-25T17:25:32","guid":{"rendered":"https:\/\/secovimed-pr.com.br\/londrina\/?page_id=904"},"modified":"2022-08-25T14:25:33","modified_gmt":"2022-08-25T17:25:33","slug":"assistencia-social","status":"publish","type":"page","link":"https:\/\/secovimed-pr.com.br\/londrina\/assistencia-social\/","title":{"rendered":"Assist\u00eancia Social"},"content":{"rendered":"\n<p>O Servi\u00e7o de Assist\u00eancia Social tem como objetivo no Secovimed:<\/p>\n\n\n\n<p>Ajudar no atendimento aos usu\u00e1rios,<\/p>\n\n\n\n<p>Orientar sobre a utiliza\u00e7\u00e3o de nossos Servi\u00e7os,<\/p>\n\n\n\n<p>Efetuar levantamento S\u00f3cio Econ\u00f4mico do setor da Habita\u00e7\u00e3o,<\/p>\n\n\n\n<p>Assessorar a equipe m\u00e9dica e odontol\u00f3gica no p\u00f3s-atendimento do profissional,<\/p>\n\n\n\n<p>Prestar servi\u00e7os de assist\u00eancia aos usu\u00e1rios com dificuldade de aquisi\u00e7\u00e3o de medicamentos e ou\/exames,<\/p>\n\n\n\n<p>Ajudar nas d\u00favidas sobre alcoolismo, AIDS e outras doen\u00e7as,<\/p>\n\n\n\n<p>Elaborar eventos informativos e educacionais,<\/p>\n\n\n\n<p>Fazer acompanhamento Social do tratamento de sa\u00fade do paciente;<\/p>\n\n\n\n<p>Visita Domiciliar, se necess\u00e1rio;<\/p>\n\n\n\n<p>Identificar as condi\u00e7\u00f5es familiares do paciente e elaborar relat\u00f3rios;<\/p>\n\n\n\n<p>Mobilizar recursos para o tratamento;<\/p>\n\n\n\n<p>Auxilio na facilita\u00e7\u00e3o para marca\u00e7\u00e3o de exames;<\/p>\n\n\n\n<p>Atendimento Social, no caso de desconhecimento\/n\u00e3o entendimento do tratamento indicado\/necess\u00e1rio;<\/p>\n\n\n\n<p>Trabalho com a rede de apoio do Munic\u00edpio, com encaminhamentos aos servi\u00e7os de Sa\u00fade, Assist\u00eancia e Jur\u00eddico;<\/p>\n\n\n\n<p>Facilitar o acesso aos servi\u00e7os de sa\u00fade;<\/p>\n\n\n\n<p>Obs: As consultas s\u00e3o marcadas pelo telefone (43) 3344-0408, ou pessoalmente na sede do SecoviMed. Para atendimento o usu\u00e1rio dever\u00e1 comparecer \u00e0 sede do SecoviMed, na hora marcada, portando documento de identifica\u00e7\u00e3o pessoal oficial original (CTPS, RG, CPF, CNH, Titulo de Eleitor).<\/p>\n\n\n\n<p>Consultas n\u00e3o canceladas com 24 horas de anteced\u00eancia implicar\u00e1 em suspens\u00e3o no atendimento por 60 dias ou multa para imediata reabilita\u00e7\u00e3o do usu\u00e1rio.<\/p>\n\n\n\n<p><strong>Telefones \u00fateis<\/strong><\/p>\n\n\n\n<p><strong>Plant\u00e3o da Pol\u00edcia Militar<\/strong><\/p>\n\n\n\n<p>* 190<\/p>\n\n\n\n<p>&nbsp;<strong>Disque Den\u00fancia:<\/strong><\/p>\n\n\n\n<p>* Pol\u00edcia Militar: 181<\/p>\n\n\n\n<p>* Pol\u00edcia Civil: 197<\/p>\n\n\n\n<p>&nbsp;<strong>Central de Atendimento \u00e0 Mulher &#8211; 24 horas<\/strong><\/p>\n\n\n\n<p>* 180<\/p>\n\n\n\n<p>&nbsp;<strong>Guarda Municipal (Patrulha Maria da Penha)<\/strong><\/p>\n\n\n\n<p>* 153<\/p>\n\n\n\n<p>&nbsp;<strong>Delegacia da Mulher<\/strong><\/p>\n\n\n\n<p>* (43) 3322-1633 &#8211; Telefone e Whatsapp<\/p>\n\n\n\n<p>Rua Almirante Barroso, 107<br>Hor\u00e1rio de atendimento: de segunda a sexta-feira das 8h030 \u00e0s 12h e 13h30 \u00e0s 18h<\/p>\n\n\n\n<p>&nbsp;<strong>Delegacia Plant\u00e3o de Pol\u00edcia<\/strong><\/p>\n\n\n\n<p>* (43) 3378-3000<\/p>\n\n\n\n<p>Rua S\u00e3o Pedro, 330 &#8211; Vila Siam (pr\u00f3ximo \u00e0 rotat\u00f3ria da Av. JK com Santos Dumont)<br>Hor\u00e1rio de atendimento: 24 horas<\/p>\n\n\n\n<p>&nbsp;<strong>CAM &#8211; Centro de Refer\u00eancia de Atendimento \u00e0 Mulher<\/strong><\/p>\n\n\n\n<p>* (43) 3378-0132<\/p>\n\n\n\n<p>Av. Santos Dumont, 408 &#8211; Jd. Boa Vista (pr\u00f3ximo \u00e0 rotat\u00f3ria da Av. JK)<br>E-mail:&nbsp;<a>cam.mulher@londrina.pr.gov.br<br><\/a>Hor\u00e1rio de atendimento: de segunda a sexta-feira das 8h \u00e0s 18h.<br>OBS: Para primeiro atendimento (acolhida), chegar at\u00e9 \u00e0s 17h<\/p>\n\n\n\n<p>&nbsp;<strong>Programa Rosa Viva &#8211; Atendimento a meninas (a partir dos 12 anos) e mulheres em casos de viol\u00eancia sexual<\/strong><\/p>\n\n\n\n<p>* (43) 3372-9850<\/p>\n\n\n\n<p>Maternidade Municipal &#8211; Av. Jacob Bartolomeu Minatti, 350 &#8211; Centro.<br>Hor\u00e1rio de atendimento: 24 horas<\/p>\n","protected":false},"excerpt":{"rendered":"<p>O Servi\u00e7o de Assist\u00eancia Social tem como objetivo no Secovimed: Ajudar no atendimento aos usu\u00e1rios, Orientar sobre a utiliza\u00e7\u00e3o de nossos Servi\u00e7os, Efetuar levantamento S\u00f3cio Econ\u00f4mico do setor da Habita\u00e7\u00e3o, Assessorar a equipe m\u00e9dica e odontol\u00f3gica no p\u00f3s-atendimento do profissional, Prestar servi\u00e7os de assist\u00eancia aos usu\u00e1rios com dificuldade de aquisi\u00e7\u00e3o de medicamentos e ou\/exames, Ajudar [&hellip;]<\/p>\n","protected":false},"author":1,"featured_media":0,"parent":0,"menu_order":0,"comment_status":"closed","ping_status":"closed","template":"","meta":[],"acf":[],"yoast_head":"<!-- This site is optimized with the Yoast SEO plugin v17.9 - https:\/\/yoast.com\/wordpress\/plugins\/seo\/ -->\n<title>Assist\u00eancia Social - SecoviMed - Londrina<\/title>\n<meta name=\"robots\" content=\"noindex, follow, max-snippet:-1, max-image-preview:large, max-video-preview:-1\" \/>\n<meta property=\"og:locale\" content=\"pt_BR\" \/>\n<meta property=\"og:type\" content=\"article\" \/>\n<meta property=\"og:title\" content=\"Assist\u00eancia Social - SecoviMed - Londrina\" \/>\n<meta property=\"og:description\" content=\"O Servi\u00e7o de Assist\u00eancia Social tem como objetivo no Secovimed: Ajudar no atendimento aos usu\u00e1rios, Orientar sobre a utiliza\u00e7\u00e3o de nossos Servi\u00e7os, Efetuar levantamento S\u00f3cio Econ\u00f4mico do setor da Habita\u00e7\u00e3o, Assessorar a equipe m\u00e9dica e odontol\u00f3gica no p\u00f3s-atendimento do profissional, Prestar servi\u00e7os de assist\u00eancia aos usu\u00e1rios com dificuldade de aquisi\u00e7\u00e3o de medicamentos e ou\/exames, Ajudar [&hellip;]\" \/>\n<meta property=\"og:url\" content=\"https:\/\/secovimed-pr.com.br\/londrina\/assistencia-social\/\" \/>\n<meta property=\"og:site_name\" content=\"SecoviMed - Londrina\" \/>\n<meta property=\"article:modified_time\" content=\"2022-08-25T17:25:33+00:00\" \/>\n<meta name=\"twitter:card\" content=\"summary_large_image\" \/>\n<meta name=\"twitter:label1\" content=\"Est. tempo de leitura\" \/>\n\t<meta name=\"twitter:data1\" content=\"3 minutos\" \/>\n<script type=\"application\/ld+json\" class=\"yoast-schema-graph\">{\"@context\":\"https:\/\/schema.org\",\"@graph\":[{\"@type\":\"WebSite\",\"@id\":\"https:\/\/secovimed-pr.com.br\/londrina\/#website\",\"url\":\"https:\/\/secovimed-pr.com.br\/londrina\/\",\"name\":\"SecoviMed - Londrina\",\"description\":\"Servi\\u00e7o Social da Habita\\u00e7\\u00e3o\",\"potentialAction\":[{\"@type\":\"SearchAction\",\"target\":{\"@type\":\"EntryPoint\",\"urlTemplate\":\"https:\/\/secovimed-pr.com.br\/londrina\/?s={search_term_string}\"},\"query-input\":\"required name=search_term_string\"}],\"inLanguage\":\"pt-BR\"},{\"@type\":\"WebPage\",\"@id\":\"https:\/\/secovimed-pr.com.br\/londrina\/assistencia-social\/#webpage\",\"url\":\"https:\/\/secovimed-pr.com.br\/londrina\/assistencia-social\/\",\"name\":\"Assist\\u00eancia Social - SecoviMed - Londrina\",\"isPartOf\":{\"@id\":\"https:\/\/secovimed-pr.com.br\/londrina\/#website\"},\"datePublished\":\"2022-08-25T17:25:32+00:00\",\"dateModified\":\"2022-08-25T17:25:33+00:00\",\"breadcrumb\":{\"@id\":\"https:\/\/secovimed-pr.com.br\/londrina\/assistencia-social\/#breadcrumb\"},\"inLanguage\":\"pt-BR\",\"potentialAction\":[{\"@type\":\"ReadAction\",\"target\":[\"https:\/\/secovimed-pr.com.br\/londrina\/assistencia-social\/\"]}]},{\"@type\":\"BreadcrumbList\",\"@id\":\"https:\/\/secovimed-pr.com.br\/londrina\/assistencia-social\/#breadcrumb\",\"itemListElement\":[{\"@type\":\"ListItem\",\"position\":1,\"name\":\"In\\u00edcio\",\"item\":\"https:\/\/secovimed-pr.com.br\/londrina\/\"},{\"@type\":\"ListItem\",\"position\":2,\"name\":\"Assist\\u00eancia Social\"}]}]}<\/script>\n<!-- \/ Yoast SEO plugin. -->","yoast_head_json":{"title":"Assist\u00eancia Social - SecoviMed - Londrina","robots":{"index":"noindex","follow":"follow","max-snippet":"max-snippet:-1","max-image-preview":"max-image-preview:large","max-video-preview":"max-video-preview:-1"},"og_locale":"pt_BR","og_type":"article","og_title":"Assist\u00eancia Social - SecoviMed - Londrina","og_description":"O Servi\u00e7o de Assist\u00eancia Social tem como objetivo no Secovimed: Ajudar no atendimento aos usu\u00e1rios, Orientar sobre a utiliza\u00e7\u00e3o de nossos Servi\u00e7os, Efetuar levantamento S\u00f3cio Econ\u00f4mico do setor da Habita\u00e7\u00e3o, Assessorar a equipe m\u00e9dica e odontol\u00f3gica no p\u00f3s-atendimento do profissional, Prestar servi\u00e7os de assist\u00eancia aos usu\u00e1rios com dificuldade de aquisi\u00e7\u00e3o de medicamentos e ou\/exames, Ajudar [&hellip;]","og_url":"https:\/\/secovimed-pr.com.br\/londrina\/assistencia-social\/","og_site_name":"SecoviMed - Londrina","article_modified_time":"2022-08-25T17:25:33+00:00","twitter_card":"summary_large_image","twitter_misc":{"Est. tempo de leitura":"3 minutos"},"schema":{"@context":"https:\/\/schema.org","@graph":[{"@type":"WebSite","@id":"https:\/\/secovimed-pr.com.br\/londrina\/#website","url":"https:\/\/secovimed-pr.com.br\/londrina\/","name":"SecoviMed - Londrina","description":"Servi\u00e7o Social da Habita\u00e7\u00e3o","potentialAction":[{"@type":"SearchAction","target":{"@type":"EntryPoint","urlTemplate":"https:\/\/secovimed-pr.com.br\/londrina\/?s={search_term_string}"},"query-input":"required name=search_term_string"}],"inLanguage":"pt-BR"},{"@type":"WebPage","@id":"https:\/\/secovimed-pr.com.br\/londrina\/assistencia-social\/#webpage","url":"https:\/\/secovimed-pr.com.br\/londrina\/assistencia-social\/","name":"Assist\u00eancia Social - SecoviMed - Londrina","isPartOf":{"@id":"https:\/\/secovimed-pr.com.br\/londrina\/#website"},"datePublished":"2022-08-25T17:25:32+00:00","dateModified":"2022-08-25T17:25:33+00:00","breadcrumb":{"@id":"https:\/\/secovimed-pr.com.br\/londrina\/assistencia-social\/#breadcrumb"},"inLanguage":"pt-BR","potentialAction":[{"@type":"ReadAction","target":["https:\/\/secovimed-pr.com.br\/londrina\/assistencia-social\/"]}]},{"@type":"BreadcrumbList","@id":"https:\/\/secovimed-pr.com.br\/londrina\/assistencia-social\/#breadcrumb","itemListElement":[{"@type":"ListItem","position":1,"name":"In\u00edcio","item":"https:\/\/secovimed-pr.com.br\/londrina\/"},{"@type":"ListItem","position":2,"name":"Assist\u00eancia Social"}]}]}},"_links":{"self":[{"href":"https:\/\/secovimed-pr.com.br\/londrina\/wp-json\/wp\/v2\/pages\/904"}],"collection":[{"href":"https:\/\/secovimed-pr.com.br\/londrina\/wp-json\/wp\/v2\/pages"}],"about":[{"href":"https:\/\/secovimed-pr.com.br\/londrina\/wp-json\/wp\/v2\/types\/page"}],"author":[{"embeddable":true,"href":"https:\/\/secovimed-pr.com.br\/londrina\/wp-json\/wp\/v2\/users\/1"}],"replies":[{"embeddable":true,"href":"https:\/\/secovimed-pr.com.br\/londrina\/wp-json\/wp\/v2\/comments?post=904"}],"version-history":[{"count":1,"href":"https:\/\/secovimed-pr.com.br\/londrina\/wp-json\/wp\/v2\/pages\/904\/revisions"}],"predecessor-version":[{"id":905,"href":"https:\/\/secovimed-pr.com.br\/londrina\/wp-json\/wp\/v2\/pages\/904\/revisions\/905"}],"wp:attachment":[{"href":"https:\/\/secovimed-pr.com.br\/londrina\/wp-json\/wp\/v2\/media?parent=904"}],"curies":[{"name":"wp","href":"https:\/\/api.w.org\/{rel}","templated":true}]}}