{"id":469,"date":"2022-05-13T17:10:42","date_gmt":"2022-05-13T20:10:42","guid":{"rendered":"https:\/\/londrina.secovimed-pr.com.br\/?page_id=469"},"modified":"2022-05-13T17:10:43","modified_gmt":"2022-05-13T20:10:43","slug":"atendimento","status":"publish","type":"page","link":"https:\/\/secovimed-pr.com.br\/londrina\/atendimento\/","title":{"rendered":"Atendimento"},"content":{"rendered":"\n<p>As consultas s\u00e3o marcadas pelo telefone (3259-6200) ou pessoalmente na sede do SecoviMed.<\/p>\n\n\n\n<p>Para atendimento a consultas clinicas e odontol\u00f3gicas, o usu\u00e1rio dever\u00e1 comparecer \u00e0 sede do SecoviMed, na hora marcada, portando documento de identifica\u00e7\u00e3o oficial original (CTPS, RG, CPF, CNH, Titulo de Eleitor).<\/p>\n\n\n\n<p>Para realiza\u00e7\u00e3o de Exame de Medicina Ocupacional \u00e9 aceito apenas documento de identifica\u00e7\u00e3o oficial orignal com foto (RG, CNH e CTPS).&nbsp;<\/p>\n\n\n\n<p>Consultas n\u00e3o canceladas com 24 horas de anteced\u00eancia implicar\u00e1 em suspens\u00e3o no atendimento por 60 dias ou multa para imediata reabilita\u00e7\u00e3o do usu\u00e1rio.<\/p>\n","protected":false},"excerpt":{"rendered":"<p>As consultas s\u00e3o marcadas pelo telefone (3259-6200) ou pessoalmente na sede do SecoviMed. Para atendimento a consultas clinicas e odontol\u00f3gicas, o usu\u00e1rio dever\u00e1 comparecer \u00e0 sede do SecoviMed, na hora marcada, portando documento de identifica\u00e7\u00e3o oficial original (CTPS, RG, CPF, CNH, Titulo de Eleitor). Para realiza\u00e7\u00e3o de Exame de Medicina Ocupacional \u00e9 aceito apenas documento [&hellip;]<\/p>\n","protected":false},"author":1,"featured_media":0,"parent":0,"menu_order":0,"comment_status":"closed","ping_status":"closed","template":"","meta":[],"acf":[],"yoast_head":"<!-- This site is optimized with the Yoast SEO plugin v17.9 - https:\/\/yoast.com\/wordpress\/plugins\/seo\/ -->\n<title>Atendimento - SecoviMed - Londrina<\/title>\n<meta name=\"robots\" content=\"noindex, follow, max-snippet:-1, max-image-preview:large, max-video-preview:-1\" \/>\n<meta property=\"og:locale\" content=\"pt_BR\" \/>\n<meta property=\"og:type\" content=\"article\" \/>\n<meta property=\"og:title\" content=\"Atendimento - SecoviMed - Londrina\" \/>\n<meta property=\"og:description\" content=\"As consultas s\u00e3o marcadas pelo telefone (3259-6200) ou pessoalmente na sede do SecoviMed. Para atendimento a consultas clinicas e odontol\u00f3gicas, o usu\u00e1rio dever\u00e1 comparecer \u00e0 sede do SecoviMed, na hora marcada, portando documento de identifica\u00e7\u00e3o oficial original (CTPS, RG, CPF, CNH, Titulo de Eleitor). Para realiza\u00e7\u00e3o de Exame de Medicina Ocupacional \u00e9 aceito apenas documento [&hellip;]\" \/>\n<meta property=\"og:url\" content=\"https:\/\/secovimed-pr.com.br\/londrina\/atendimento\/\" \/>\n<meta property=\"og:site_name\" content=\"SecoviMed - Londrina\" \/>\n<meta property=\"article:modified_time\" content=\"2022-05-13T20:10:43+00:00\" \/>\n<meta name=\"twitter:card\" content=\"summary_large_image\" \/>\n<meta name=\"twitter:label1\" content=\"Est. tempo de leitura\" \/>\n\t<meta name=\"twitter:data1\" content=\"1 minuto\" \/>\n<script type=\"application\/ld+json\" class=\"yoast-schema-graph\">{\"@context\":\"https:\/\/schema.org\",\"@graph\":[{\"@type\":\"WebSite\",\"@id\":\"https:\/\/secovimed-pr.com.br\/londrina\/#website\",\"url\":\"https:\/\/secovimed-pr.com.br\/londrina\/\",\"name\":\"SecoviMed - Londrina\",\"description\":\"Servi\\u00e7o Social da Habita\\u00e7\\u00e3o\",\"potentialAction\":[{\"@type\":\"SearchAction\",\"target\":{\"@type\":\"EntryPoint\",\"urlTemplate\":\"https:\/\/secovimed-pr.com.br\/londrina\/?s={search_term_string}\"},\"query-input\":\"required name=search_term_string\"}],\"inLanguage\":\"pt-BR\"},{\"@type\":\"WebPage\",\"@id\":\"https:\/\/secovimed-pr.com.br\/londrina\/atendimento\/#webpage\",\"url\":\"https:\/\/secovimed-pr.com.br\/londrina\/atendimento\/\",\"name\":\"Atendimento - SecoviMed - Londrina\",\"isPartOf\":{\"@id\":\"https:\/\/secovimed-pr.com.br\/londrina\/#website\"},\"datePublished\":\"2022-05-13T20:10:42+00:00\",\"dateModified\":\"2022-05-13T20:10:43+00:00\",\"breadcrumb\":{\"@id\":\"https:\/\/secovimed-pr.com.br\/londrina\/atendimento\/#breadcrumb\"},\"inLanguage\":\"pt-BR\",\"potentialAction\":[{\"@type\":\"ReadAction\",\"target\":[\"https:\/\/secovimed-pr.com.br\/londrina\/atendimento\/\"]}]},{\"@type\":\"BreadcrumbList\",\"@id\":\"https:\/\/secovimed-pr.com.br\/londrina\/atendimento\/#breadcrumb\",\"itemListElement\":[{\"@type\":\"ListItem\",\"position\":1,\"name\":\"In\\u00edcio\",\"item\":\"https:\/\/secovimed-pr.com.br\/londrina\/\"},{\"@type\":\"ListItem\",\"position\":2,\"name\":\"Atendimento\"}]}]}<\/script>\n<!-- \/ Yoast SEO plugin. -->","yoast_head_json":{"title":"Atendimento - SecoviMed - Londrina","robots":{"index":"noindex","follow":"follow","max-snippet":"max-snippet:-1","max-image-preview":"max-image-preview:large","max-video-preview":"max-video-preview:-1"},"og_locale":"pt_BR","og_type":"article","og_title":"Atendimento - SecoviMed - Londrina","og_description":"As consultas s\u00e3o marcadas pelo telefone (3259-6200) ou pessoalmente na sede do SecoviMed. Para atendimento a consultas clinicas e odontol\u00f3gicas, o usu\u00e1rio dever\u00e1 comparecer \u00e0 sede do SecoviMed, na hora marcada, portando documento de identifica\u00e7\u00e3o oficial original (CTPS, RG, CPF, CNH, Titulo de Eleitor). Para realiza\u00e7\u00e3o de Exame de Medicina Ocupacional \u00e9 aceito apenas documento [&hellip;]","og_url":"https:\/\/secovimed-pr.com.br\/londrina\/atendimento\/","og_site_name":"SecoviMed - Londrina","article_modified_time":"2022-05-13T20:10:43+00:00","twitter_card":"summary_large_image","twitter_misc":{"Est. tempo de leitura":"1 minuto"},"schema":{"@context":"https:\/\/schema.org","@graph":[{"@type":"WebSite","@id":"https:\/\/secovimed-pr.com.br\/londrina\/#website","url":"https:\/\/secovimed-pr.com.br\/londrina\/","name":"SecoviMed - Londrina","description":"Servi\u00e7o Social da Habita\u00e7\u00e3o","potentialAction":[{"@type":"SearchAction","target":{"@type":"EntryPoint","urlTemplate":"https:\/\/secovimed-pr.com.br\/londrina\/?s={search_term_string}"},"query-input":"required name=search_term_string"}],"inLanguage":"pt-BR"},{"@type":"WebPage","@id":"https:\/\/secovimed-pr.com.br\/londrina\/atendimento\/#webpage","url":"https:\/\/secovimed-pr.com.br\/londrina\/atendimento\/","name":"Atendimento - SecoviMed - Londrina","isPartOf":{"@id":"https:\/\/secovimed-pr.com.br\/londrina\/#website"},"datePublished":"2022-05-13T20:10:42+00:00","dateModified":"2022-05-13T20:10:43+00:00","breadcrumb":{"@id":"https:\/\/secovimed-pr.com.br\/londrina\/atendimento\/#breadcrumb"},"inLanguage":"pt-BR","potentialAction":[{"@type":"ReadAction","target":["https:\/\/secovimed-pr.com.br\/londrina\/atendimento\/"]}]},{"@type":"BreadcrumbList","@id":"https:\/\/secovimed-pr.com.br\/londrina\/atendimento\/#breadcrumb","itemListElement":[{"@type":"ListItem","position":1,"name":"In\u00edcio","item":"https:\/\/secovimed-pr.com.br\/londrina\/"},{"@type":"ListItem","position":2,"name":"Atendimento"}]}]}},"_links":{"self":[{"href":"https:\/\/secovimed-pr.com.br\/londrina\/wp-json\/wp\/v2\/pages\/469"}],"collection":[{"href":"https:\/\/secovimed-pr.com.br\/londrina\/wp-json\/wp\/v2\/pages"}],"about":[{"href":"https:\/\/secovimed-pr.com.br\/londrina\/wp-json\/wp\/v2\/types\/page"}],"author":[{"embeddable":true,"href":"https:\/\/secovimed-pr.com.br\/londrina\/wp-json\/wp\/v2\/users\/1"}],"replies":[{"embeddable":true,"href":"https:\/\/secovimed-pr.com.br\/londrina\/wp-json\/wp\/v2\/comments?post=469"}],"version-history":[{"count":1,"href":"https:\/\/secovimed-pr.com.br\/londrina\/wp-json\/wp\/v2\/pages\/469\/revisions"}],"predecessor-version":[{"id":470,"href":"https:\/\/secovimed-pr.com.br\/londrina\/wp-json\/wp\/v2\/pages\/469\/revisions\/470"}],"wp:attachment":[{"href":"https:\/\/secovimed-pr.com.br\/londrina\/wp-json\/wp\/v2\/media?parent=469"}],"curies":[{"name":"wp","href":"https:\/\/api.w.org\/{rel}","templated":true}]}}