{"id":378,"date":"2022-05-12T15:45:12","date_gmt":"2022-05-12T18:45:12","guid":{"rendered":"https:\/\/londrina.secovimed-pr.com.br\/?page_id=378"},"modified":"2022-08-25T15:23:00","modified_gmt":"2022-08-25T18:23:00","slug":"contato-2","status":"publish","type":"page","link":"https:\/\/secovimed-pr.com.br\/londrina\/contato-2\/","title":{"rendered":"Contato"},"content":{"rendered":"\n<p>Rua: R. Rol\u00e2ndia, 295<br>Londrina \u2013 Aurora<br>Paran\u00e1 \u2013 Brasil<br>CEP: 86060-430<br>e-mail:&nbsp;<a href=\"https:\/\/web.archive.org\/web\/20210508151939\/mailto:secovimed@londrina.secovimed-pr.com.br\">secovimed@londrina.secovimed-pr.com.br<\/a><br>Fones: <a href=\"https:\/\/www.google.com\/search?client=safari&amp;rls=en&amp;q=secovimed+londrina&amp;ie=UTF-8&amp;oe=UTF-8#\">(43) 3344-0408<\/a><\/p>\n\n\n\n<p>Rua: Av. Cerro Azul, 2531<br>Maringa \u2013 Cerro Azul<br>Paran\u00e1 \u2013 Brasil<br>CEP: 87010-055<br>e-mail:&nbsp;<a href=\"https:\/\/web.archive.org\/web\/20210508151939\/mailto:secovimed@londrina.secovimed-pr.com.br\">secovimed@maringa.secovimed-pr.com.br<\/a><br>Fones: (44) 3025-6699<\/p>\n\n\n\n<p>Rua: R. Dr. Pedrosa, 475<br>Curitiba \u2013 Centro<br>Paran\u00e1 \u2013 Brasil<br>CEP: 80420-120<br>e-mail:\u00a0<a href=\"https:\/\/web.archive.org\/web\/20210508151939\/mailto:secovimed@londrina.secovimed-pr.com.br\">secovimed@secovimed-pr.com.br<\/a><br>Fones: <a href=\"https:\/\/www.google.com\/search?client=safari&amp;rls=en&amp;q=secovimed+londrina&amp;ie=UTF-8&amp;oe=UTF-8#\">(<\/a><a href=\"https:\/\/www.google.com\/search?q=secovimed&amp;client=safari&amp;rls=en&amp;ei=PrUHY9DHAprR5OUPjfmryAk&amp;gs_ssp=eJzj4tZP1zcsKUkpMC7ONWC0UjWosDRJSU41MTc0SbVMsTBLS7EyqEg1S05KTUk1TTFLNkpKMk3z4ixOTc4vy8xNTQEAY5sT-w&amp;oq=secovimed&amp;gs_lcp=Cgdnd3Mtd2l6EAMYADIQCC4QsQMQgwEQxwEQrwEQQzIFCAAQgAQyBQgAEIAEMgsILhCABBDHARCvATIFCAAQgAQyBQgAEIAEMgUIABCABDIFCAAQgAQyBQgAEIAEMgUIABCABDoHCAAQRxCwAzoKCC4QxwEQrwEQQzoECAAQQzoLCC4QgAQQsQMQgwE6CAgAELEDEIMBOhEILhCABBCxAxCDARDHARDRAzoLCAAQgAQQsQMQgwE6CwguEIAEEMcBENEDOggIABCABBCxAzoKCAAQsQMQgwEQQzoECAAQAzoOCC4QsQMQgwEQxwEQrwE6EQguEIAEELEDEIMBEMcBEK8BSgQIQRgASgQIRhgAUOcLWMAhYLYoaAZwAHgAgAGlAogBpg2SAQUwLjcuMpgBAKABAbABAMgBCMABAQ&amp;sclient=gws-wiz#\">41) 3259-6200<\/a><\/p>\n\n\n\n<div class=\"wp-block-contact-form-7-contact-form-selector\"><div role=\"form\" class=\"wpcf7\" id=\"wpcf7-f143-o1\" lang=\"pt-BR\" dir=\"ltr\">\n<div class=\"screen-reader-response\"><p role=\"status\" aria-live=\"polite\" aria-atomic=\"true\"><\/p> <ul><\/ul><\/div>\n<form action=\"\/londrina\/wp-json\/wp\/v2\/pages\/378#wpcf7-f143-o1\" method=\"post\" class=\"wpcf7-form init\" novalidate=\"novalidate\" data-status=\"init\">\n<div style=\"display: none;\">\n<input type=\"hidden\" name=\"_wpcf7\" value=\"143\" \/>\n<input type=\"hidden\" name=\"_wpcf7_version\" value=\"5.5.3\" \/>\n<input type=\"hidden\" name=\"_wpcf7_locale\" value=\"pt_BR\" \/>\n<input type=\"hidden\" name=\"_wpcf7_unit_tag\" value=\"wpcf7-f143-o1\" \/>\n<input type=\"hidden\" name=\"_wpcf7_container_post\" value=\"0\" \/>\n<input type=\"hidden\" name=\"_wpcf7_posted_data_hash\" value=\"\" \/>\n<\/div>\n<div class=\"input-wrap\">\n<label>\n<span class=\"wpcf7-form-control-wrap nome-contato\"><input type=\"text\" name=\"nome-contato\" value=\"\" size=\"40\" class=\"wpcf7-form-control wpcf7-text wpcf7-validates-as-required input-01\" id=\"nome-contato\" aria-required=\"true\" aria-invalid=\"false\" placeholder=\"Nome\" \/><\/span>\n<\/label>\n<\/div>\n\n<div class=\"input-wrap\">\n<label>\n<span class=\"wpcf7-form-control-wrap email-contato\"><input type=\"email\" name=\"email-contato\" value=\"\" size=\"40\" class=\"wpcf7-form-control wpcf7-text wpcf7-email wpcf7-validates-as-required wpcf7-validates-as-email input-01\" id=\"email-contato\" aria-required=\"true\" aria-invalid=\"false\" placeholder=\"Email\" \/><\/span>\n<\/label>\n<\/div>\n\n<div class=\"input-wrap\">\n<label>\n<span class=\"wpcf7-form-control-wrap tel-contato\"><input type=\"tel\" name=\"tel-contato\" value=\"\" size=\"40\" class=\"wpcf7-form-control wpcf7-text wpcf7-tel wpcf7-validates-as-required wpcf7-validates-as-tel input-01\" id=\"tel-contato\" aria-required=\"true\" aria-invalid=\"false\" placeholder=\"Telefone\" \/><\/span>\n<\/label>\n<\/div>\n\n<div class=\"input-wrap\">\n<span class=\"wpcf7-form-control-wrap optin-contato\"><span class=\"wpcf7-form-control wpcf7-acceptance\"><span class=\"wpcf7-list-item\"><label><input type=\"checkbox\" name=\"optin-contato\" value=\"1\" aria-invalid=\"false\" id=\"optin-contato\" \/><span class=\"wpcf7-list-item-label\">Li e concordo com a <a href=\"https:\/\/secovipr.com.br\/politica-de-privacidade\/\" target=\"_blank\">pol\u00edtica de privacidade<\/a>.<\/span><\/label><\/span><\/span><\/span>\n<\/div>\n\n<div class=\"input-wrap\">\n<input type=\"submit\" value=\"Enviar\" class=\"wpcf7-form-control has-spinner wpcf7-submit submit-01\" \/>\n<\/div><div class=\"wpcf7-response-output\" aria-hidden=\"true\"><\/div><\/form><\/div><\/div>\n\n\n\n<p><\/p>\n","protected":false},"excerpt":{"rendered":"<p>Rua: R. Rol\u00e2ndia, 295Londrina \u2013 AuroraParan\u00e1 \u2013 BrasilCEP: 86060-430e-mail:&nbsp;secovimed@londrina.secovimed-pr.com.brFones: (43) 3344-0408 Rua: Av. Cerro Azul, 2531Maringa \u2013 Cerro AzulParan\u00e1 \u2013 BrasilCEP: 87010-055e-mail:&nbsp;secovimed@maringa.secovimed-pr.com.brFones: (44) 3025-6699 Rua: R. Dr. Pedrosa, 475Curitiba \u2013 CentroParan\u00e1 \u2013 BrasilCEP: 80420-120e-mail:\u00a0secovimed@secovimed-pr.com.brFones: (41) 3259-6200<\/p>\n","protected":false},"author":1,"featured_media":0,"parent":0,"menu_order":0,"comment_status":"closed","ping_status":"closed","template":"","meta":[],"acf":[],"yoast_head":"<!-- This site is optimized with the Yoast SEO plugin v17.9 - https:\/\/yoast.com\/wordpress\/plugins\/seo\/ -->\n<title>Contato - SecoviMed - Londrina<\/title>\n<meta name=\"robots\" content=\"noindex, follow, max-snippet:-1, max-image-preview:large, max-video-preview:-1\" \/>\n<meta property=\"og:locale\" content=\"pt_BR\" \/>\n<meta property=\"og:type\" content=\"article\" \/>\n<meta property=\"og:title\" content=\"Contato - SecoviMed - Londrina\" \/>\n<meta property=\"og:description\" content=\"Rua: R. Rol\u00e2ndia, 295Londrina \u2013 AuroraParan\u00e1 \u2013 BrasilCEP: 86060-430e-mail:&nbsp;secovimed@londrina.secovimed-pr.com.brFones: (43) 3344-0408 Rua: Av. Cerro Azul, 2531Maringa \u2013 Cerro AzulParan\u00e1 \u2013 BrasilCEP: 87010-055e-mail:&nbsp;secovimed@maringa.secovimed-pr.com.brFones: (44) 3025-6699 Rua: R. Dr. Pedrosa, 475Curitiba \u2013 CentroParan\u00e1 \u2013 BrasilCEP: 80420-120e-mail:\u00a0secovimed@secovimed-pr.com.brFones: (41) 3259-6200\" \/>\n<meta property=\"og:url\" content=\"https:\/\/secovimed-pr.com.br\/londrina\/contato-2\/\" \/>\n<meta property=\"og:site_name\" content=\"SecoviMed - Londrina\" \/>\n<meta property=\"article:modified_time\" content=\"2022-08-25T18:23:00+00:00\" \/>\n<meta name=\"twitter:card\" content=\"summary_large_image\" \/>\n<meta name=\"twitter:label1\" content=\"Est. tempo de leitura\" \/>\n\t<meta name=\"twitter:data1\" content=\"1 minuto\" \/>\n<script type=\"application\/ld+json\" class=\"yoast-schema-graph\">{\"@context\":\"https:\/\/schema.org\",\"@graph\":[{\"@type\":\"WebSite\",\"@id\":\"https:\/\/secovimed-pr.com.br\/londrina\/#website\",\"url\":\"https:\/\/secovimed-pr.com.br\/londrina\/\",\"name\":\"SecoviMed - Londrina\",\"description\":\"Servi\\u00e7o Social da Habita\\u00e7\\u00e3o\",\"potentialAction\":[{\"@type\":\"SearchAction\",\"target\":{\"@type\":\"EntryPoint\",\"urlTemplate\":\"https:\/\/secovimed-pr.com.br\/londrina\/?s={search_term_string}\"},\"query-input\":\"required name=search_term_string\"}],\"inLanguage\":\"pt-BR\"},{\"@type\":\"WebPage\",\"@id\":\"https:\/\/secovimed-pr.com.br\/londrina\/contato-2\/#webpage\",\"url\":\"https:\/\/secovimed-pr.com.br\/londrina\/contato-2\/\",\"name\":\"Contato - SecoviMed - Londrina\",\"isPartOf\":{\"@id\":\"https:\/\/secovimed-pr.com.br\/londrina\/#website\"},\"datePublished\":\"2022-05-12T18:45:12+00:00\",\"dateModified\":\"2022-08-25T18:23:00+00:00\",\"breadcrumb\":{\"@id\":\"https:\/\/secovimed-pr.com.br\/londrina\/contato-2\/#breadcrumb\"},\"inLanguage\":\"pt-BR\",\"potentialAction\":[{\"@type\":\"ReadAction\",\"target\":[\"https:\/\/secovimed-pr.com.br\/londrina\/contato-2\/\"]}]},{\"@type\":\"BreadcrumbList\",\"@id\":\"https:\/\/secovimed-pr.com.br\/londrina\/contato-2\/#breadcrumb\",\"itemListElement\":[{\"@type\":\"ListItem\",\"position\":1,\"name\":\"In\\u00edcio\",\"item\":\"https:\/\/secovimed-pr.com.br\/londrina\/\"},{\"@type\":\"ListItem\",\"position\":2,\"name\":\"Contato\"}]}]}<\/script>\n<!-- \/ Yoast SEO plugin. -->","yoast_head_json":{"title":"Contato - SecoviMed - Londrina","robots":{"index":"noindex","follow":"follow","max-snippet":"max-snippet:-1","max-image-preview":"max-image-preview:large","max-video-preview":"max-video-preview:-1"},"og_locale":"pt_BR","og_type":"article","og_title":"Contato - SecoviMed - Londrina","og_description":"Rua: R. Rol\u00e2ndia, 295Londrina \u2013 AuroraParan\u00e1 \u2013 BrasilCEP: 86060-430e-mail:&nbsp;secovimed@londrina.secovimed-pr.com.brFones: (43) 3344-0408 Rua: Av. Cerro Azul, 2531Maringa \u2013 Cerro AzulParan\u00e1 \u2013 BrasilCEP: 87010-055e-mail:&nbsp;secovimed@maringa.secovimed-pr.com.brFones: (44) 3025-6699 Rua: R. Dr. Pedrosa, 475Curitiba \u2013 CentroParan\u00e1 \u2013 BrasilCEP: 80420-120e-mail:\u00a0secovimed@secovimed-pr.com.brFones: (41) 3259-6200","og_url":"https:\/\/secovimed-pr.com.br\/londrina\/contato-2\/","og_site_name":"SecoviMed - Londrina","article_modified_time":"2022-08-25T18:23:00+00:00","twitter_card":"summary_large_image","twitter_misc":{"Est. tempo de leitura":"1 minuto"},"schema":{"@context":"https:\/\/schema.org","@graph":[{"@type":"WebSite","@id":"https:\/\/secovimed-pr.com.br\/londrina\/#website","url":"https:\/\/secovimed-pr.com.br\/londrina\/","name":"SecoviMed - Londrina","description":"Servi\u00e7o Social da Habita\u00e7\u00e3o","potentialAction":[{"@type":"SearchAction","target":{"@type":"EntryPoint","urlTemplate":"https:\/\/secovimed-pr.com.br\/londrina\/?s={search_term_string}"},"query-input":"required name=search_term_string"}],"inLanguage":"pt-BR"},{"@type":"WebPage","@id":"https:\/\/secovimed-pr.com.br\/londrina\/contato-2\/#webpage","url":"https:\/\/secovimed-pr.com.br\/londrina\/contato-2\/","name":"Contato - SecoviMed - Londrina","isPartOf":{"@id":"https:\/\/secovimed-pr.com.br\/londrina\/#website"},"datePublished":"2022-05-12T18:45:12+00:00","dateModified":"2022-08-25T18:23:00+00:00","breadcrumb":{"@id":"https:\/\/secovimed-pr.com.br\/londrina\/contato-2\/#breadcrumb"},"inLanguage":"pt-BR","potentialAction":[{"@type":"ReadAction","target":["https:\/\/secovimed-pr.com.br\/londrina\/contato-2\/"]}]},{"@type":"BreadcrumbList","@id":"https:\/\/secovimed-pr.com.br\/londrina\/contato-2\/#breadcrumb","itemListElement":[{"@type":"ListItem","position":1,"name":"In\u00edcio","item":"https:\/\/secovimed-pr.com.br\/londrina\/"},{"@type":"ListItem","position":2,"name":"Contato"}]}]}},"_links":{"self":[{"href":"https:\/\/secovimed-pr.com.br\/londrina\/wp-json\/wp\/v2\/pages\/378"}],"collection":[{"href":"https:\/\/secovimed-pr.com.br\/londrina\/wp-json\/wp\/v2\/pages"}],"about":[{"href":"https:\/\/secovimed-pr.com.br\/londrina\/wp-json\/wp\/v2\/types\/page"}],"author":[{"embeddable":true,"href":"https:\/\/secovimed-pr.com.br\/londrina\/wp-json\/wp\/v2\/users\/1"}],"replies":[{"embeddable":true,"href":"https:\/\/secovimed-pr.com.br\/londrina\/wp-json\/wp\/v2\/comments?post=378"}],"version-history":[{"count":6,"href":"https:\/\/secovimed-pr.com.br\/londrina\/wp-json\/wp\/v2\/pages\/378\/revisions"}],"predecessor-version":[{"id":915,"href":"https:\/\/secovimed-pr.com.br\/londrina\/wp-json\/wp\/v2\/pages\/378\/revisions\/915"}],"wp:attachment":[{"href":"https:\/\/secovimed-pr.com.br\/londrina\/wp-json\/wp\/v2\/media?parent=378"}],"curies":[{"name":"wp","href":"https:\/\/api.w.org\/{rel}","templated":true}]}}