{"id":355,"date":"2022-05-11T17:58:32","date_gmt":"2022-05-11T20:58:32","guid":{"rendered":"https:\/\/londrina.secovimed-pr.com.br\/?page_id=355"},"modified":"2022-05-13T17:41:24","modified_gmt":"2022-05-13T20:41:24","slug":"perguntas-frequentes","status":"publish","type":"page","link":"https:\/\/secovimed-pr.com.br\/londrina\/perguntas-frequentes\/","title":{"rendered":"Perguntas Frequentes"},"content":{"rendered":"","protected":false},"excerpt":{"rendered":"","protected":false},"author":1,"featured_media":0,"parent":0,"menu_order":0,"comment_status":"closed","ping_status":"closed","template":"template-perguntas.php","meta":[],"acf":[],"yoast_head":"<!-- This site is optimized with the Yoast SEO plugin v17.9 - https:\/\/yoast.com\/wordpress\/plugins\/seo\/ -->\n<title>Perguntas Frequentes - SecoviMed - Londrina<\/title>\n<meta name=\"robots\" content=\"noindex, follow, max-snippet:-1, max-image-preview:large, max-video-preview:-1\" \/>\n<meta property=\"og:locale\" content=\"pt_BR\" \/>\n<meta property=\"og:type\" content=\"article\" \/>\n<meta property=\"og:title\" content=\"Perguntas Frequentes - SecoviMed - Londrina\" \/>\n<meta property=\"og:url\" content=\"https:\/\/secovimed-pr.com.br\/londrina\/perguntas-frequentes\/\" \/>\n<meta property=\"og:site_name\" content=\"SecoviMed - Londrina\" \/>\n<meta property=\"article:modified_time\" content=\"2022-05-13T20:41:24+00:00\" \/>\n<meta name=\"twitter:card\" content=\"summary_large_image\" \/>\n<script type=\"application\/ld+json\" class=\"yoast-schema-graph\">{\"@context\":\"https:\/\/schema.org\",\"@graph\":[{\"@type\":\"WebSite\",\"@id\":\"https:\/\/secovimed-pr.com.br\/londrina\/#website\",\"url\":\"https:\/\/secovimed-pr.com.br\/londrina\/\",\"name\":\"SecoviMed - Londrina\",\"description\":\"Servi\\u00e7o Social da Habita\\u00e7\\u00e3o\",\"potentialAction\":[{\"@type\":\"SearchAction\",\"target\":{\"@type\":\"EntryPoint\",\"urlTemplate\":\"https:\/\/secovimed-pr.com.br\/londrina\/?s={search_term_string}\"},\"query-input\":\"required name=search_term_string\"}],\"inLanguage\":\"pt-BR\"},{\"@type\":\"WebPage\",\"@id\":\"https:\/\/secovimed-pr.com.br\/londrina\/perguntas-frequentes\/#webpage\",\"url\":\"https:\/\/secovimed-pr.com.br\/londrina\/perguntas-frequentes\/\",\"name\":\"Perguntas Frequentes - SecoviMed - Londrina\",\"isPartOf\":{\"@id\":\"https:\/\/secovimed-pr.com.br\/londrina\/#website\"},\"datePublished\":\"2022-05-11T20:58:32+00:00\",\"dateModified\":\"2022-05-13T20:41:24+00:00\",\"breadcrumb\":{\"@id\":\"https:\/\/secovimed-pr.com.br\/londrina\/perguntas-frequentes\/#breadcrumb\"},\"inLanguage\":\"pt-BR\",\"potentialAction\":[{\"@type\":\"ReadAction\",\"target\":[\"https:\/\/secovimed-pr.com.br\/londrina\/perguntas-frequentes\/\"]}]},{\"@type\":\"BreadcrumbList\",\"@id\":\"https:\/\/secovimed-pr.com.br\/londrina\/perguntas-frequentes\/#breadcrumb\",\"itemListElement\":[{\"@type\":\"ListItem\",\"position\":1,\"name\":\"In\\u00edcio\",\"item\":\"https:\/\/secovimed-pr.com.br\/londrina\/\"},{\"@type\":\"ListItem\",\"position\":2,\"name\":\"Perguntas Frequentes\"}]}]}<\/script>\n<!-- \/ Yoast SEO plugin. -->","yoast_head_json":{"title":"Perguntas Frequentes - SecoviMed - Londrina","robots":{"index":"noindex","follow":"follow","max-snippet":"max-snippet:-1","max-image-preview":"max-image-preview:large","max-video-preview":"max-video-preview:-1"},"og_locale":"pt_BR","og_type":"article","og_title":"Perguntas Frequentes - SecoviMed - Londrina","og_url":"https:\/\/secovimed-pr.com.br\/londrina\/perguntas-frequentes\/","og_site_name":"SecoviMed - Londrina","article_modified_time":"2022-05-13T20:41:24+00:00","twitter_card":"summary_large_image","schema":{"@context":"https:\/\/schema.org","@graph":[{"@type":"WebSite","@id":"https:\/\/secovimed-pr.com.br\/londrina\/#website","url":"https:\/\/secovimed-pr.com.br\/londrina\/","name":"SecoviMed - Londrina","description":"Servi\u00e7o Social da Habita\u00e7\u00e3o","potentialAction":[{"@type":"SearchAction","target":{"@type":"EntryPoint","urlTemplate":"https:\/\/secovimed-pr.com.br\/londrina\/?s={search_term_string}"},"query-input":"required name=search_term_string"}],"inLanguage":"pt-BR"},{"@type":"WebPage","@id":"https:\/\/secovimed-pr.com.br\/londrina\/perguntas-frequentes\/#webpage","url":"https:\/\/secovimed-pr.com.br\/londrina\/perguntas-frequentes\/","name":"Perguntas Frequentes - SecoviMed - Londrina","isPartOf":{"@id":"https:\/\/secovimed-pr.com.br\/londrina\/#website"},"datePublished":"2022-05-11T20:58:32+00:00","dateModified":"2022-05-13T20:41:24+00:00","breadcrumb":{"@id":"https:\/\/secovimed-pr.com.br\/londrina\/perguntas-frequentes\/#breadcrumb"},"inLanguage":"pt-BR","potentialAction":[{"@type":"ReadAction","target":["https:\/\/secovimed-pr.com.br\/londrina\/perguntas-frequentes\/"]}]},{"@type":"BreadcrumbList","@id":"https:\/\/secovimed-pr.com.br\/londrina\/perguntas-frequentes\/#breadcrumb","itemListElement":[{"@type":"ListItem","position":1,"name":"In\u00edcio","item":"https:\/\/secovimed-pr.com.br\/londrina\/"},{"@type":"ListItem","position":2,"name":"Perguntas Frequentes"}]}]}},"_links":{"self":[{"href":"https:\/\/secovimed-pr.com.br\/londrina\/wp-json\/wp\/v2\/pages\/355"}],"collection":[{"href":"https:\/\/secovimed-pr.com.br\/londrina\/wp-json\/wp\/v2\/pages"}],"about":[{"href":"https:\/\/secovimed-pr.com.br\/londrina\/wp-json\/wp\/v2\/types\/page"}],"author":[{"embeddable":true,"href":"https:\/\/secovimed-pr.com.br\/londrina\/wp-json\/wp\/v2\/users\/1"}],"replies":[{"embeddable":true,"href":"https:\/\/secovimed-pr.com.br\/londrina\/wp-json\/wp\/v2\/comments?post=355"}],"version-history":[{"count":6,"href":"https:\/\/secovimed-pr.com.br\/londrina\/wp-json\/wp\/v2\/pages\/355\/revisions"}],"predecessor-version":[{"id":484,"href":"https:\/\/secovimed-pr.com.br\/londrina\/wp-json\/wp\/v2\/pages\/355\/revisions\/484"}],"wp:attachment":[{"href":"https:\/\/secovimed-pr.com.br\/londrina\/wp-json\/wp\/v2\/media?parent=355"}],"curies":[{"name":"wp","href":"https:\/\/api.w.org\/{rel}","templated":true}]}}