{"id":352,"date":"2022-05-11T17:10:27","date_gmt":"2022-05-11T20:10:27","guid":{"rendered":"https:\/\/londrina.secovimed-pr.com.br\/?page_id=352"},"modified":"2022-05-11T17:10:28","modified_gmt":"2022-05-11T20:10:28","slug":"procedimento-de-faturamento","status":"publish","type":"page","link":"https:\/\/secovimed-pr.com.br\/londrina\/procedimento-de-faturamento\/","title":{"rendered":"Procedimento de faturamento"},"content":{"rendered":"\n<p>Procedimento de faturamento<\/p>\n\n\n\n<p>Prezado S\u00edndico, Administrador de Condom\u00ednios e Imobili\u00e1rias;<\/p>\n\n\n\n<p>O SecoviMed-PR, Servi\u00e7o Social vinculado ao Secovi-PR, em atendimento \u00e0s determina\u00e7\u00f5es da Ag\u00eancia Nacional de Sa\u00fade (ANS), informa que est\u00e1 promovendo altera\u00e7\u00e3o no procedimento para o c\u00e1lculo de suas contribui\u00e7\u00f5es conforme previsto na cl\u00e1usula Quinquag\u00e9sima segunda da CCT de Imobili\u00e1rias e Administradoras de Im\u00f3veis, e cl\u00e1usula Quinquag\u00e9sima S\u00e9xta da CCT de Condom\u00ednios de Curitiba e Regi\u00e3o Metropolitana.<\/p>\n\n\n\n<p>Por exig\u00eancia da ANS, as contribui\u00e7\u00f5es em prol do SecoviMed-PR devem ter como base de calculo o valor da folha bruta de pagamento de cada empregado cadastrado no SecoviMed, respeitando os percentuais e taxas m\u00ednimas de contribui\u00e7\u00e3o previstos nas respectivas clausulas das Conven\u00e7\u00f5es Coletivas de Trabalho (CCT)<\/p>\n\n\n\n<p>O novo modelo de contribui\u00e7\u00e3o est\u00e1 em vigor desde o m\u00eas de refer\u00eancia Setembro\/2013 cujo boleto de pagamento tem vencimento em 10 de Outubro de 2013.<\/p>\n\n\n\n<p>Para possibilitar o calculo e emiss\u00e3o das guias, \u00e9 obrigat\u00f3rio o envio por meio eletr\u00f4nico gerado em formato PDF da RE (Rela\u00e7\u00e3o de Empregados), arquivo este gerado juntamente com a GPS no sistema SEFIP, carregando o arquivo no site&nbsp;<a href=\"https:\/\/web.archive.org\/web\/20200704204154\/http:\/\/www.sistema.londrina.secovimed-pr.com.br\/\">http:\/\/www.sistema.londrina.secovimed-pr.com.br\/<\/a>&nbsp;mediante cadastramento de senha, at\u00e9 o terceiro dia \u00fatil subsequente ao fato gerador. A comprova\u00e7\u00e3o do envio se dar\u00e1 por protocolo eletr\u00f4nico emitido ao final do envio das R.E.<\/p>\n\n\n\n<p>O SecoviMed-PR estar\u00e1 ao seu dispor para esclarecimento de d\u00favidas sobre o novo modelo de contribui\u00e7\u00e3o pelo telefones (41) 3259-6200 e (41) 3259-6206.<\/p>\n\n\n\n<p>Fique atento \u00e0s Cl\u00e1usulas da Conven\u00e7\u00e3o Coletiva de Trabalho de sua categoria econ\u00f4mica. Nela voc\u00ea encontrar\u00e1 as instru\u00e7\u00f5es sobre como proceder para continuar usufruindo dos benef\u00edcios proporcionados pelo SecoviMed-PR.<\/p>\n\n\n\n<p>As Conven\u00e7\u00f5es Coletitivas est\u00e3o dispon\u00edveis para download no site do Secovi-PR atrav\u00e9s do link:<a href=\"https:\/\/web.archive.org\/web\/20200704204154\/http:\/\/www.sistema.londrina.secovimed-pr.com.br\/\">http:\/\/www.secovipr.com.br<\/a><\/p>\n\n\n\n<p>SecoviMed-PR, ao seu lado, trabalhando pela&nbsp;<em>Dignidade e Qualidade de Vida.<\/em><\/p>\n","protected":false},"excerpt":{"rendered":"<p>Procedimento de faturamento Prezado S\u00edndico, Administrador de Condom\u00ednios e Imobili\u00e1rias; O SecoviMed-PR, Servi\u00e7o Social vinculado ao Secovi-PR, em atendimento \u00e0s determina\u00e7\u00f5es da Ag\u00eancia Nacional de Sa\u00fade (ANS), informa que est\u00e1 promovendo altera\u00e7\u00e3o no procedimento para o c\u00e1lculo de suas contribui\u00e7\u00f5es conforme previsto na cl\u00e1usula Quinquag\u00e9sima segunda da CCT de Imobili\u00e1rias e Administradoras de Im\u00f3veis, e [&hellip;]<\/p>\n","protected":false},"author":1,"featured_media":0,"parent":0,"menu_order":0,"comment_status":"closed","ping_status":"closed","template":"","meta":[],"acf":[],"yoast_head":"<!-- This site is optimized with the Yoast SEO plugin v17.9 - https:\/\/yoast.com\/wordpress\/plugins\/seo\/ -->\n<title>Procedimento de faturamento - SecoviMed - Londrina<\/title>\n<meta name=\"robots\" content=\"noindex, follow, max-snippet:-1, max-image-preview:large, max-video-preview:-1\" \/>\n<meta property=\"og:locale\" content=\"pt_BR\" \/>\n<meta property=\"og:type\" content=\"article\" \/>\n<meta property=\"og:title\" content=\"Procedimento de faturamento - SecoviMed - Londrina\" \/>\n<meta property=\"og:description\" content=\"Procedimento de faturamento Prezado S\u00edndico, Administrador de Condom\u00ednios e Imobili\u00e1rias; O SecoviMed-PR, Servi\u00e7o Social vinculado ao Secovi-PR, em atendimento \u00e0s determina\u00e7\u00f5es da Ag\u00eancia Nacional de Sa\u00fade (ANS), informa que est\u00e1 promovendo altera\u00e7\u00e3o no procedimento para o c\u00e1lculo de suas contribui\u00e7\u00f5es conforme previsto na cl\u00e1usula Quinquag\u00e9sima segunda da CCT de Imobili\u00e1rias e Administradoras de Im\u00f3veis, e [&hellip;]\" \/>\n<meta property=\"og:url\" content=\"https:\/\/secovimed-pr.com.br\/londrina\/procedimento-de-faturamento\/\" \/>\n<meta property=\"og:site_name\" content=\"SecoviMed - Londrina\" \/>\n<meta property=\"article:modified_time\" content=\"2022-05-11T20:10:28+00:00\" \/>\n<meta name=\"twitter:card\" content=\"summary_large_image\" \/>\n<meta name=\"twitter:label1\" content=\"Est. tempo de leitura\" \/>\n\t<meta name=\"twitter:data1\" content=\"2 minutos\" \/>\n<script type=\"application\/ld+json\" class=\"yoast-schema-graph\">{\"@context\":\"https:\/\/schema.org\",\"@graph\":[{\"@type\":\"WebSite\",\"@id\":\"https:\/\/secovimed-pr.com.br\/londrina\/#website\",\"url\":\"https:\/\/secovimed-pr.com.br\/londrina\/\",\"name\":\"SecoviMed - Londrina\",\"description\":\"Servi\\u00e7o Social da Habita\\u00e7\\u00e3o\",\"potentialAction\":[{\"@type\":\"SearchAction\",\"target\":{\"@type\":\"EntryPoint\",\"urlTemplate\":\"https:\/\/secovimed-pr.com.br\/londrina\/?s={search_term_string}\"},\"query-input\":\"required name=search_term_string\"}],\"inLanguage\":\"pt-BR\"},{\"@type\":\"WebPage\",\"@id\":\"https:\/\/secovimed-pr.com.br\/londrina\/procedimento-de-faturamento\/#webpage\",\"url\":\"https:\/\/secovimed-pr.com.br\/londrina\/procedimento-de-faturamento\/\",\"name\":\"Procedimento de faturamento - SecoviMed - Londrina\",\"isPartOf\":{\"@id\":\"https:\/\/secovimed-pr.com.br\/londrina\/#website\"},\"datePublished\":\"2022-05-11T20:10:27+00:00\",\"dateModified\":\"2022-05-11T20:10:28+00:00\",\"breadcrumb\":{\"@id\":\"https:\/\/secovimed-pr.com.br\/londrina\/procedimento-de-faturamento\/#breadcrumb\"},\"inLanguage\":\"pt-BR\",\"potentialAction\":[{\"@type\":\"ReadAction\",\"target\":[\"https:\/\/secovimed-pr.com.br\/londrina\/procedimento-de-faturamento\/\"]}]},{\"@type\":\"BreadcrumbList\",\"@id\":\"https:\/\/secovimed-pr.com.br\/londrina\/procedimento-de-faturamento\/#breadcrumb\",\"itemListElement\":[{\"@type\":\"ListItem\",\"position\":1,\"name\":\"In\\u00edcio\",\"item\":\"https:\/\/secovimed-pr.com.br\/londrina\/\"},{\"@type\":\"ListItem\",\"position\":2,\"name\":\"Procedimento de faturamento\"}]}]}<\/script>\n<!-- \/ Yoast SEO plugin. -->","yoast_head_json":{"title":"Procedimento de faturamento - SecoviMed - Londrina","robots":{"index":"noindex","follow":"follow","max-snippet":"max-snippet:-1","max-image-preview":"max-image-preview:large","max-video-preview":"max-video-preview:-1"},"og_locale":"pt_BR","og_type":"article","og_title":"Procedimento de faturamento - SecoviMed - Londrina","og_description":"Procedimento de faturamento Prezado S\u00edndico, Administrador de Condom\u00ednios e Imobili\u00e1rias; O SecoviMed-PR, Servi\u00e7o Social vinculado ao Secovi-PR, em atendimento \u00e0s determina\u00e7\u00f5es da Ag\u00eancia Nacional de Sa\u00fade (ANS), informa que est\u00e1 promovendo altera\u00e7\u00e3o no procedimento para o c\u00e1lculo de suas contribui\u00e7\u00f5es conforme previsto na cl\u00e1usula Quinquag\u00e9sima segunda da CCT de Imobili\u00e1rias e Administradoras de Im\u00f3veis, e [&hellip;]","og_url":"https:\/\/secovimed-pr.com.br\/londrina\/procedimento-de-faturamento\/","og_site_name":"SecoviMed - Londrina","article_modified_time":"2022-05-11T20:10:28+00:00","twitter_card":"summary_large_image","twitter_misc":{"Est. tempo de leitura":"2 minutos"},"schema":{"@context":"https:\/\/schema.org","@graph":[{"@type":"WebSite","@id":"https:\/\/secovimed-pr.com.br\/londrina\/#website","url":"https:\/\/secovimed-pr.com.br\/londrina\/","name":"SecoviMed - Londrina","description":"Servi\u00e7o Social da Habita\u00e7\u00e3o","potentialAction":[{"@type":"SearchAction","target":{"@type":"EntryPoint","urlTemplate":"https:\/\/secovimed-pr.com.br\/londrina\/?s={search_term_string}"},"query-input":"required name=search_term_string"}],"inLanguage":"pt-BR"},{"@type":"WebPage","@id":"https:\/\/secovimed-pr.com.br\/londrina\/procedimento-de-faturamento\/#webpage","url":"https:\/\/secovimed-pr.com.br\/londrina\/procedimento-de-faturamento\/","name":"Procedimento de faturamento - SecoviMed - Londrina","isPartOf":{"@id":"https:\/\/secovimed-pr.com.br\/londrina\/#website"},"datePublished":"2022-05-11T20:10:27+00:00","dateModified":"2022-05-11T20:10:28+00:00","breadcrumb":{"@id":"https:\/\/secovimed-pr.com.br\/londrina\/procedimento-de-faturamento\/#breadcrumb"},"inLanguage":"pt-BR","potentialAction":[{"@type":"ReadAction","target":["https:\/\/secovimed-pr.com.br\/londrina\/procedimento-de-faturamento\/"]}]},{"@type":"BreadcrumbList","@id":"https:\/\/secovimed-pr.com.br\/londrina\/procedimento-de-faturamento\/#breadcrumb","itemListElement":[{"@type":"ListItem","position":1,"name":"In\u00edcio","item":"https:\/\/secovimed-pr.com.br\/londrina\/"},{"@type":"ListItem","position":2,"name":"Procedimento de faturamento"}]}]}},"_links":{"self":[{"href":"https:\/\/secovimed-pr.com.br\/londrina\/wp-json\/wp\/v2\/pages\/352"}],"collection":[{"href":"https:\/\/secovimed-pr.com.br\/londrina\/wp-json\/wp\/v2\/pages"}],"about":[{"href":"https:\/\/secovimed-pr.com.br\/londrina\/wp-json\/wp\/v2\/types\/page"}],"author":[{"embeddable":true,"href":"https:\/\/secovimed-pr.com.br\/londrina\/wp-json\/wp\/v2\/users\/1"}],"replies":[{"embeddable":true,"href":"https:\/\/secovimed-pr.com.br\/londrina\/wp-json\/wp\/v2\/comments?post=352"}],"version-history":[{"count":1,"href":"https:\/\/secovimed-pr.com.br\/londrina\/wp-json\/wp\/v2\/pages\/352\/revisions"}],"predecessor-version":[{"id":353,"href":"https:\/\/secovimed-pr.com.br\/londrina\/wp-json\/wp\/v2\/pages\/352\/revisions\/353"}],"wp:attachment":[{"href":"https:\/\/secovimed-pr.com.br\/londrina\/wp-json\/wp\/v2\/media?parent=352"}],"curies":[{"name":"wp","href":"https:\/\/api.w.org\/{rel}","templated":true}]}}