{"id":346,"date":"2022-05-11T17:02:36","date_gmt":"2022-05-11T20:02:36","guid":{"rendered":"https:\/\/londrina.secovimed-pr.com.br\/?page_id=346"},"modified":"2022-08-25T14:30:06","modified_gmt":"2022-08-25T17:30:06","slug":"procedimento-para-exclusao-de-funcionarios","status":"publish","type":"page","link":"https:\/\/secovimed-pr.com.br\/londrina\/procedimento-para-exclusao-de-funcionarios\/","title":{"rendered":"Procedimento para exclus\u00e3o de funcion\u00e1rios"},"content":{"rendered":"\n<p>Exclus\u00e3o\/Demiss\u00e3o de funcion\u00e1rio: at\u00e9 o dia 15 de cada m\u00eas \u2013 para altera\u00e7\u00e3o nos boletos&nbsp;<\/p>\n\n\n\n<p>C\u00f3pia do termo de rescis\u00e3o (apenas p\u00e1gina de assinatura, n\u00e3o \u00e9 necess\u00e1rio a p\u00e1gina de c\u00e1lculos)&nbsp;<\/p>\n\n\n\n<p>\u00c9 de total responsabilidade do empregador comunicar ao SecoviMed Londrina a data da Rescis\u00e3o do Contrato de Trabalho do funcion\u00e1rio, atrav\u00e9s do Termo Rescis\u00f3rio.&nbsp; A comunica\u00e7\u00e3o deve ser realizada atrav\u00e9s do e-mail <a>cadastro@secovimedlondrina.com.br<\/a>.<\/p>\n\n\n\n<p>Aguarde a confirma\u00e7\u00e3o da baixa via e-mail. Caso n\u00e3o receba a confirma\u00e7\u00e3o entre em contato com o SecoviMed Londrina.<\/p>\n\n\n\n<p>O SecoviMed Londrina n\u00e3o restituir\u00e1 nenhum valor de contribui\u00e7\u00e3o feita por empregador que deixar de comunicar a baixa de seu funcion\u00e1rio.<\/p>\n\n\n\n<p>Por medida de seguran\u00e7a n\u00e3o ser\u00e3o aceitas comunica\u00e7\u00f5es de baixa, exclus\u00e3o ou bloqueio de funcion\u00e1rios verbalmente ou por telefone.<\/p>\n\n\n\n<p>Aten\u00e7\u00e3o: Ap\u00f3s a realiza\u00e7\u00e3o da exclus\u00e3o SecoviMed Londrina, todas a consultas do usu\u00e1rio (funcion\u00e1rio) ser\u00e3o desmarcadas e n\u00e3o poder\u00e1 mais utilizar os servi\u00e7os do SecoviMed Londrina, mas caso este funcion\u00e1rio possua agendamento confirmado, para as especialidades m\u00e9dicas o mesmo ter\u00e1 direito ao atendimento (dentro do m\u00eas vigente) + 01 (um) retorno. Na odontologia, ter\u00e1 o direito da conclus\u00e3o do tratamento de Endodontia (canal), previamente agendado, ap\u00f3s a demiss\u00e3o no sistema.<\/p>\n\n\n\n<p>Arquive sua comprova\u00e7\u00e3o do recebimento do e-mail e confirma\u00e7\u00e3o da baixa. \u00c9 de total e irrestrita responsabilidade do empregador o pagamento dos custos gerados pelo funcion\u00e1rio que utilizar o SecoviMed Londrina estando desligado da empresa.<\/p>\n","protected":false},"excerpt":{"rendered":"<p>Exclus\u00e3o\/Demiss\u00e3o de funcion\u00e1rio: at\u00e9 o dia 15 de cada m\u00eas \u2013 para altera\u00e7\u00e3o nos boletos&nbsp; C\u00f3pia do termo de rescis\u00e3o (apenas p\u00e1gina de assinatura, n\u00e3o \u00e9 necess\u00e1rio a p\u00e1gina de c\u00e1lculos)&nbsp; \u00c9 de total responsabilidade do empregador comunicar ao SecoviMed Londrina a data da Rescis\u00e3o do Contrato de Trabalho do funcion\u00e1rio, atrav\u00e9s do Termo Rescis\u00f3rio.&nbsp; [&hellip;]<\/p>\n","protected":false},"author":1,"featured_media":0,"parent":0,"menu_order":0,"comment_status":"closed","ping_status":"closed","template":"","meta":[],"acf":[],"yoast_head":"<!-- This site is optimized with the Yoast SEO plugin v17.9 - https:\/\/yoast.com\/wordpress\/plugins\/seo\/ -->\n<title>Procedimento para exclus\u00e3o de funcion\u00e1rios - SecoviMed - Londrina<\/title>\n<meta name=\"robots\" content=\"noindex, follow, max-snippet:-1, max-image-preview:large, max-video-preview:-1\" \/>\n<meta property=\"og:locale\" content=\"pt_BR\" \/>\n<meta property=\"og:type\" content=\"article\" \/>\n<meta property=\"og:title\" content=\"Procedimento para exclus\u00e3o de funcion\u00e1rios - SecoviMed - Londrina\" \/>\n<meta property=\"og:description\" content=\"Exclus\u00e3o\/Demiss\u00e3o de funcion\u00e1rio: at\u00e9 o dia 15 de cada m\u00eas \u2013 para altera\u00e7\u00e3o nos boletos&nbsp; C\u00f3pia do termo de rescis\u00e3o (apenas p\u00e1gina de assinatura, n\u00e3o \u00e9 necess\u00e1rio a p\u00e1gina de c\u00e1lculos)&nbsp; \u00c9 de total responsabilidade do empregador comunicar ao SecoviMed Londrina a data da Rescis\u00e3o do Contrato de Trabalho do funcion\u00e1rio, atrav\u00e9s do Termo Rescis\u00f3rio.&nbsp; [&hellip;]\" \/>\n<meta property=\"og:url\" content=\"https:\/\/secovimed-pr.com.br\/londrina\/procedimento-para-exclusao-de-funcionarios\/\" \/>\n<meta property=\"og:site_name\" content=\"SecoviMed - Londrina\" \/>\n<meta property=\"article:modified_time\" content=\"2022-08-25T17:30:06+00:00\" \/>\n<meta name=\"twitter:card\" content=\"summary_large_image\" \/>\n<meta name=\"twitter:label1\" content=\"Est. tempo de leitura\" \/>\n\t<meta name=\"twitter:data1\" content=\"2 minutos\" \/>\n<script type=\"application\/ld+json\" class=\"yoast-schema-graph\">{\"@context\":\"https:\/\/schema.org\",\"@graph\":[{\"@type\":\"WebSite\",\"@id\":\"https:\/\/secovimed-pr.com.br\/londrina\/#website\",\"url\":\"https:\/\/secovimed-pr.com.br\/londrina\/\",\"name\":\"SecoviMed - Londrina\",\"description\":\"Servi\\u00e7o Social da Habita\\u00e7\\u00e3o\",\"potentialAction\":[{\"@type\":\"SearchAction\",\"target\":{\"@type\":\"EntryPoint\",\"urlTemplate\":\"https:\/\/secovimed-pr.com.br\/londrina\/?s={search_term_string}\"},\"query-input\":\"required name=search_term_string\"}],\"inLanguage\":\"pt-BR\"},{\"@type\":\"WebPage\",\"@id\":\"https:\/\/secovimed-pr.com.br\/londrina\/procedimento-para-exclusao-de-funcionarios\/#webpage\",\"url\":\"https:\/\/secovimed-pr.com.br\/londrina\/procedimento-para-exclusao-de-funcionarios\/\",\"name\":\"Procedimento para exclus\\u00e3o de funcion\\u00e1rios - SecoviMed - Londrina\",\"isPartOf\":{\"@id\":\"https:\/\/secovimed-pr.com.br\/londrina\/#website\"},\"datePublished\":\"2022-05-11T20:02:36+00:00\",\"dateModified\":\"2022-08-25T17:30:06+00:00\",\"breadcrumb\":{\"@id\":\"https:\/\/secovimed-pr.com.br\/londrina\/procedimento-para-exclusao-de-funcionarios\/#breadcrumb\"},\"inLanguage\":\"pt-BR\",\"potentialAction\":[{\"@type\":\"ReadAction\",\"target\":[\"https:\/\/secovimed-pr.com.br\/londrina\/procedimento-para-exclusao-de-funcionarios\/\"]}]},{\"@type\":\"BreadcrumbList\",\"@id\":\"https:\/\/secovimed-pr.com.br\/londrina\/procedimento-para-exclusao-de-funcionarios\/#breadcrumb\",\"itemListElement\":[{\"@type\":\"ListItem\",\"position\":1,\"name\":\"In\\u00edcio\",\"item\":\"https:\/\/secovimed-pr.com.br\/londrina\/\"},{\"@type\":\"ListItem\",\"position\":2,\"name\":\"Procedimento para exclus\\u00e3o de funcion\\u00e1rios\"}]}]}<\/script>\n<!-- \/ Yoast SEO plugin. -->","yoast_head_json":{"title":"Procedimento para exclus\u00e3o de funcion\u00e1rios - SecoviMed - Londrina","robots":{"index":"noindex","follow":"follow","max-snippet":"max-snippet:-1","max-image-preview":"max-image-preview:large","max-video-preview":"max-video-preview:-1"},"og_locale":"pt_BR","og_type":"article","og_title":"Procedimento para exclus\u00e3o de funcion\u00e1rios - SecoviMed - Londrina","og_description":"Exclus\u00e3o\/Demiss\u00e3o de funcion\u00e1rio: at\u00e9 o dia 15 de cada m\u00eas \u2013 para altera\u00e7\u00e3o nos boletos&nbsp; C\u00f3pia do termo de rescis\u00e3o (apenas p\u00e1gina de assinatura, n\u00e3o \u00e9 necess\u00e1rio a p\u00e1gina de c\u00e1lculos)&nbsp; \u00c9 de total responsabilidade do empregador comunicar ao SecoviMed Londrina a data da Rescis\u00e3o do Contrato de Trabalho do funcion\u00e1rio, atrav\u00e9s do Termo Rescis\u00f3rio.&nbsp; [&hellip;]","og_url":"https:\/\/secovimed-pr.com.br\/londrina\/procedimento-para-exclusao-de-funcionarios\/","og_site_name":"SecoviMed - Londrina","article_modified_time":"2022-08-25T17:30:06+00:00","twitter_card":"summary_large_image","twitter_misc":{"Est. tempo de leitura":"2 minutos"},"schema":{"@context":"https:\/\/schema.org","@graph":[{"@type":"WebSite","@id":"https:\/\/secovimed-pr.com.br\/londrina\/#website","url":"https:\/\/secovimed-pr.com.br\/londrina\/","name":"SecoviMed - Londrina","description":"Servi\u00e7o Social da Habita\u00e7\u00e3o","potentialAction":[{"@type":"SearchAction","target":{"@type":"EntryPoint","urlTemplate":"https:\/\/secovimed-pr.com.br\/londrina\/?s={search_term_string}"},"query-input":"required name=search_term_string"}],"inLanguage":"pt-BR"},{"@type":"WebPage","@id":"https:\/\/secovimed-pr.com.br\/londrina\/procedimento-para-exclusao-de-funcionarios\/#webpage","url":"https:\/\/secovimed-pr.com.br\/londrina\/procedimento-para-exclusao-de-funcionarios\/","name":"Procedimento para exclus\u00e3o de funcion\u00e1rios - SecoviMed - Londrina","isPartOf":{"@id":"https:\/\/secovimed-pr.com.br\/londrina\/#website"},"datePublished":"2022-05-11T20:02:36+00:00","dateModified":"2022-08-25T17:30:06+00:00","breadcrumb":{"@id":"https:\/\/secovimed-pr.com.br\/londrina\/procedimento-para-exclusao-de-funcionarios\/#breadcrumb"},"inLanguage":"pt-BR","potentialAction":[{"@type":"ReadAction","target":["https:\/\/secovimed-pr.com.br\/londrina\/procedimento-para-exclusao-de-funcionarios\/"]}]},{"@type":"BreadcrumbList","@id":"https:\/\/secovimed-pr.com.br\/londrina\/procedimento-para-exclusao-de-funcionarios\/#breadcrumb","itemListElement":[{"@type":"ListItem","position":1,"name":"In\u00edcio","item":"https:\/\/secovimed-pr.com.br\/londrina\/"},{"@type":"ListItem","position":2,"name":"Procedimento para exclus\u00e3o de funcion\u00e1rios"}]}]}},"_links":{"self":[{"href":"https:\/\/secovimed-pr.com.br\/londrina\/wp-json\/wp\/v2\/pages\/346"}],"collection":[{"href":"https:\/\/secovimed-pr.com.br\/londrina\/wp-json\/wp\/v2\/pages"}],"about":[{"href":"https:\/\/secovimed-pr.com.br\/londrina\/wp-json\/wp\/v2\/types\/page"}],"author":[{"embeddable":true,"href":"https:\/\/secovimed-pr.com.br\/londrina\/wp-json\/wp\/v2\/users\/1"}],"replies":[{"embeddable":true,"href":"https:\/\/secovimed-pr.com.br\/londrina\/wp-json\/wp\/v2\/comments?post=346"}],"version-history":[{"count":3,"href":"https:\/\/secovimed-pr.com.br\/londrina\/wp-json\/wp\/v2\/pages\/346\/revisions"}],"predecessor-version":[{"id":908,"href":"https:\/\/secovimed-pr.com.br\/londrina\/wp-json\/wp\/v2\/pages\/346\/revisions\/908"}],"wp:attachment":[{"href":"https:\/\/secovimed-pr.com.br\/londrina\/wp-json\/wp\/v2\/media?parent=346"}],"curies":[{"name":"wp","href":"https:\/\/api.w.org\/{rel}","templated":true}]}}