{"id":344,"date":"2022-05-11T16:50:43","date_gmt":"2022-05-11T19:50:43","guid":{"rendered":"https:\/\/londrina.secovimed-pr.com.br\/?page_id=344"},"modified":"2025-02-20T15:33:38","modified_gmt":"2025-02-20T18:33:38","slug":"medicina-ocupacional-e-seguranca-do-trabalho","status":"publish","type":"page","link":"https:\/\/secovimed-pr.com.br\/londrina\/medicina-ocupacional-e-seguranca-do-trabalho\/","title":{"rendered":"Medicina Ocupacional e Seguran\u00e7a do Trabalho"},"content":{"rendered":"\n<p>O SecoviMed oferece, consultas nas seguintes \u00e1reas:<\/p>\n\n\n\n<p><strong>CLINICA GERAL \u2013 CARDIOLOGIA \u2013 DERMATOLOGIA\u00a0 &#8211;\u00a0 ENDOCRINOLOGIA \u2013 FISIOTERAPIA \u2013GINECOLOGIA \u2013\u00a0 OFTALMOLOGIA \u2013 ORTOPEDIA \u2013 UROLOGIA \u2013 PSICOLOGIA \u2013 PSIQUIATRIA \u2013 MEDICINA OCUPACIONAL \u2013\u00a0 ASSISTENCIA SOCIAL<\/strong><\/p>\n\n\n\n<p>O SecoviMed orientar\u00e1, atrav\u00e9s dos seus m\u00e9dicos, sobre a necessidade de encaminhamento para outras especialidades.<\/p>\n\n\n\n<p>* A abrang\u00eancia do atendimento \u00e9 m\u00e9dico-ambulatorial (consultas), n\u00e3o realizamos consulta de urg\u00eancia e emerg\u00eancia m\u00e9dicas, n\u00e3o havendo atendimento \u00e0 qualquer outro servi\u00e7o ou especialidade de tratamento n\u00e3o listado acima.<\/p>\n\n\n\n<p>Obs: As consultas s\u00e3o marcadas pelo telefone (43) 3344-0408, ou pessoalmente na sede do SecoviMed. Para atendimento o usu\u00e1rio dever\u00e1 comparecer \u00e0 sede do SecoviMed, na hora marcada, portando documento de identifica\u00e7\u00e3o pessoal oficial original (CTPS, RG, CPF, CNH, Titulo de Eleitor).<\/p>\n\n\n\n<p>Consultas n\u00e3o canceladas com 24 horas de anteced\u00eancia implicar\u00e1 em suspens\u00e3o no atendimento por 60 dias ou multa para imediata reabilita\u00e7\u00e3o do usu\u00e1rio.<\/p>\n","protected":false},"excerpt":{"rendered":"<p>O SecoviMed oferece, consultas nas seguintes \u00e1reas: CLINICA GERAL \u2013 CARDIOLOGIA \u2013 DERMATOLOGIA\u00a0 &#8211;\u00a0 ENDOCRINOLOGIA \u2013 FISIOTERAPIA \u2013GINECOLOGIA \u2013\u00a0 OFTALMOLOGIA \u2013 ORTOPEDIA \u2013 UROLOGIA \u2013 PSICOLOGIA \u2013 PSIQUIATRIA \u2013 MEDICINA OCUPACIONAL \u2013\u00a0 ASSISTENCIA SOCIAL O SecoviMed orientar\u00e1, atrav\u00e9s dos seus m\u00e9dicos, sobre a necessidade de encaminhamento para outras especialidades. * A abrang\u00eancia do atendimento \u00e9 [&hellip;]<\/p>\n","protected":false},"author":1,"featured_media":0,"parent":0,"menu_order":0,"comment_status":"closed","ping_status":"closed","template":"","meta":[],"acf":[],"yoast_head":"<!-- This site is optimized with the Yoast SEO plugin v17.9 - https:\/\/yoast.com\/wordpress\/plugins\/seo\/ -->\n<title>Medicina Ocupacional e Seguran\u00e7a do Trabalho - SecoviMed - Londrina<\/title>\n<meta name=\"robots\" content=\"noindex, follow, max-snippet:-1, max-image-preview:large, max-video-preview:-1\" \/>\n<meta property=\"og:locale\" content=\"pt_BR\" \/>\n<meta property=\"og:type\" content=\"article\" \/>\n<meta property=\"og:title\" content=\"Medicina Ocupacional e Seguran\u00e7a do Trabalho - SecoviMed - Londrina\" \/>\n<meta property=\"og:description\" content=\"O SecoviMed oferece, consultas nas seguintes \u00e1reas: CLINICA GERAL \u2013 CARDIOLOGIA \u2013 DERMATOLOGIA\u00a0 &#8211;\u00a0 ENDOCRINOLOGIA \u2013 FISIOTERAPIA \u2013GINECOLOGIA \u2013\u00a0 OFTALMOLOGIA \u2013 ORTOPEDIA \u2013 UROLOGIA \u2013 PSICOLOGIA \u2013 PSIQUIATRIA \u2013 MEDICINA OCUPACIONAL \u2013\u00a0 ASSISTENCIA SOCIAL O SecoviMed orientar\u00e1, atrav\u00e9s dos seus m\u00e9dicos, sobre a necessidade de encaminhamento para outras especialidades. * A abrang\u00eancia do atendimento \u00e9 [&hellip;]\" \/>\n<meta property=\"og:url\" content=\"https:\/\/secovimed-pr.com.br\/londrina\/medicina-ocupacional-e-seguranca-do-trabalho\/\" \/>\n<meta property=\"og:site_name\" content=\"SecoviMed - Londrina\" \/>\n<meta property=\"article:modified_time\" content=\"2025-02-20T18:33:38+00:00\" \/>\n<meta name=\"twitter:card\" content=\"summary_large_image\" \/>\n<meta name=\"twitter:label1\" content=\"Est. tempo de leitura\" \/>\n\t<meta name=\"twitter:data1\" content=\"1 minuto\" \/>\n<script type=\"application\/ld+json\" class=\"yoast-schema-graph\">{\"@context\":\"https:\/\/schema.org\",\"@graph\":[{\"@type\":\"WebSite\",\"@id\":\"https:\/\/secovimed-pr.com.br\/londrina\/#website\",\"url\":\"https:\/\/secovimed-pr.com.br\/londrina\/\",\"name\":\"SecoviMed - Londrina\",\"description\":\"Servi\\u00e7o Social da Habita\\u00e7\\u00e3o\",\"potentialAction\":[{\"@type\":\"SearchAction\",\"target\":{\"@type\":\"EntryPoint\",\"urlTemplate\":\"https:\/\/secovimed-pr.com.br\/londrina\/?s={search_term_string}\"},\"query-input\":\"required name=search_term_string\"}],\"inLanguage\":\"pt-BR\"},{\"@type\":\"WebPage\",\"@id\":\"https:\/\/secovimed-pr.com.br\/londrina\/medicina-ocupacional-e-seguranca-do-trabalho\/#webpage\",\"url\":\"https:\/\/secovimed-pr.com.br\/londrina\/medicina-ocupacional-e-seguranca-do-trabalho\/\",\"name\":\"Medicina Ocupacional e Seguran\\u00e7a do Trabalho - SecoviMed - Londrina\",\"isPartOf\":{\"@id\":\"https:\/\/secovimed-pr.com.br\/londrina\/#website\"},\"datePublished\":\"2022-05-11T19:50:43+00:00\",\"dateModified\":\"2025-02-20T18:33:38+00:00\",\"breadcrumb\":{\"@id\":\"https:\/\/secovimed-pr.com.br\/londrina\/medicina-ocupacional-e-seguranca-do-trabalho\/#breadcrumb\"},\"inLanguage\":\"pt-BR\",\"potentialAction\":[{\"@type\":\"ReadAction\",\"target\":[\"https:\/\/secovimed-pr.com.br\/londrina\/medicina-ocupacional-e-seguranca-do-trabalho\/\"]}]},{\"@type\":\"BreadcrumbList\",\"@id\":\"https:\/\/secovimed-pr.com.br\/londrina\/medicina-ocupacional-e-seguranca-do-trabalho\/#breadcrumb\",\"itemListElement\":[{\"@type\":\"ListItem\",\"position\":1,\"name\":\"In\\u00edcio\",\"item\":\"https:\/\/secovimed-pr.com.br\/londrina\/\"},{\"@type\":\"ListItem\",\"position\":2,\"name\":\"Medicina Ocupacional e Seguran\\u00e7a do Trabalho\"}]}]}<\/script>\n<!-- \/ Yoast SEO plugin. -->","yoast_head_json":{"title":"Medicina Ocupacional e Seguran\u00e7a do Trabalho - SecoviMed - Londrina","robots":{"index":"noindex","follow":"follow","max-snippet":"max-snippet:-1","max-image-preview":"max-image-preview:large","max-video-preview":"max-video-preview:-1"},"og_locale":"pt_BR","og_type":"article","og_title":"Medicina Ocupacional e Seguran\u00e7a do Trabalho - SecoviMed - Londrina","og_description":"O SecoviMed oferece, consultas nas seguintes \u00e1reas: CLINICA GERAL \u2013 CARDIOLOGIA \u2013 DERMATOLOGIA\u00a0 &#8211;\u00a0 ENDOCRINOLOGIA \u2013 FISIOTERAPIA \u2013GINECOLOGIA \u2013\u00a0 OFTALMOLOGIA \u2013 ORTOPEDIA \u2013 UROLOGIA \u2013 PSICOLOGIA \u2013 PSIQUIATRIA \u2013 MEDICINA OCUPACIONAL \u2013\u00a0 ASSISTENCIA SOCIAL O SecoviMed orientar\u00e1, atrav\u00e9s dos seus m\u00e9dicos, sobre a necessidade de encaminhamento para outras especialidades. * A abrang\u00eancia do atendimento \u00e9 [&hellip;]","og_url":"https:\/\/secovimed-pr.com.br\/londrina\/medicina-ocupacional-e-seguranca-do-trabalho\/","og_site_name":"SecoviMed - Londrina","article_modified_time":"2025-02-20T18:33:38+00:00","twitter_card":"summary_large_image","twitter_misc":{"Est. tempo de leitura":"1 minuto"},"schema":{"@context":"https:\/\/schema.org","@graph":[{"@type":"WebSite","@id":"https:\/\/secovimed-pr.com.br\/londrina\/#website","url":"https:\/\/secovimed-pr.com.br\/londrina\/","name":"SecoviMed - Londrina","description":"Servi\u00e7o Social da Habita\u00e7\u00e3o","potentialAction":[{"@type":"SearchAction","target":{"@type":"EntryPoint","urlTemplate":"https:\/\/secovimed-pr.com.br\/londrina\/?s={search_term_string}"},"query-input":"required name=search_term_string"}],"inLanguage":"pt-BR"},{"@type":"WebPage","@id":"https:\/\/secovimed-pr.com.br\/londrina\/medicina-ocupacional-e-seguranca-do-trabalho\/#webpage","url":"https:\/\/secovimed-pr.com.br\/londrina\/medicina-ocupacional-e-seguranca-do-trabalho\/","name":"Medicina Ocupacional e Seguran\u00e7a do Trabalho - SecoviMed - Londrina","isPartOf":{"@id":"https:\/\/secovimed-pr.com.br\/londrina\/#website"},"datePublished":"2022-05-11T19:50:43+00:00","dateModified":"2025-02-20T18:33:38+00:00","breadcrumb":{"@id":"https:\/\/secovimed-pr.com.br\/londrina\/medicina-ocupacional-e-seguranca-do-trabalho\/#breadcrumb"},"inLanguage":"pt-BR","potentialAction":[{"@type":"ReadAction","target":["https:\/\/secovimed-pr.com.br\/londrina\/medicina-ocupacional-e-seguranca-do-trabalho\/"]}]},{"@type":"BreadcrumbList","@id":"https:\/\/secovimed-pr.com.br\/londrina\/medicina-ocupacional-e-seguranca-do-trabalho\/#breadcrumb","itemListElement":[{"@type":"ListItem","position":1,"name":"In\u00edcio","item":"https:\/\/secovimed-pr.com.br\/londrina\/"},{"@type":"ListItem","position":2,"name":"Medicina Ocupacional e Seguran\u00e7a do Trabalho"}]}]}},"_links":{"self":[{"href":"https:\/\/secovimed-pr.com.br\/londrina\/wp-json\/wp\/v2\/pages\/344"}],"collection":[{"href":"https:\/\/secovimed-pr.com.br\/londrina\/wp-json\/wp\/v2\/pages"}],"about":[{"href":"https:\/\/secovimed-pr.com.br\/londrina\/wp-json\/wp\/v2\/types\/page"}],"author":[{"embeddable":true,"href":"https:\/\/secovimed-pr.com.br\/londrina\/wp-json\/wp\/v2\/users\/1"}],"replies":[{"embeddable":true,"href":"https:\/\/secovimed-pr.com.br\/londrina\/wp-json\/wp\/v2\/comments?post=344"}],"version-history":[{"count":5,"href":"https:\/\/secovimed-pr.com.br\/londrina\/wp-json\/wp\/v2\/pages\/344\/revisions"}],"predecessor-version":[{"id":992,"href":"https:\/\/secovimed-pr.com.br\/londrina\/wp-json\/wp\/v2\/pages\/344\/revisions\/992"}],"wp:attachment":[{"href":"https:\/\/secovimed-pr.com.br\/londrina\/wp-json\/wp\/v2\/media?parent=344"}],"curies":[{"name":"wp","href":"https:\/\/api.w.org\/{rel}","templated":true}]}}