{"id":340,"date":"2022-05-11T16:45:44","date_gmt":"2022-05-11T19:45:44","guid":{"rendered":"https:\/\/londrina.secovimed-pr.com.br\/?page_id=340"},"modified":"2022-05-11T16:45:46","modified_gmt":"2022-05-11T19:45:46","slug":"servico-social","status":"publish","type":"page","link":"https:\/\/secovimed-pr.com.br\/londrina\/servico-social\/","title":{"rendered":"Servi\u00e7o Social"},"content":{"rendered":"\n<p><strong>A Assistente Social tem como objetivo no Secovimed:<\/strong><\/p>\n\n\n\n<p>&#8211; Ajudar no atendimento aos usu\u00e1rios,<br>&#8211; Orientar sobre a utiliza\u00e7\u00e3o de nossos Servi\u00e7os,<br>&#8211; Efetuar levantamento S\u00f3cio Econ\u00f4mico do setor da Habita\u00e7\u00e3o,<br>&#8211; Assessorar a equipe m\u00e9dica e odontol\u00f3gica no p\u00f3s-atendimento do profissional,<br>&#8211; Prestar servi\u00e7os de assist\u00eancia aos usu\u00e1rios com dificuldade de aquisi\u00e7\u00e3o de medicamentos e ou\/exames,<br>&#8211; Ajudar nas d\u00favidas sobre alcoolismo, AIDS e outras doen\u00e7as,<br>&#8211; Elaborar eventos informativos e educacionais,<\/p>\n\n\n\n<p><strong>Veja alguns telefones importantes:<\/strong><\/p>\n\n\n\n<p>&#8211; Ambul\u00e2ncia \u2013 Servi\u00e7o de Remo\u00e7\u00e3o de Doentes \u2013 192<br>&#8211; CVV- Centro de Valoriza\u00e7\u00e3o da Vida \u2013 3342-4111<br>&#8211; Alco\u00f3licos An\u00f4nimos \u2013 3222-2422<br>&#8211; Sicride- Servi\u00e7o de Investiga\u00e7\u00e3o de Crian\u00e7as Desaparecidas \u2013 3224-6822<br>&#8211; Disque Idoso \u2013 Paran\u00e1 \u2013 0800-410001<br>&#8211; SOS Crian\u00e7a \u2013 156<br>&#8211; Delegacia do Adolescente Infrator \u2013 3366-2332<br>&#8211; Centro de Informa\u00e7\u00f5es Toxicol\u00f3gicas \u2013 0800-410148<br>&#8211; Neur\u00f3ticos An\u00f4nimos \u2013 3336-2260<br>&#8211; Servi\u00e7o Funer\u00e1rio Especial \u2013 3324-9313<\/p>\n\n\n\n<p>Obs:&nbsp;As consultas s\u00e3o marcadas pelo telefone (3259-6200) ou pessoalmente na sede do SecoviMed. Para atendimento o usu\u00e1rio dever\u00e1 comparecer \u00e0 sede do SecoviMed, na hora marcada, portando documento de identifica\u00e7\u00e3o pessoal oficial original (CTPS, RG, CPF, CNH, Titulo de Eleitor).<\/p>\n\n\n\n<p>Consultas n\u00e3o canceladas com 24 horas de anteced\u00eancia implicar\u00e1 em suspens\u00e3o no atendimento por 60 dias ou multa para imediata reabilita\u00e7\u00e3o do usu\u00e1rio.<\/p>\n","protected":false},"excerpt":{"rendered":"<p>A Assistente Social tem como objetivo no Secovimed: &#8211; Ajudar no atendimento aos usu\u00e1rios,&#8211; Orientar sobre a utiliza\u00e7\u00e3o de nossos Servi\u00e7os,&#8211; Efetuar levantamento S\u00f3cio Econ\u00f4mico do setor da Habita\u00e7\u00e3o,&#8211; Assessorar a equipe m\u00e9dica e odontol\u00f3gica no p\u00f3s-atendimento do profissional,&#8211; Prestar servi\u00e7os de assist\u00eancia aos usu\u00e1rios com dificuldade de aquisi\u00e7\u00e3o de medicamentos e ou\/exames,&#8211; Ajudar nas [&hellip;]<\/p>\n","protected":false},"author":1,"featured_media":0,"parent":0,"menu_order":0,"comment_status":"closed","ping_status":"closed","template":"","meta":[],"acf":[],"yoast_head":"<!-- This site is optimized with the Yoast SEO plugin v17.9 - https:\/\/yoast.com\/wordpress\/plugins\/seo\/ -->\n<title>Servi\u00e7o Social - SecoviMed - Londrina<\/title>\n<meta name=\"robots\" content=\"noindex, follow, max-snippet:-1, max-image-preview:large, max-video-preview:-1\" \/>\n<meta property=\"og:locale\" content=\"pt_BR\" \/>\n<meta property=\"og:type\" content=\"article\" \/>\n<meta property=\"og:title\" content=\"Servi\u00e7o Social - SecoviMed - Londrina\" \/>\n<meta property=\"og:description\" content=\"A Assistente Social tem como objetivo no Secovimed: &#8211; Ajudar no atendimento aos usu\u00e1rios,&#8211; Orientar sobre a utiliza\u00e7\u00e3o de nossos Servi\u00e7os,&#8211; Efetuar levantamento S\u00f3cio Econ\u00f4mico do setor da Habita\u00e7\u00e3o,&#8211; Assessorar a equipe m\u00e9dica e odontol\u00f3gica no p\u00f3s-atendimento do profissional,&#8211; Prestar servi\u00e7os de assist\u00eancia aos usu\u00e1rios com dificuldade de aquisi\u00e7\u00e3o de medicamentos e ou\/exames,&#8211; Ajudar nas [&hellip;]\" \/>\n<meta property=\"og:url\" content=\"https:\/\/secovimed-pr.com.br\/londrina\/servico-social\/\" \/>\n<meta property=\"og:site_name\" content=\"SecoviMed - Londrina\" \/>\n<meta property=\"article:modified_time\" content=\"2022-05-11T19:45:46+00:00\" \/>\n<meta name=\"twitter:card\" content=\"summary_large_image\" \/>\n<meta name=\"twitter:label1\" content=\"Est. tempo de leitura\" \/>\n\t<meta name=\"twitter:data1\" content=\"2 minutos\" \/>\n<script type=\"application\/ld+json\" class=\"yoast-schema-graph\">{\"@context\":\"https:\/\/schema.org\",\"@graph\":[{\"@type\":\"WebSite\",\"@id\":\"https:\/\/secovimed-pr.com.br\/londrina\/#website\",\"url\":\"https:\/\/secovimed-pr.com.br\/londrina\/\",\"name\":\"SecoviMed - Londrina\",\"description\":\"Servi\\u00e7o Social da Habita\\u00e7\\u00e3o\",\"potentialAction\":[{\"@type\":\"SearchAction\",\"target\":{\"@type\":\"EntryPoint\",\"urlTemplate\":\"https:\/\/secovimed-pr.com.br\/londrina\/?s={search_term_string}\"},\"query-input\":\"required name=search_term_string\"}],\"inLanguage\":\"pt-BR\"},{\"@type\":\"WebPage\",\"@id\":\"https:\/\/secovimed-pr.com.br\/londrina\/servico-social\/#webpage\",\"url\":\"https:\/\/secovimed-pr.com.br\/londrina\/servico-social\/\",\"name\":\"Servi\\u00e7o Social - SecoviMed - Londrina\",\"isPartOf\":{\"@id\":\"https:\/\/secovimed-pr.com.br\/londrina\/#website\"},\"datePublished\":\"2022-05-11T19:45:44+00:00\",\"dateModified\":\"2022-05-11T19:45:46+00:00\",\"breadcrumb\":{\"@id\":\"https:\/\/secovimed-pr.com.br\/londrina\/servico-social\/#breadcrumb\"},\"inLanguage\":\"pt-BR\",\"potentialAction\":[{\"@type\":\"ReadAction\",\"target\":[\"https:\/\/secovimed-pr.com.br\/londrina\/servico-social\/\"]}]},{\"@type\":\"BreadcrumbList\",\"@id\":\"https:\/\/secovimed-pr.com.br\/londrina\/servico-social\/#breadcrumb\",\"itemListElement\":[{\"@type\":\"ListItem\",\"position\":1,\"name\":\"In\\u00edcio\",\"item\":\"https:\/\/secovimed-pr.com.br\/londrina\/\"},{\"@type\":\"ListItem\",\"position\":2,\"name\":\"Servi\\u00e7o Social\"}]}]}<\/script>\n<!-- \/ Yoast SEO plugin. -->","yoast_head_json":{"title":"Servi\u00e7o Social - SecoviMed - Londrina","robots":{"index":"noindex","follow":"follow","max-snippet":"max-snippet:-1","max-image-preview":"max-image-preview:large","max-video-preview":"max-video-preview:-1"},"og_locale":"pt_BR","og_type":"article","og_title":"Servi\u00e7o Social - SecoviMed - Londrina","og_description":"A Assistente Social tem como objetivo no Secovimed: &#8211; Ajudar no atendimento aos usu\u00e1rios,&#8211; Orientar sobre a utiliza\u00e7\u00e3o de nossos Servi\u00e7os,&#8211; Efetuar levantamento S\u00f3cio Econ\u00f4mico do setor da Habita\u00e7\u00e3o,&#8211; Assessorar a equipe m\u00e9dica e odontol\u00f3gica no p\u00f3s-atendimento do profissional,&#8211; Prestar servi\u00e7os de assist\u00eancia aos usu\u00e1rios com dificuldade de aquisi\u00e7\u00e3o de medicamentos e ou\/exames,&#8211; Ajudar nas [&hellip;]","og_url":"https:\/\/secovimed-pr.com.br\/londrina\/servico-social\/","og_site_name":"SecoviMed - Londrina","article_modified_time":"2022-05-11T19:45:46+00:00","twitter_card":"summary_large_image","twitter_misc":{"Est. tempo de leitura":"2 minutos"},"schema":{"@context":"https:\/\/schema.org","@graph":[{"@type":"WebSite","@id":"https:\/\/secovimed-pr.com.br\/londrina\/#website","url":"https:\/\/secovimed-pr.com.br\/londrina\/","name":"SecoviMed - Londrina","description":"Servi\u00e7o Social da Habita\u00e7\u00e3o","potentialAction":[{"@type":"SearchAction","target":{"@type":"EntryPoint","urlTemplate":"https:\/\/secovimed-pr.com.br\/londrina\/?s={search_term_string}"},"query-input":"required name=search_term_string"}],"inLanguage":"pt-BR"},{"@type":"WebPage","@id":"https:\/\/secovimed-pr.com.br\/londrina\/servico-social\/#webpage","url":"https:\/\/secovimed-pr.com.br\/londrina\/servico-social\/","name":"Servi\u00e7o Social - SecoviMed - Londrina","isPartOf":{"@id":"https:\/\/secovimed-pr.com.br\/londrina\/#website"},"datePublished":"2022-05-11T19:45:44+00:00","dateModified":"2022-05-11T19:45:46+00:00","breadcrumb":{"@id":"https:\/\/secovimed-pr.com.br\/londrina\/servico-social\/#breadcrumb"},"inLanguage":"pt-BR","potentialAction":[{"@type":"ReadAction","target":["https:\/\/secovimed-pr.com.br\/londrina\/servico-social\/"]}]},{"@type":"BreadcrumbList","@id":"https:\/\/secovimed-pr.com.br\/londrina\/servico-social\/#breadcrumb","itemListElement":[{"@type":"ListItem","position":1,"name":"In\u00edcio","item":"https:\/\/secovimed-pr.com.br\/londrina\/"},{"@type":"ListItem","position":2,"name":"Servi\u00e7o Social"}]}]}},"_links":{"self":[{"href":"https:\/\/secovimed-pr.com.br\/londrina\/wp-json\/wp\/v2\/pages\/340"}],"collection":[{"href":"https:\/\/secovimed-pr.com.br\/londrina\/wp-json\/wp\/v2\/pages"}],"about":[{"href":"https:\/\/secovimed-pr.com.br\/londrina\/wp-json\/wp\/v2\/types\/page"}],"author":[{"embeddable":true,"href":"https:\/\/secovimed-pr.com.br\/londrina\/wp-json\/wp\/v2\/users\/1"}],"replies":[{"embeddable":true,"href":"https:\/\/secovimed-pr.com.br\/londrina\/wp-json\/wp\/v2\/comments?post=340"}],"version-history":[{"count":1,"href":"https:\/\/secovimed-pr.com.br\/londrina\/wp-json\/wp\/v2\/pages\/340\/revisions"}],"predecessor-version":[{"id":341,"href":"https:\/\/secovimed-pr.com.br\/londrina\/wp-json\/wp\/v2\/pages\/340\/revisions\/341"}],"wp:attachment":[{"href":"https:\/\/secovimed-pr.com.br\/londrina\/wp-json\/wp\/v2\/media?parent=340"}],"curies":[{"name":"wp","href":"https:\/\/api.w.org\/{rel}","templated":true}]}}