{"id":335,"date":"2022-05-11T16:43:45","date_gmt":"2022-05-11T19:43:45","guid":{"rendered":"https:\/\/londrina.secovimed-pr.com.br\/?page_id=335"},"modified":"2022-08-25T14:10:31","modified_gmt":"2022-08-25T17:10:31","slug":"analises-clinicas","status":"publish","type":"page","link":"https:\/\/secovimed-pr.com.br\/londrina\/analises-clinicas\/","title":{"rendered":"An\u00e1lises Cl\u00ednicas"},"content":{"rendered":"\n<p>O SecoviMed &#8211; Londrina &#8211; oferece a seus usu\u00e1rios os exames laboratoriais abaixo, gratuitamente, desde que solicitados por seus m\u00e9dicos, em guia espec\u00edfica devidamente carimbada e assinada.<\/p>\n\n\n\n<p>ACIDO URICO<\/p>\n\n\n\n<p>AMILASE<\/p>\n\n\n\n<p>BILIRRUBINAS TOTAL E FRA\u00c7\u00d5ES<\/p>\n\n\n\n<p>C\u00c1LCIO<\/p>\n\n\n\n<p>HOL COLESTEROL<\/p>\n\n\n\n<p>LOL COLESTEROL<\/p>\n\n\n\n<p>COLESTEROL TOTAL<\/p>\n\n\n\n<p>CREATININA<\/p>\n\n\n\n<p>CPK- CREATINOFOSFOQUINASE<\/p>\n\n\n\n<p>FERRO SERICO<\/p>\n\n\n\n<p>FOSFATASEALCALINA<\/p>\n\n\n\n<p>LIP\u00cdDIOS<\/p>\n\n\n\n<p>GAMA GLUTAMIL TRANSFERASE &#8211; GAMA GT<\/p>\n\n\n\n<p>TESTE OETOLER\u00c2NCIA ORAL A GLICOSE 75G<\/p>\n\n\n\n<p>GLICEMIA OEJEJUM\/GLICOSE<\/p>\n\n\n\n<p>HEMOGLOBINA GLICAOA HBA1C<\/p>\n\n\n\n<p>POT\u00c1SSIO<\/p>\n\n\n\n<p>PROTEINAS TOTAIS E FRA\u00c7\u00d5ES<\/p>\n\n\n\n<p>S\u00d3DIO SORO<\/p>\n\n\n\n<p>S\u00d3DIO URIN\u00c1RIO<\/p>\n\n\n\n<p>TGO &#8211; TRANSAMINASE OXALACETTICA &#8211;<\/p>\n\n\n\n<p>TGP &#8211; TRANSAMINASE PIRUVICA<\/p>\n\n\n\n<p>FERRITINA<\/p>\n\n\n\n<p>TRIGLICER\u00cdOEOS<\/p>\n\n\n\n<p>UR\u00c9IA<\/p>\n\n\n\n<p>MUCOPROTEINAS<\/p>\n\n\n\n<p>LEUCOCITOS FECAIS, PESQUISA OE<\/p>\n\n\n\n<p>PARASITOLOGICO &#8211; FEZES<\/p>\n\n\n\n<p>PARASITOL\u00d3GIC0-3<\/p>\n\n\n\n<p>ERITOGRAMA<\/p>\n\n\n\n<p>TESTE OEFALCIZA\u00c7\u00c2O<\/p>\n\n\n\n<p>GRUPO SANGUINEO E FATOR (ABO E RH)\/ FATOR RH<\/p>\n\n\n\n<p>HEMOGRAMA COMPLETO<\/p>\n\n\n\n<p>VHS\/HEMOSSEOIMENTA\u00c7\u00c2O-OET VELOC<\/p>\n\n\n\n<p>LEUCOGRAMA<\/p>\n\n\n\n<p>PLAQUETAS<\/p>\n\n\n\n<p>RETICULOCITOS &#8211; CONTAGEM<\/p>\n\n\n\n<p>TAPTEMPO OEPROTOMBINA<\/p>\n\n\n\n<p>KPTT- TEMPO OETROMBOPLASTINA PARCIAL ATIVADO<\/p>\n\n\n\n<p>TESTE OECOOMBS DIRETO<\/p>\n\n\n\n<p>TESTE OECOOMBS INDIRETO<\/p>\n\n\n\n<p>PSA-ANTIGENO PROST\u00c1TICO ESPEC\u00cdFICO &#8211; TOTAL<\/p>\n\n\n\n<p>FSH<\/p>\n\n\n\n<p>LH<\/p>\n\n\n\n<p>TSHTIREOESTIMULANTE<\/p>\n\n\n\n<p>BETA HCG &#8211; QUALITATIVO<\/p>\n\n\n\n<p>FATORANTINUCLEAR-FAN<\/p>\n\n\n\n<p>RUB\u00c9OLA IGG<\/p>\n\n\n\n<p>VDRL QUANTITATIVO E QUALITATIVO<\/p>\n\n\n\n<p>TOXOPLASMOSEIGG<\/p>\n\n\n\n<p>TOXOPLASMOSEIGM<\/p>\n\n\n\n<p>MACHADO GUERREIRO &#8211; CHAGAS<\/p>\n\n\n\n<p>FATOR REUMATOIDE &#8211; LATEX<\/p>\n\n\n\n<p>RUB\u00c9OLA IGM<\/p>\n\n\n\n<p>PROTEINA C REATIVA<\/p>\n\n\n\n<p>ANTIESTREPTOLISINA O, QUANTITATIVO<\/p>\n\n\n\n<p>ESTRADIOL 17<\/p>\n\n\n\n<p>PROLACTINA SERICA &#8211; 30 MINUTOS EM REPOUSO<\/p>\n\n\n\n<p>T3 &#8211; TRIIODOTIRONINA<\/p>\n\n\n\n<p>T3- LIVRE<\/p>\n\n\n\n<p>T3 &#8211; RETEN\u00c7\u00c3O<\/p>\n\n\n\n<p>T4 &#8211; TIROXINA<\/p>\n\n\n\n<p>T4 &#8211; LIVRE<\/p>\n\n\n\n<p>PREVENTIVO &#8211; CITOLOGIA ONCOTICA<\/p>\n\n\n\n<p>PARCIAL DEURINA ( URINA 1)<\/p>\n\n\n\n<p>PARCIAL DEURINA SEDIMENTOSCOPIA ( URINA li)<\/p>\n\n\n\n<p>ANTIBIOGRAMA &#8211; URINA<\/p>\n\n\n\n<p>COPROCULTURA (FEZES)<\/p>\n\n\n\n<p>CULTURA DEURINA\u2022 ANTIBIO\u2022 CONTAGEM<\/p>\n\n\n\n<p>PESQUISA SANGUEOCULTO &#8211; 01 AMOSTRA FEZES<\/p>\n\n\n\n<p>LIPIDOGRAMA (COT\u2022HDL\u2022LDL\u2022 TRI)<\/p>\n\n\n\n<p>ELETROCARDIOGRAMA<\/p>\n\n\n\n<p>RX &#8211; COLUNA CERVICAL AP &#8211; PERFIL E OBLIQUAS ESQ E DIR<\/p>\n\n\n\n<p>RX &#8211; COLUNA DORSAL AP E PERFIL<\/p>\n\n\n\n<p>RX &#8211; COLUNA LOMBAR AP E PERFIL<\/p>\n\n\n\n<p>RX &#8211; COCCIX AP E PERFIL<\/p>\n\n\n\n<p>RX &#8211; COLUNA ESCOLIOSE AP E PERFIL<\/p>\n\n\n\n<p>RX &#8211; ESTERNO<\/p>\n\n\n\n<p>RX &#8211; ARTICULA\u00c7\u00c3O ESTERNO COSTAL AP E PERFIL<\/p>\n\n\n\n<p>RX &#8211; COSTELAS ( ARCOS COSTAIS ) AP E OBLIQUA<\/p>\n\n\n\n<p>RX&nbsp; &#8211;&nbsp; CLAVICULA<\/p>\n\n\n\n<p>RX &#8211; OMBRO AP &#8211; PE E PERFIL AXILAR ( PE )<\/p>\n\n\n\n<p>RX &#8211; ARTICULA\u00c7\u00c3O AGRONICO CLAVICULAR AP E PERFIL<\/p>\n\n\n\n<p>RX&nbsp; &#8211; ARTICULA\u00c7\u00c3O&nbsp; ESCAPULO-UMERAL (OMBRO)<\/p>\n\n\n\n<p>RX &#8211; OMBRO AP &#8211; PERFIL ESCAPULAR<\/p>\n\n\n\n<p>RX &#8211; UMERO AP E PERFIL<\/p>\n\n\n\n<p>RX &#8211; COTOVELO AP&nbsp; E PERIL<\/p>\n\n\n\n<p>RX &#8211; ANTEBRA\u00c7O AP &#8211; PERFIL<\/p>\n\n\n\n<p>RX &#8211; PUNHO AP&nbsp; E PERFIL<\/p>\n\n\n\n<p>RX &#8211; M\u00c3O OU QUIRODACTILOS<\/p>\n\n\n\n<p>RX &#8211; M\u00c3OS E PUNHOS PARA IDADE OSSEA<\/p>\n\n\n\n<p>RX &#8211; BACIA AP E R\u00c2 ( LOWENSTEIN )<\/p>\n\n\n\n<p>RX&nbsp; &#8211;&nbsp; ARTICULA\u00c7\u00c3O&nbsp; SACRO-ILIACAS<\/p>\n\n\n\n<p>RX&nbsp; &#8211;&nbsp; ARTICULA\u00c7\u00c3O&nbsp; COXO-FERMURAL&nbsp; (CADA&nbsp; LADO)<\/p>\n\n\n\n<p>RX &#8211; COXA<\/p>\n\n\n\n<p>RX &#8211; PATELAS AXIAL 30 &#8211; 60 E 90 GRAUS<\/p>\n\n\n\n<p>RX &#8211; JOELHO AP E PERFIL &#8211; COM CARGA<\/p>\n\n\n\n<p>RX &#8211; PERNA AP E PERFIL<\/p>\n\n\n\n<p>RX &#8211; TORNOZELO AP E PERFIL<\/p>\n\n\n\n<p>RX &#8211; P\u00c9 OU PODODACTILIOS<\/p>\n\n\n\n<p>RX &#8211; CALC\u00c2NEO<\/p>\n\n\n\n<p>RX &#8211; ESCANOMETRIA DE MMII (MEMBROS INFERIORES)<\/p>\n\n\n\n<p>RX&nbsp; &#8211;&nbsp; TORAX&nbsp; P.A<\/p>\n\n\n\n<p>RX&nbsp; &#8211;&nbsp; TORAX&nbsp; P.A &#8211;&nbsp; LAT<\/p>\n\n\n\n<p>RX &#8211;&nbsp; COLUNA CERVICAL AP &#8211; PERFIL<\/p>\n\n\n\n<p>RX &#8211; ESCAPULA AP E PERFIL<\/p>\n\n\n\n<p>RX &#8211; COTOVELO AP &#8211; PERFIL &#8211; ROT EXT. E ROT INT<\/p>\n\n\n\n<p>RX &#8211; PUNHO AP &#8211; PERFIL &#8211; DESVIO ULNAR E DESVIO RADIAL<\/p>\n\n\n\n<p>RX&nbsp; &#8211;&nbsp; BACIA<\/p>\n\n\n\n<p>RX &#8211; FEMUR AP E PERFIL<\/p>\n\n\n\n<p>RX &#8211; ESQUELETO<\/p>\n\n\n\n<p>Obs: As consultas s\u00e3o marcadas pelo telefone (43) 3344-0408 ou pessoalmente na sede do SecoviMed. Para atendimento o usu\u00e1rio dever\u00e1 comparecer \u00e0 sede do SecoviMed, na hora marcada, portando documento de identifica\u00e7\u00e3o pessoal original oficial (CTPS, RG, CPF, CNH, T\u00edtulo de Eleitor). Consultas n\u00e3o canceladas com 24 horas de anteced\u00eancia implicar\u00e1 em suspens\u00e3o no atendimento por 60 dias ou multa para imediata reabilita\u00e7\u00e3o do usu\u00e1rio.<\/p>\n","protected":false},"excerpt":{"rendered":"<p>O SecoviMed &#8211; Londrina &#8211; oferece a seus usu\u00e1rios os exames laboratoriais abaixo, gratuitamente, desde que solicitados por seus m\u00e9dicos, em guia espec\u00edfica devidamente carimbada e assinada. ACIDO URICO AMILASE BILIRRUBINAS TOTAL E FRA\u00c7\u00d5ES C\u00c1LCIO HOL COLESTEROL LOL COLESTEROL COLESTEROL TOTAL CREATININA CPK- CREATINOFOSFOQUINASE FERRO SERICO FOSFATASEALCALINA LIP\u00cdDIOS GAMA GLUTAMIL TRANSFERASE &#8211; GAMA GT TESTE [&hellip;]<\/p>\n","protected":false},"author":1,"featured_media":0,"parent":0,"menu_order":0,"comment_status":"closed","ping_status":"closed","template":"","meta":[],"acf":[],"yoast_head":"<!-- This site is optimized with the Yoast SEO plugin v17.9 - https:\/\/yoast.com\/wordpress\/plugins\/seo\/ -->\n<title>An\u00e1lises Cl\u00ednicas - SecoviMed - Londrina<\/title>\n<meta name=\"robots\" content=\"noindex, follow, max-snippet:-1, max-image-preview:large, max-video-preview:-1\" \/>\n<meta property=\"og:locale\" content=\"pt_BR\" \/>\n<meta property=\"og:type\" content=\"article\" \/>\n<meta property=\"og:title\" content=\"An\u00e1lises Cl\u00ednicas - SecoviMed - Londrina\" \/>\n<meta property=\"og:description\" content=\"O SecoviMed &#8211; Londrina &#8211; oferece a seus usu\u00e1rios os exames laboratoriais abaixo, gratuitamente, desde que solicitados por seus m\u00e9dicos, em guia espec\u00edfica devidamente carimbada e assinada. ACIDO URICO AMILASE BILIRRUBINAS TOTAL E FRA\u00c7\u00d5ES C\u00c1LCIO HOL COLESTEROL LOL COLESTEROL COLESTEROL TOTAL CREATININA CPK- CREATINOFOSFOQUINASE FERRO SERICO FOSFATASEALCALINA LIP\u00cdDIOS GAMA GLUTAMIL TRANSFERASE &#8211; GAMA GT TESTE [&hellip;]\" \/>\n<meta property=\"og:url\" content=\"https:\/\/secovimed-pr.com.br\/londrina\/analises-clinicas\/\" \/>\n<meta property=\"og:site_name\" content=\"SecoviMed - Londrina\" \/>\n<meta property=\"article:modified_time\" content=\"2022-08-25T17:10:31+00:00\" \/>\n<meta name=\"twitter:card\" content=\"summary_large_image\" \/>\n<meta name=\"twitter:label1\" content=\"Est. tempo de leitura\" \/>\n\t<meta name=\"twitter:data1\" content=\"3 minutos\" \/>\n<script type=\"application\/ld+json\" class=\"yoast-schema-graph\">{\"@context\":\"https:\/\/schema.org\",\"@graph\":[{\"@type\":\"WebSite\",\"@id\":\"https:\/\/secovimed-pr.com.br\/londrina\/#website\",\"url\":\"https:\/\/secovimed-pr.com.br\/londrina\/\",\"name\":\"SecoviMed - Londrina\",\"description\":\"Servi\\u00e7o Social da Habita\\u00e7\\u00e3o\",\"potentialAction\":[{\"@type\":\"SearchAction\",\"target\":{\"@type\":\"EntryPoint\",\"urlTemplate\":\"https:\/\/secovimed-pr.com.br\/londrina\/?s={search_term_string}\"},\"query-input\":\"required name=search_term_string\"}],\"inLanguage\":\"pt-BR\"},{\"@type\":\"WebPage\",\"@id\":\"https:\/\/secovimed-pr.com.br\/londrina\/analises-clinicas\/#webpage\",\"url\":\"https:\/\/secovimed-pr.com.br\/londrina\/analises-clinicas\/\",\"name\":\"An\\u00e1lises Cl\\u00ednicas - SecoviMed - Londrina\",\"isPartOf\":{\"@id\":\"https:\/\/secovimed-pr.com.br\/londrina\/#website\"},\"datePublished\":\"2022-05-11T19:43:45+00:00\",\"dateModified\":\"2022-08-25T17:10:31+00:00\",\"breadcrumb\":{\"@id\":\"https:\/\/secovimed-pr.com.br\/londrina\/analises-clinicas\/#breadcrumb\"},\"inLanguage\":\"pt-BR\",\"potentialAction\":[{\"@type\":\"ReadAction\",\"target\":[\"https:\/\/secovimed-pr.com.br\/londrina\/analises-clinicas\/\"]}]},{\"@type\":\"BreadcrumbList\",\"@id\":\"https:\/\/secovimed-pr.com.br\/londrina\/analises-clinicas\/#breadcrumb\",\"itemListElement\":[{\"@type\":\"ListItem\",\"position\":1,\"name\":\"In\\u00edcio\",\"item\":\"https:\/\/secovimed-pr.com.br\/londrina\/\"},{\"@type\":\"ListItem\",\"position\":2,\"name\":\"An\\u00e1lises Cl\\u00ednicas\"}]}]}<\/script>\n<!-- \/ Yoast SEO plugin. -->","yoast_head_json":{"title":"An\u00e1lises Cl\u00ednicas - SecoviMed - Londrina","robots":{"index":"noindex","follow":"follow","max-snippet":"max-snippet:-1","max-image-preview":"max-image-preview:large","max-video-preview":"max-video-preview:-1"},"og_locale":"pt_BR","og_type":"article","og_title":"An\u00e1lises Cl\u00ednicas - SecoviMed - Londrina","og_description":"O SecoviMed &#8211; Londrina &#8211; oferece a seus usu\u00e1rios os exames laboratoriais abaixo, gratuitamente, desde que solicitados por seus m\u00e9dicos, em guia espec\u00edfica devidamente carimbada e assinada. ACIDO URICO AMILASE BILIRRUBINAS TOTAL E FRA\u00c7\u00d5ES C\u00c1LCIO HOL COLESTEROL LOL COLESTEROL COLESTEROL TOTAL CREATININA CPK- CREATINOFOSFOQUINASE FERRO SERICO FOSFATASEALCALINA LIP\u00cdDIOS GAMA GLUTAMIL TRANSFERASE &#8211; GAMA GT TESTE [&hellip;]","og_url":"https:\/\/secovimed-pr.com.br\/londrina\/analises-clinicas\/","og_site_name":"SecoviMed - Londrina","article_modified_time":"2022-08-25T17:10:31+00:00","twitter_card":"summary_large_image","twitter_misc":{"Est. tempo de leitura":"3 minutos"},"schema":{"@context":"https:\/\/schema.org","@graph":[{"@type":"WebSite","@id":"https:\/\/secovimed-pr.com.br\/londrina\/#website","url":"https:\/\/secovimed-pr.com.br\/londrina\/","name":"SecoviMed - Londrina","description":"Servi\u00e7o Social da Habita\u00e7\u00e3o","potentialAction":[{"@type":"SearchAction","target":{"@type":"EntryPoint","urlTemplate":"https:\/\/secovimed-pr.com.br\/londrina\/?s={search_term_string}"},"query-input":"required name=search_term_string"}],"inLanguage":"pt-BR"},{"@type":"WebPage","@id":"https:\/\/secovimed-pr.com.br\/londrina\/analises-clinicas\/#webpage","url":"https:\/\/secovimed-pr.com.br\/londrina\/analises-clinicas\/","name":"An\u00e1lises Cl\u00ednicas - SecoviMed - Londrina","isPartOf":{"@id":"https:\/\/secovimed-pr.com.br\/londrina\/#website"},"datePublished":"2022-05-11T19:43:45+00:00","dateModified":"2022-08-25T17:10:31+00:00","breadcrumb":{"@id":"https:\/\/secovimed-pr.com.br\/londrina\/analises-clinicas\/#breadcrumb"},"inLanguage":"pt-BR","potentialAction":[{"@type":"ReadAction","target":["https:\/\/secovimed-pr.com.br\/londrina\/analises-clinicas\/"]}]},{"@type":"BreadcrumbList","@id":"https:\/\/secovimed-pr.com.br\/londrina\/analises-clinicas\/#breadcrumb","itemListElement":[{"@type":"ListItem","position":1,"name":"In\u00edcio","item":"https:\/\/secovimed-pr.com.br\/londrina\/"},{"@type":"ListItem","position":2,"name":"An\u00e1lises Cl\u00ednicas"}]}]}},"_links":{"self":[{"href":"https:\/\/secovimed-pr.com.br\/londrina\/wp-json\/wp\/v2\/pages\/335"}],"collection":[{"href":"https:\/\/secovimed-pr.com.br\/londrina\/wp-json\/wp\/v2\/pages"}],"about":[{"href":"https:\/\/secovimed-pr.com.br\/londrina\/wp-json\/wp\/v2\/types\/page"}],"author":[{"embeddable":true,"href":"https:\/\/secovimed-pr.com.br\/londrina\/wp-json\/wp\/v2\/users\/1"}],"replies":[{"embeddable":true,"href":"https:\/\/secovimed-pr.com.br\/londrina\/wp-json\/wp\/v2\/comments?post=335"}],"version-history":[{"count":2,"href":"https:\/\/secovimed-pr.com.br\/londrina\/wp-json\/wp\/v2\/pages\/335\/revisions"}],"predecessor-version":[{"id":899,"href":"https:\/\/secovimed-pr.com.br\/londrina\/wp-json\/wp\/v2\/pages\/335\/revisions\/899"}],"wp:attachment":[{"href":"https:\/\/secovimed-pr.com.br\/londrina\/wp-json\/wp\/v2\/media?parent=335"}],"curies":[{"name":"wp","href":"https:\/\/api.w.org\/{rel}","templated":true}]}}