{"id":325,"date":"2022-05-11T16:28:11","date_gmt":"2022-05-11T19:28:11","guid":{"rendered":"https:\/\/londrina.secovimed-pr.com.br\/?page_id=325"},"modified":"2022-07-18T14:39:54","modified_gmt":"2022-07-18T17:39:54","slug":"beneficios-do-empregador","status":"publish","type":"page","link":"https:\/\/secovimed-pr.com.br\/londrina\/beneficios-do-empregador\/","title":{"rendered":"Benef\u00edcios do empregador"},"content":{"rendered":"\n<p>Benef\u00edcios Diretos e Indiretos para o Empregador:<\/p>\n\n\n\n<p>\u2022&nbsp;&nbsp;&nbsp;&nbsp;&nbsp;&nbsp;&nbsp; Redu\u00e7\u00e3o de Custos Trabalhista atrav\u00e9s da redu\u00e7\u00e3o do absentismo (dias de afastamento por atestado m\u00e9dico).&nbsp; Ap\u00f3s a implanta\u00e7\u00e3o do SecoviMed-PR foi observada redu\u00e7\u00e3o de 35% no n\u00famero de dias de afastamento m\u00e9dico;<\/p>\n\n\n\n<p>\u2022&nbsp;&nbsp;&nbsp;&nbsp;&nbsp;&nbsp;&nbsp; Redu\u00e7\u00e3o de Custos oriundos da contrata\u00e7\u00e3o de \u201cfolguistas\u201d ou substitutos;<\/p>\n\n\n\n<p>\u2022&nbsp;&nbsp;&nbsp;&nbsp;&nbsp;&nbsp;&nbsp; Redu\u00e7\u00e3o de Custos de Horas Extras para substitui\u00e7\u00e3o de funcion\u00e1rios faltantes;<\/p>\n\n\n\n<p>\u2022&nbsp;&nbsp;&nbsp;&nbsp;&nbsp;&nbsp;&nbsp; Redu\u00e7\u00e3o de atrasos e sa\u00eddas antecipadas por motivo de doen\u00e7a;<\/p>\n\n\n\n<p>\u2022&nbsp;&nbsp;&nbsp;&nbsp;&nbsp;&nbsp;&nbsp; Possibilidade de acompanhamento das faltas dos funcion\u00e1rios \u00e0s consultas agendadas;<\/p>\n\n\n\n<p>\u2022&nbsp;&nbsp;&nbsp;&nbsp;&nbsp;&nbsp;&nbsp; Possibilidade de acompanhamento do n\u00famero de consultas realizadas pelo funcion\u00e1rio;<\/p>\n\n\n\n<p>\u2022&nbsp;&nbsp;&nbsp;&nbsp;&nbsp;&nbsp;&nbsp; Abertura para esclarecimento de d\u00favidas quanto a atestados ou encaminhamentos para afastamento pelo INSS;<\/p>\n\n\n\n<p>\u2022&nbsp;&nbsp;&nbsp;&nbsp;&nbsp;&nbsp;&nbsp; Possibilidade de programar as consultas e agendar por telefone, evitando o excesso de agendamento de consultas durante o hor\u00e1rio de expediente, especialmente para empresas e condom\u00ednios que utilizem regime de turnos de trabalho.<\/p>\n\n\n\n<p>\u2022&nbsp;&nbsp;&nbsp;&nbsp;&nbsp;&nbsp;&nbsp; Eleva\u00e7\u00e3o do rendimento e da produtividade do trabalhador<\/p>\n\n\n\n<p>\u2022&nbsp;&nbsp;&nbsp;&nbsp;&nbsp;&nbsp;&nbsp; Eleva\u00e7\u00e3o da auto estima e da qualidade do trabalho em virtude da valoriza\u00e7\u00e3o do indiv\u00edduo.<\/p>\n","protected":false},"excerpt":{"rendered":"<p>Benef\u00edcios Diretos e Indiretos para o Empregador: \u2022&nbsp;&nbsp;&nbsp;&nbsp;&nbsp;&nbsp;&nbsp; Redu\u00e7\u00e3o de Custos Trabalhista atrav\u00e9s da redu\u00e7\u00e3o do absentismo (dias de afastamento por atestado m\u00e9dico).&nbsp; Ap\u00f3s a implanta\u00e7\u00e3o do SecoviMed-PR foi observada redu\u00e7\u00e3o de 35% no n\u00famero de dias de afastamento m\u00e9dico; \u2022&nbsp;&nbsp;&nbsp;&nbsp;&nbsp;&nbsp;&nbsp; Redu\u00e7\u00e3o de Custos oriundos da contrata\u00e7\u00e3o de \u201cfolguistas\u201d ou substitutos; \u2022&nbsp;&nbsp;&nbsp;&nbsp;&nbsp;&nbsp;&nbsp; Redu\u00e7\u00e3o de Custos [&hellip;]<\/p>\n","protected":false},"author":1,"featured_media":0,"parent":0,"menu_order":0,"comment_status":"closed","ping_status":"closed","template":"","meta":[],"acf":[],"yoast_head":"<!-- This site is optimized with the Yoast SEO plugin v17.9 - https:\/\/yoast.com\/wordpress\/plugins\/seo\/ -->\n<title>Benef\u00edcios do empregador - SecoviMed - Londrina<\/title>\n<meta name=\"robots\" content=\"noindex, follow, max-snippet:-1, max-image-preview:large, max-video-preview:-1\" \/>\n<meta property=\"og:locale\" content=\"pt_BR\" \/>\n<meta property=\"og:type\" content=\"article\" \/>\n<meta property=\"og:title\" content=\"Benef\u00edcios do empregador - SecoviMed - Londrina\" \/>\n<meta property=\"og:description\" content=\"Benef\u00edcios Diretos e Indiretos para o Empregador: \u2022&nbsp;&nbsp;&nbsp;&nbsp;&nbsp;&nbsp;&nbsp; Redu\u00e7\u00e3o de Custos Trabalhista atrav\u00e9s da redu\u00e7\u00e3o do absentismo (dias de afastamento por atestado m\u00e9dico).&nbsp; Ap\u00f3s a implanta\u00e7\u00e3o do SecoviMed-PR foi observada redu\u00e7\u00e3o de 35% no n\u00famero de dias de afastamento m\u00e9dico; \u2022&nbsp;&nbsp;&nbsp;&nbsp;&nbsp;&nbsp;&nbsp; Redu\u00e7\u00e3o de Custos oriundos da contrata\u00e7\u00e3o de \u201cfolguistas\u201d ou substitutos; \u2022&nbsp;&nbsp;&nbsp;&nbsp;&nbsp;&nbsp;&nbsp; Redu\u00e7\u00e3o de Custos [&hellip;]\" \/>\n<meta property=\"og:url\" content=\"https:\/\/secovimed-pr.com.br\/londrina\/beneficios-do-empregador\/\" \/>\n<meta property=\"og:site_name\" content=\"SecoviMed - Londrina\" \/>\n<meta property=\"article:modified_time\" content=\"2022-07-18T17:39:54+00:00\" \/>\n<meta name=\"twitter:card\" content=\"summary_large_image\" \/>\n<meta name=\"twitter:label1\" content=\"Est. tempo de leitura\" \/>\n\t<meta name=\"twitter:data1\" content=\"1 minuto\" \/>\n<script type=\"application\/ld+json\" class=\"yoast-schema-graph\">{\"@context\":\"https:\/\/schema.org\",\"@graph\":[{\"@type\":\"WebSite\",\"@id\":\"https:\/\/secovimed-pr.com.br\/londrina\/#website\",\"url\":\"https:\/\/secovimed-pr.com.br\/londrina\/\",\"name\":\"SecoviMed - Londrina\",\"description\":\"Servi\\u00e7o Social da Habita\\u00e7\\u00e3o\",\"potentialAction\":[{\"@type\":\"SearchAction\",\"target\":{\"@type\":\"EntryPoint\",\"urlTemplate\":\"https:\/\/secovimed-pr.com.br\/londrina\/?s={search_term_string}\"},\"query-input\":\"required name=search_term_string\"}],\"inLanguage\":\"pt-BR\"},{\"@type\":\"WebPage\",\"@id\":\"https:\/\/secovimed-pr.com.br\/londrina\/beneficios-do-empregador\/#webpage\",\"url\":\"https:\/\/secovimed-pr.com.br\/londrina\/beneficios-do-empregador\/\",\"name\":\"Benef\\u00edcios do empregador - SecoviMed - Londrina\",\"isPartOf\":{\"@id\":\"https:\/\/secovimed-pr.com.br\/londrina\/#website\"},\"datePublished\":\"2022-05-11T19:28:11+00:00\",\"dateModified\":\"2022-07-18T17:39:54+00:00\",\"breadcrumb\":{\"@id\":\"https:\/\/secovimed-pr.com.br\/londrina\/beneficios-do-empregador\/#breadcrumb\"},\"inLanguage\":\"pt-BR\",\"potentialAction\":[{\"@type\":\"ReadAction\",\"target\":[\"https:\/\/secovimed-pr.com.br\/londrina\/beneficios-do-empregador\/\"]}]},{\"@type\":\"BreadcrumbList\",\"@id\":\"https:\/\/secovimed-pr.com.br\/londrina\/beneficios-do-empregador\/#breadcrumb\",\"itemListElement\":[{\"@type\":\"ListItem\",\"position\":1,\"name\":\"In\\u00edcio\",\"item\":\"https:\/\/secovimed-pr.com.br\/londrina\/\"},{\"@type\":\"ListItem\",\"position\":2,\"name\":\"Benef\\u00edcios do empregador\"}]}]}<\/script>\n<!-- \/ Yoast SEO plugin. -->","yoast_head_json":{"title":"Benef\u00edcios do empregador - SecoviMed - Londrina","robots":{"index":"noindex","follow":"follow","max-snippet":"max-snippet:-1","max-image-preview":"max-image-preview:large","max-video-preview":"max-video-preview:-1"},"og_locale":"pt_BR","og_type":"article","og_title":"Benef\u00edcios do empregador - SecoviMed - Londrina","og_description":"Benef\u00edcios Diretos e Indiretos para o Empregador: \u2022&nbsp;&nbsp;&nbsp;&nbsp;&nbsp;&nbsp;&nbsp; Redu\u00e7\u00e3o de Custos Trabalhista atrav\u00e9s da redu\u00e7\u00e3o do absentismo (dias de afastamento por atestado m\u00e9dico).&nbsp; Ap\u00f3s a implanta\u00e7\u00e3o do SecoviMed-PR foi observada redu\u00e7\u00e3o de 35% no n\u00famero de dias de afastamento m\u00e9dico; \u2022&nbsp;&nbsp;&nbsp;&nbsp;&nbsp;&nbsp;&nbsp; Redu\u00e7\u00e3o de Custos oriundos da contrata\u00e7\u00e3o de \u201cfolguistas\u201d ou substitutos; \u2022&nbsp;&nbsp;&nbsp;&nbsp;&nbsp;&nbsp;&nbsp; Redu\u00e7\u00e3o de Custos [&hellip;]","og_url":"https:\/\/secovimed-pr.com.br\/londrina\/beneficios-do-empregador\/","og_site_name":"SecoviMed - Londrina","article_modified_time":"2022-07-18T17:39:54+00:00","twitter_card":"summary_large_image","twitter_misc":{"Est. tempo de leitura":"1 minuto"},"schema":{"@context":"https:\/\/schema.org","@graph":[{"@type":"WebSite","@id":"https:\/\/secovimed-pr.com.br\/londrina\/#website","url":"https:\/\/secovimed-pr.com.br\/londrina\/","name":"SecoviMed - Londrina","description":"Servi\u00e7o Social da Habita\u00e7\u00e3o","potentialAction":[{"@type":"SearchAction","target":{"@type":"EntryPoint","urlTemplate":"https:\/\/secovimed-pr.com.br\/londrina\/?s={search_term_string}"},"query-input":"required name=search_term_string"}],"inLanguage":"pt-BR"},{"@type":"WebPage","@id":"https:\/\/secovimed-pr.com.br\/londrina\/beneficios-do-empregador\/#webpage","url":"https:\/\/secovimed-pr.com.br\/londrina\/beneficios-do-empregador\/","name":"Benef\u00edcios do empregador - SecoviMed - Londrina","isPartOf":{"@id":"https:\/\/secovimed-pr.com.br\/londrina\/#website"},"datePublished":"2022-05-11T19:28:11+00:00","dateModified":"2022-07-18T17:39:54+00:00","breadcrumb":{"@id":"https:\/\/secovimed-pr.com.br\/londrina\/beneficios-do-empregador\/#breadcrumb"},"inLanguage":"pt-BR","potentialAction":[{"@type":"ReadAction","target":["https:\/\/secovimed-pr.com.br\/londrina\/beneficios-do-empregador\/"]}]},{"@type":"BreadcrumbList","@id":"https:\/\/secovimed-pr.com.br\/londrina\/beneficios-do-empregador\/#breadcrumb","itemListElement":[{"@type":"ListItem","position":1,"name":"In\u00edcio","item":"https:\/\/secovimed-pr.com.br\/londrina\/"},{"@type":"ListItem","position":2,"name":"Benef\u00edcios do empregador"}]}]}},"_links":{"self":[{"href":"https:\/\/secovimed-pr.com.br\/londrina\/wp-json\/wp\/v2\/pages\/325"}],"collection":[{"href":"https:\/\/secovimed-pr.com.br\/londrina\/wp-json\/wp\/v2\/pages"}],"about":[{"href":"https:\/\/secovimed-pr.com.br\/londrina\/wp-json\/wp\/v2\/types\/page"}],"author":[{"embeddable":true,"href":"https:\/\/secovimed-pr.com.br\/londrina\/wp-json\/wp\/v2\/users\/1"}],"replies":[{"embeddable":true,"href":"https:\/\/secovimed-pr.com.br\/londrina\/wp-json\/wp\/v2\/comments?post=325"}],"version-history":[{"count":2,"href":"https:\/\/secovimed-pr.com.br\/londrina\/wp-json\/wp\/v2\/pages\/325\/revisions"}],"predecessor-version":[{"id":890,"href":"https:\/\/secovimed-pr.com.br\/londrina\/wp-json\/wp\/v2\/pages\/325\/revisions\/890"}],"wp:attachment":[{"href":"https:\/\/secovimed-pr.com.br\/londrina\/wp-json\/wp\/v2\/media?parent=325"}],"curies":[{"name":"wp","href":"https:\/\/api.w.org\/{rel}","templated":true}]}}