{"id":323,"date":"2022-05-11T16:26:44","date_gmt":"2022-05-11T19:26:44","guid":{"rendered":"https:\/\/londrina.secovimed-pr.com.br\/?page_id=323"},"modified":"2023-02-10T11:48:04","modified_gmt":"2023-02-10T14:48:04","slug":"expediente","status":"publish","type":"page","link":"https:\/\/secovimed-pr.com.br\/londrina\/expediente\/","title":{"rendered":"Expediente"},"content":{"rendered":"\n<p><strong><\/strong><\/p>\n\n\n\n<p>Marla Cristian Joaquin<br>Gerente Executivo<br><a href=\"https:\/\/web.archive.org\/web\/20200704204036\/mailto:eron@londrina.secovimed-pr.com.br\">gerencia@secovimedlondrina.com.br<\/a><br>(43) 3344-0412<\/p>\n\n\n\n<p>Vagner Magalh\u00e3es \u00a0<br>T\u00e9cnico em Seguran\u00e7a do Trabalho<br><a href=\"https:\/\/web.archive.org\/web\/20200704204036\/mailto:assadm@londrina.secovimed-pr.com.br\">mo@secovimedlondrina.com.br<\/a><br>(43) 3344-0408<\/p>\n\n\n\n<p>Isabella Cristina da Silva Faria<br>Cadastros<br><a href=\"https:\/\/web.archive.org\/web\/20200704204036\/mailto:cadastro@londrina.secovimed-pr.com.br\">cadastro@secovimedlondrina.com,br<\/a><br>(43) 3344-0408<\/p>\n\n\n\n<p>Luiz Henrique Conte<br>Recursos Humanos<br><a href=\"https:\/\/web.archive.org\/web\/20200704204036\/mailto:assadm@londrina.secovimed-pr.com.br\">rh@secovimedlondrina.com.br<\/a><br>(43) 3344-0408<\/p>\n\n\n\n<p>Priscila Nunes Fabri<br>Financeiro<br>rp@secovimedlondrina.com.br<br>(43) 3344-0408<\/p>\n\n\n\n<p>Luciana da Silva Vilas Boas<br>T\u00e9cnica em Seguran\u00e7a do Trabalho<br><a href=\"https:\/\/web.archive.org\/web\/20200704204036\/mailto:cadastro@londrina.secovimed-pr.com.br\">mo@secovimedlondrina.com.br<\/a><br>(41) 3259 6261<\/p>\n\n\n\n<p>Liliane do Valle Ciccozzi<br>Comunica\u00e7\u00e3o<br><a href=\"https:\/\/web.archive.org\/web\/20200704204036\/mailto:administracao@londrina.secovimed-pr.com.br\">administracao@londrina.secovimed-pr.com.br<\/a><br>(43) 3344-0408<\/p>\n\n\n\n<p><\/p>\n\n\n\n<p>Ives Marcelo Molina Serrato Quaglio<br>Assessor Comercial<br><a href=\"https:\/\/web.archive.org\/web\/20200704204036\/mailto:administracao@londrina.secovimed-pr.com.br\">comercial@secovimedlondrina.com.br<\/a><br>(43) 3344-0408<\/p>\n\n\n\n<p>Dr.Caio Cesar Takeshi Matsubara \u2013 CRM 33753-PR<br>Coordenador M\u00e9dico<br>(43) 3344-0408<\/p>\n\n\n\n<p>Jarbas Jos\u00e9 Veiga \u2013 CRO 9889-PR<br>Coordenador Odontol\u00f3gico<br>(43) 3344-0408<\/p>\n","protected":false},"excerpt":{"rendered":"<p>Marla Cristian JoaquinGerente Executivogerencia@secovimedlondrina.com.br(43) 3344-0412 Vagner Magalh\u00e3es \u00a0T\u00e9cnico em Seguran\u00e7a do Trabalhomo@secovimedlondrina.com.br(43) 3344-0408 Isabella Cristina da Silva FariaCadastroscadastro@secovimedlondrina.com,br(43) 3344-0408 Luiz Henrique ConteRecursos Humanosrh@secovimedlondrina.com.br(43) 3344-0408 Priscila Nunes FabriFinanceirorp@secovimedlondrina.com.br(43) 3344-0408 Luciana da Silva Vilas BoasT\u00e9cnica em Seguran\u00e7a do Trabalhomo@secovimedlondrina.com.br(41) 3259 6261 Liliane do Valle CiccozziComunica\u00e7\u00e3oadministracao@londrina.secovimed-pr.com.br(43) 3344-0408 Ives Marcelo Molina Serrato QuaglioAssessor Comercialcomercial@secovimedlondrina.com.br(43) 3344-0408 Dr.Caio Cesar Takeshi Matsubara [&hellip;]<\/p>\n","protected":false},"author":1,"featured_media":0,"parent":0,"menu_order":0,"comment_status":"closed","ping_status":"closed","template":"","meta":[],"acf":[],"yoast_head":"<!-- This site is optimized with the Yoast SEO plugin v17.9 - https:\/\/yoast.com\/wordpress\/plugins\/seo\/ -->\n<title>Expediente - SecoviMed - Londrina<\/title>\n<meta name=\"robots\" content=\"noindex, follow, max-snippet:-1, max-image-preview:large, max-video-preview:-1\" \/>\n<meta property=\"og:locale\" content=\"pt_BR\" \/>\n<meta property=\"og:type\" content=\"article\" \/>\n<meta property=\"og:title\" content=\"Expediente - SecoviMed - Londrina\" \/>\n<meta property=\"og:description\" content=\"Marla Cristian JoaquinGerente Executivogerencia@secovimedlondrina.com.br(43) 3344-0412 Vagner Magalh\u00e3es \u00a0T\u00e9cnico em Seguran\u00e7a do Trabalhomo@secovimedlondrina.com.br(43) 3344-0408 Isabella Cristina da Silva FariaCadastroscadastro@secovimedlondrina.com,br(43) 3344-0408 Luiz Henrique ConteRecursos Humanosrh@secovimedlondrina.com.br(43) 3344-0408 Priscila Nunes FabriFinanceirorp@secovimedlondrina.com.br(43) 3344-0408 Luciana da Silva Vilas BoasT\u00e9cnica em Seguran\u00e7a do Trabalhomo@secovimedlondrina.com.br(41) 3259 6261 Liliane do Valle CiccozziComunica\u00e7\u00e3oadministracao@londrina.secovimed-pr.com.br(43) 3344-0408 Ives Marcelo Molina Serrato QuaglioAssessor Comercialcomercial@secovimedlondrina.com.br(43) 3344-0408 Dr.Caio Cesar Takeshi Matsubara [&hellip;]\" \/>\n<meta property=\"og:url\" content=\"https:\/\/secovimed-pr.com.br\/londrina\/expediente\/\" \/>\n<meta property=\"og:site_name\" content=\"SecoviMed - Londrina\" \/>\n<meta property=\"article:modified_time\" content=\"2023-02-10T14:48:04+00:00\" \/>\n<meta name=\"twitter:card\" content=\"summary_large_image\" \/>\n<meta name=\"twitter:label1\" content=\"Est. tempo de leitura\" \/>\n\t<meta name=\"twitter:data1\" content=\"1 minuto\" \/>\n<script type=\"application\/ld+json\" class=\"yoast-schema-graph\">{\"@context\":\"https:\/\/schema.org\",\"@graph\":[{\"@type\":\"WebSite\",\"@id\":\"https:\/\/secovimed-pr.com.br\/londrina\/#website\",\"url\":\"https:\/\/secovimed-pr.com.br\/londrina\/\",\"name\":\"SecoviMed - Londrina\",\"description\":\"Servi\\u00e7o Social da Habita\\u00e7\\u00e3o\",\"potentialAction\":[{\"@type\":\"SearchAction\",\"target\":{\"@type\":\"EntryPoint\",\"urlTemplate\":\"https:\/\/secovimed-pr.com.br\/londrina\/?s={search_term_string}\"},\"query-input\":\"required name=search_term_string\"}],\"inLanguage\":\"pt-BR\"},{\"@type\":\"WebPage\",\"@id\":\"https:\/\/secovimed-pr.com.br\/londrina\/expediente\/#webpage\",\"url\":\"https:\/\/secovimed-pr.com.br\/londrina\/expediente\/\",\"name\":\"Expediente - SecoviMed - Londrina\",\"isPartOf\":{\"@id\":\"https:\/\/secovimed-pr.com.br\/londrina\/#website\"},\"datePublished\":\"2022-05-11T19:26:44+00:00\",\"dateModified\":\"2023-02-10T14:48:04+00:00\",\"breadcrumb\":{\"@id\":\"https:\/\/secovimed-pr.com.br\/londrina\/expediente\/#breadcrumb\"},\"inLanguage\":\"pt-BR\",\"potentialAction\":[{\"@type\":\"ReadAction\",\"target\":[\"https:\/\/secovimed-pr.com.br\/londrina\/expediente\/\"]}]},{\"@type\":\"BreadcrumbList\",\"@id\":\"https:\/\/secovimed-pr.com.br\/londrina\/expediente\/#breadcrumb\",\"itemListElement\":[{\"@type\":\"ListItem\",\"position\":1,\"name\":\"In\\u00edcio\",\"item\":\"https:\/\/secovimed-pr.com.br\/londrina\/\"},{\"@type\":\"ListItem\",\"position\":2,\"name\":\"Expediente\"}]}]}<\/script>\n<!-- \/ Yoast SEO plugin. -->","yoast_head_json":{"title":"Expediente - SecoviMed - Londrina","robots":{"index":"noindex","follow":"follow","max-snippet":"max-snippet:-1","max-image-preview":"max-image-preview:large","max-video-preview":"max-video-preview:-1"},"og_locale":"pt_BR","og_type":"article","og_title":"Expediente - SecoviMed - Londrina","og_description":"Marla Cristian JoaquinGerente Executivogerencia@secovimedlondrina.com.br(43) 3344-0412 Vagner Magalh\u00e3es \u00a0T\u00e9cnico em Seguran\u00e7a do Trabalhomo@secovimedlondrina.com.br(43) 3344-0408 Isabella Cristina da Silva FariaCadastroscadastro@secovimedlondrina.com,br(43) 3344-0408 Luiz Henrique ConteRecursos Humanosrh@secovimedlondrina.com.br(43) 3344-0408 Priscila Nunes FabriFinanceirorp@secovimedlondrina.com.br(43) 3344-0408 Luciana da Silva Vilas BoasT\u00e9cnica em Seguran\u00e7a do Trabalhomo@secovimedlondrina.com.br(41) 3259 6261 Liliane do Valle CiccozziComunica\u00e7\u00e3oadministracao@londrina.secovimed-pr.com.br(43) 3344-0408 Ives Marcelo Molina Serrato QuaglioAssessor Comercialcomercial@secovimedlondrina.com.br(43) 3344-0408 Dr.Caio Cesar Takeshi Matsubara [&hellip;]","og_url":"https:\/\/secovimed-pr.com.br\/londrina\/expediente\/","og_site_name":"SecoviMed - Londrina","article_modified_time":"2023-02-10T14:48:04+00:00","twitter_card":"summary_large_image","twitter_misc":{"Est. tempo de leitura":"1 minuto"},"schema":{"@context":"https:\/\/schema.org","@graph":[{"@type":"WebSite","@id":"https:\/\/secovimed-pr.com.br\/londrina\/#website","url":"https:\/\/secovimed-pr.com.br\/londrina\/","name":"SecoviMed - Londrina","description":"Servi\u00e7o Social da Habita\u00e7\u00e3o","potentialAction":[{"@type":"SearchAction","target":{"@type":"EntryPoint","urlTemplate":"https:\/\/secovimed-pr.com.br\/londrina\/?s={search_term_string}"},"query-input":"required name=search_term_string"}],"inLanguage":"pt-BR"},{"@type":"WebPage","@id":"https:\/\/secovimed-pr.com.br\/londrina\/expediente\/#webpage","url":"https:\/\/secovimed-pr.com.br\/londrina\/expediente\/","name":"Expediente - SecoviMed - Londrina","isPartOf":{"@id":"https:\/\/secovimed-pr.com.br\/londrina\/#website"},"datePublished":"2022-05-11T19:26:44+00:00","dateModified":"2023-02-10T14:48:04+00:00","breadcrumb":{"@id":"https:\/\/secovimed-pr.com.br\/londrina\/expediente\/#breadcrumb"},"inLanguage":"pt-BR","potentialAction":[{"@type":"ReadAction","target":["https:\/\/secovimed-pr.com.br\/londrina\/expediente\/"]}]},{"@type":"BreadcrumbList","@id":"https:\/\/secovimed-pr.com.br\/londrina\/expediente\/#breadcrumb","itemListElement":[{"@type":"ListItem","position":1,"name":"In\u00edcio","item":"https:\/\/secovimed-pr.com.br\/londrina\/"},{"@type":"ListItem","position":2,"name":"Expediente"}]}]}},"_links":{"self":[{"href":"https:\/\/secovimed-pr.com.br\/londrina\/wp-json\/wp\/v2\/pages\/323"}],"collection":[{"href":"https:\/\/secovimed-pr.com.br\/londrina\/wp-json\/wp\/v2\/pages"}],"about":[{"href":"https:\/\/secovimed-pr.com.br\/londrina\/wp-json\/wp\/v2\/types\/page"}],"author":[{"embeddable":true,"href":"https:\/\/secovimed-pr.com.br\/londrina\/wp-json\/wp\/v2\/users\/1"}],"replies":[{"embeddable":true,"href":"https:\/\/secovimed-pr.com.br\/londrina\/wp-json\/wp\/v2\/comments?post=323"}],"version-history":[{"count":3,"href":"https:\/\/secovimed-pr.com.br\/londrina\/wp-json\/wp\/v2\/pages\/323\/revisions"}],"predecessor-version":[{"id":937,"href":"https:\/\/secovimed-pr.com.br\/londrina\/wp-json\/wp\/v2\/pages\/323\/revisions\/937"}],"wp:attachment":[{"href":"https:\/\/secovimed-pr.com.br\/londrina\/wp-json\/wp\/v2\/media?parent=323"}],"curies":[{"name":"wp","href":"https:\/\/api.w.org\/{rel}","templated":true}]}}